{"id":2175,"date":"2023-07-27T12:02:30","date_gmt":"2023-07-27T12:02:30","guid":{"rendered":"https:\/\/usta.bf\/?page_id=2175"},"modified":"2025-07-30T14:40:51","modified_gmt":"2025-07-30T14:40:51","slug":"reinscription","status":"publish","type":"page","link":"https:\/\/usta.bf\/?page_id=2175","title":{"rendered":"R\u00e9inscription"},"content":{"rendered":"<div data-colibri-id=\"2175-c1\" class=\"style-1410 style-local-2175-c1 position-relative\">\n  <!---->\n  <div data-colibri-component=\"section\" data-colibri-id=\"2175-c2\" id=\"custom\" class=\"h-section h-section-global-spacing d-flex align-items-lg-center align-items-md-center align-items-center style-1411 style-local-2175-c2 position-relative\">\n    <!---->\n    <!---->\n    <div class=\"h-section-grid-container h-section-boxed-container\">\n      <!---->\n      <div data-colibri-id=\"2175-c3\" class=\"h-row-container gutters-row-lg-2 gutters-row-md-2 gutters-row-0 gutters-row-v-lg-2 gutters-row-v-md-2 gutters-row-v-2 style-1412 style-local-2175-c3 position-relative\">\n        <!---->\n        <div class=\"h-row justify-content-lg-center justify-content-md-center justify-content-center align-items-lg-stretch align-items-md-stretch align-items-stretch gutters-col-lg-2 gutters-col-md-2 gutters-col-0 gutters-col-v-lg-2 gutters-col-v-md-2 gutters-col-v-2\">\n          <!---->\n          <div class=\"h-column h-column-container d-flex h-col-lg-auto h-col-md-auto h-col-auto style-1413-outer style-local-2175-c4-outer\">\n            <div data-colibri-id=\"2175-c4\" class=\"d-flex h-flex-basis h-column__inner h-px-lg-2 h-px-md-2 h-px-2 v-inner-lg-2 v-inner-md-2 v-inner-2 style-1413 style-local-2175-c4 position-relative\">\n              <!---->\n              <!---->\n              <div class=\"w-100 h-y-container h-column__content h-column__v-align flex-basis-100 align-self-lg-start align-self-md-start align-self-start\">\n                <!---->\n                <div data-colibri-id=\"2175-c5\" class=\"h-text h-text-component style-1414 style-local-2175-c5 position-relative h-element\">\n                  <!---->\n                  <!---->\n                  <div class=\"\">\n                    <p>Elle concerne tous les anciens \u00e9tudiants de l\u2019USTA qui souhaitent y poursuivre leurs \u00e9tudes et est obligatoire chaque ann\u00e9e. Chaque \u00e9tudiant devra d\u00e9poser un dossier de r\u00e9inscription complet dans les d\u00e9lais pr\u00e9vus.<\/p>\n                  <\/div>\n                <\/div>\n              <\/div>\n            <\/div>\n          <\/div>\n        <\/div>\n      <\/div>\n      <div data-colibri-id=\"2175-c6\" class=\"h-row-container gutters-row-lg-2 gutters-row-md-2 gutters-row-0 gutters-row-v-lg-2 gutters-row-v-md-2 gutters-row-v-2 style-1422 style-local-2175-c6 position-relative\">\n        <!---->\n        <div class=\"h-row justify-content-lg-center justify-content-md-center justify-content-center align-items-lg-stretch align-items-md-stretch align-items-stretch gutters-col-lg-2 gutters-col-md-2 gutters-col-0 gutters-col-v-lg-2 gutters-col-v-md-2 gutters-col-v-2\">\n          <!---->\n          <div class=\"h-column h-column-container d-flex h-col-lg-auto h-col-md-auto h-col-auto style-1423-outer style-local-2175-c7-outer\">\n            <div data-colibri-id=\"2175-c7\" class=\"d-flex h-flex-basis h-column__inner h-px-lg-2 h-px-md-2 h-px-2 v-inner-lg-2 v-inner-md-2 v-inner-2 style-1423 style-local-2175-c7 position-relative\">\n              <!---->\n              <!---->\n              <div class=\"w-100 h-y-container h-column__content h-column__v-align flex-basis-100 align-self-lg-start align-self-md-start align-self-start\">\n                <!---->\n                <div data-colibri-component=\"tabs\" data-colibri-id=\"2175-c8\" class=\"h-tabs h-tabs-vertical h-tabs--vertical--auto-lg h-tabs--vertical--auto-md h-tabs--vertical--full h-tabs h-tabs-vertical h-tabs--vertical--auto-lg h-tabs--vertical--auto-md h-tabs--vertical--full style-1415 style-local-2175-c8 position-relative h-element\">\n                  <!---->\n                  <div class=\"h-tabs-navigation d-flex h-tabs-navigation-vertical\">\n                    <a href=\"#la-composition-du-dossier-de-reinscription-2\" class=\"h-tabs-navigation-item d-flex align-items-center h-global-transition h-tabs-navigation-active-item h-custom-active-state\" rel=\"#la-composition-du-dossier-de-reinscription-2\">\n                      <!----><span class=\"h-tabs-navigation-item__text\">La composition du dossier de r\u00e9inscription<\/span><\/a>\n                    <a href=\"#depot-du-dossier-de-reinscription-2\" class=\"h-tabs-navigation-item d-flex align-items-center h-global-transition\" rel=\"#depot-du-dossier-de-reinscription-2\">\n                      <!----><span class=\"h-tabs-navigation-item__text\">D\u00e9p\u00f4t du dossier de r\u00e9inscription<\/span><\/a>\n                    <a href=\"#suivi-de-votre-demande-de-reinscription\" class=\"h-tabs-navigation-item d-flex align-items-center h-global-transition\" rel=\"#suivi-de-votre-demande-de-reinscription\">\n                      <!----><span class=\"h-tabs-navigation-item__text\">Suivi de votre demande de r\u00e9inscription<\/span><\/a>\n                    <a href=\"#reglement-des-frais-de-reinscription-et-de-scolarite-2\" class=\"h-tabs-navigation-item d-flex align-items-center h-global-transition\"\n                      rel=\"#reglement-des-frais-de-reinscription-et-de-scolarite-2\">\n                      <!----><span class=\"h-tabs-navigation-item__text\">R\u00e8glement des frais de r\u00e9inscription et de scolarit\u00e9<\/span><\/a>\n                  <\/div>\n                  <div id=\"la-composition-du-dossier-de-reinscription-2\" skip-smooth-scroll=\"true\" skip-scroll-spy=\"true\" data-colibri-id=\"2175-c9\" class=\"h-tabs-item-content h-tabs-item h-tabs-content-vertical h-tabs-content-2175-c9 style-1416 style-local-2175-c9 position-relative h-element h-tabs-content-active\">\n                    <!---->\n                    <div class=\"w-100 h-y-container\">\n                      <!---->\n                      <div data-colibri-id=\"2175-c10\" class=\"icon-list d-flex justify-content-lg-start justify-content-md-start justify-content-start style-1424 style-local-2175-c10 position-relative h-element\">\n                        <!---->\n                        <ul class=\"ul-list-icon vertical-on-desktop vertical-on-tablet vertical-on-mobile justify-content-lg-start justify-content-md-start justify-content-start\">\n                          <!---->\n                          <li class=\"list-item no-gutters\">\n                            <!---->\n                            <div class=\"list-container-divider d-flex justify-content-lg-start justify-content-md-start justify-content-start first-el-spacer\"><\/div> <span class=\"item-link no-gutters\"><div class=\"d-flex h-col no-gutters align-items-lg-center align-items-md-center align-items-center list-item-text-wrapper\"><div class=\"d-flex\"><span  class=\"h-svg-icon style-1424-icon style-local-2175-c10-icon\"><!--Icon by Font Awesome (https:\/\/fontawesome.com)-->\n    <svg version=\"1.1\" xmlns=\"http:\/\/www.w3.org\/2000\/svg\" xmlns:xlink=\"http:\/\/www.w3.org\/1999\/xlink\" id=\"list-alt\" viewBox=\"0 0 1792 1896.0833\">\n      <path d=\"M384 1184v64q0 13-9.5 22.5T352 1280h-64q-13 0-22.5-9.5T256 1248v-64q0-13 9.5-22.5t22.5-9.5h64q13 0 22.5 9.5t9.5 22.5zm0-256v64q0 13-9.5 22.5T352 1024h-64q-13 0-22.5-9.5T256 992v-64q0-13 9.5-22.5T288 896h64q13 0 22.5 9.5T384 928zm0-256v64q0 13-9.5 22.5T352 768h-64q-13 0-22.5-9.5T256 736v-64q0-13 9.5-22.5T288 640h64q13 0 22.5 9.5T384 672zm1152 512v64q0 13-9.5 22.5t-22.5 9.5H544q-13 0-22.5-9.5T512 1248v-64q0-13 9.5-22.5t22.5-9.5h960q13 0 22.5 9.5t9.5 22.5zm0-256v64q0 13-9.5 22.5t-22.5 9.5H544q-13 0-22.5-9.5T512 992v-64q0-13 9.5-22.5T544 896h960q13 0 22.5 9.5t9.5 22.5zm0-256v64q0 13-9.5 22.5T1504 768H544q-13 0-22.5-9.5T512 736v-64q0-13 9.5-22.5T544 640h960q13 0 22.5 9.5t9.5 22.5zm128 704V544q0-13-9.5-22.5T1632 512H160q-13 0-22.5 9.5T128 544v832q0 13 9.5 22.5t22.5 9.5h1472q13 0 22.5-9.5t9.5-22.5zm128-1088v1088q0 66-47 113t-113 47H160q-66 0-113-47T0 1376V288q0-66 47-113t113-47h1472q66 0 113 47t47 113z\"><\/path>\n    <\/svg><\/span><\/div> <span class=\"list-text d-block\"><span>Les formulaires de r\u00e9inscription pour les licences, les masters ou les doctorats (\u00e0 t\u00e9l\u00e9charger ou \u00e0 retirer \u00e0 l\u2019USTA) ; <\/span><\/span>\n                    <\/div>\n                    <\/span>\n                    <div class=\"list-container-divider d-flex justify-content-lg-start justify-content-md-start justify-content-start\">\n                      <!---->\n                    <\/div>\n                    <\/li>\n                    <li class=\"list-item no-gutters\">\n                      <!---->\n                      <!----><span class=\"item-link no-gutters\"><div class=\"d-flex h-col no-gutters align-items-lg-center align-items-md-center align-items-center list-item-text-wrapper\"><div class=\"d-flex\"><span  class=\"h-svg-icon style-1424-icon style-local-2175-c10-icon\"><!--Icon by Font Awesome (https:\/\/fontawesome.com)-->\n    <svg version=\"1.1\" xmlns=\"http:\/\/www.w3.org\/2000\/svg\" xmlns:xlink=\"http:\/\/www.w3.org\/1999\/xlink\" id=\"th-list\" viewBox=\"0 0 1792 1896.0833\">\n      <path d=\"M512 1248v192q0 40-28 68t-68 28H96q-40 0-68-28t-28-68v-192q0-40 28-68t68-28h320q40 0 68 28t28 68zm0-512v192q0 40-28 68t-68 28H96q-40 0-68-28T0 928V736q0-40 28-68t68-28h320q40 0 68 28t28 68zm1280 512v192q0 40-28 68t-68 28H736q-40 0-68-28t-28-68v-192q0-40 28-68t68-28h960q40 0 68 28t28 68zM512 224v192q0 40-28 68t-68 28H96q-40 0-68-28T0 416V224q0-40 28-68t68-28h320q40 0 68 28t28 68zm1280 512v192q0 40-28 68t-68 28H736q-40 0-68-28t-28-68V736q0-40 28-68t68-28h960q40 0 68 28t28 68zm0-512v192q0 40-28 68t-68 28H736q-40 0-68-28t-28-68V224q0-40 28-68t68-28h960q40 0 68 28t28 68z\"><\/path>\n    <\/svg><\/span><\/div> <span class=\"list-text d-block\"><span>Un extrait des r\u00e9sultats : relev\u00e9s de notes et attestation s\u2019il y a lieu, obtenus \u00e0 l\u2019USTA au cours de l\u2019ann\u00e9e acad\u00e9mique pr\u00e9c\u00e9dente ;<\/span><\/span>\n                <\/div>\n                <\/span>\n                <div class=\"list-container-divider d-flex justify-content-lg-start justify-content-md-start justify-content-start\">\n                  <!---->\n                <\/div>\n                <\/li>\n                <li class=\"list-item no-gutters\">\n                  <!---->\n                  <!----><span class=\"item-link no-gutters\"><div class=\"d-flex h-col no-gutters align-items-lg-center align-items-md-center align-items-center list-item-text-wrapper\"><div class=\"d-flex\"><span  class=\"h-svg-icon style-1424-icon style-local-2175-c10-icon\"><!--Icon by Material Icons (https:\/\/material.io)--><svg version=\"1.1\" xmlns=\"http:\/\/www.w3.org\/2000\/svg\" xmlns:xlink=\"http:\/\/www.w3.org\/1999\/xlink\" id=\"perm_identity\" viewBox=\"0 0 512 512\"><path d=\"M186 286q38-9 70-9t70 9q38 9 69.5 30t31.5 47v64H85v-64q0-26 31.5-47t69.5-30zm10-175.5Q221 85 256 85t60 25.5q25 25.5 25 60.5t-25 60q-25 25-60 25t-60-25q-25-25-25-60t25-60.5zm147 224Q300 318 256 318t-87 16.5Q126 351 126 363v23h260v-23q0-12-43-28.5zM288 139q-13-13-32-13t-32 13q-13 13-13 32t13 31.5q13 12.5 32 12.5t32-12.5q13-12.5 13-31.5t-13-32z\"><\/path><\/svg><\/span><\/div>\n              <span class=\"list-text d-block\"><span>Une (01) photo d\u2019identit\u00e9 r\u00e9cente (indiquer votre nom, pr\u00e9nom(s), t\u00e9l\u00e9phone et fili\u00e8re au verso) ;<\/span><\/span>\n            <\/div>\n            <\/span>\n            <div class=\"list-container-divider d-flex justify-content-lg-start justify-content-md-start justify-content-start\">\n              <!---->\n            <\/div>\n            <\/li>\n            <li class=\"list-item no-gutters\">\n              <!---->\n              <!----><span class=\"item-link no-gutters\"><div class=\"d-flex h-col no-gutters align-items-lg-center align-items-md-center align-items-center list-item-text-wrapper\"><div class=\"d-flex\"><span  class=\"h-svg-icon style-1424-icon style-local-2175-c10-icon\"><!--Icon by Ionicons (https:\/\/ionicons.com)--><svg version=\"1.1\" xmlns=\"http:\/\/www.w3.org\/2000\/svg\" xmlns:xlink=\"http:\/\/www.w3.org\/1999\/xlink\" id=\"android-mail\" viewBox=\"0 0 448 512\"><path d=\"M405 80c23 0 43 20 43 43v266c0 23-20 43-43 43H43c-23 0-43-20-43-43V123c0-23 20-43 43-43h362zm-5 91v-43L224 245 48 128v43l176 117z\"><\/path><\/svg><\/span><\/div>\n          <span class=\"list-text d-block\"><span>Une enveloppe pochette de format A4 vierge contenant l\u2019ensemble du dossier<\/span><\/span>\n        <\/div>\n        <\/span>\n        <div class=\"list-container-divider d-flex justify-content-lg-start justify-content-md-start justify-content-start\" style=\"display: none;\">\n          <!---->\n        <\/div>\n        <div class=\"list-container-divider d-flex justify-content-lg-start justify-content-md-start justify-content-start last-el-spacer\"><\/div>\n        <\/li>\n        <\/ul>\n      <\/div>\n    <\/div>\n  <\/div>\n  <div id=\"depot-du-dossier-de-reinscription-2\" skip-smooth-scroll=\"true\" skip-scroll-spy=\"true\" data-colibri-id=\"2175-c11\" class=\"h-tabs-item-content h-tabs-item h-tabs-content-vertical h-tabs-content-2175-c11 style-1418 style-local-2175-c11 position-relative h-element hide\">\n    <!---->\n    <div class=\"w-100 h-y-container\">\n      <!---->\n      <div data-colibri-id=\"2175-c12\" class=\"h-text h-text-component style-1419 style-local-2175-c12 position-relative h-element\">\n        <!---->\n        <!---->\n        <div class=\"\">\n          <p>La r\u00e9ception des dossiers de r\u00e9inscription pour la nouvelle ann\u00e9e acad\u00e9mique se fera du <strong>10 juillet 2025<\/strong> au <strong>17 novembre 2025<\/strong> au rez-de-chauss\u00e9e du B\u00e2timent A de l\u2019USTA du lundi au vendredi pendant les heures\n            ouvrables. <\/p>\n          <p>La diligence \u00e0 se r\u00e9inscrire est indiqu\u00e9e.<\/p>\n        <\/div>\n      <\/div>\n    <\/div>\n  <\/div>\n  <div id=\"suivi-de-votre-demande-de-reinscription\" skip-smooth-scroll=\"true\" skip-scroll-spy=\"true\" data-colibri-id=\"2175-c13\" class=\"h-tabs-item-content h-tabs-item h-tabs-content-vertical h-tabs-content-2175-c13 style-1420 style-local-2175-c13 position-relative h-element hide\">\n    <!---->\n    <div class=\"w-100 h-y-container\">\n      <!---->\n      <div data-colibri-id=\"2175-c14\" class=\"h-text h-text-component style-1421 style-local-2175-c14 position-relative h-element\">\n        <!---->\n        <!---->\n        <div class=\"\">\n          <p>A l\u2019issue de l\u2019examen des dossiers, votre demande de r\u00e9inscription peut \u00eatre :<\/p>\n          <p>&#8211; Accept\u00e9e ;<\/p>\n          <p>&#8211; Accept\u00e9e sous r\u00e9serve de compl\u00e9ment du dossier ;<\/p>\n          <p>&#8211; Ou refus\u00e9e.<\/p>\n          <p>Il appartient \u00e0 chaque candidat de suivre son dossier afin d\u2019en \u00eatre inform\u00e9.<\/p>\n          <p>\n            <br>\n          <\/p>\n        <\/div>\n      <\/div>\n    <\/div>\n  <\/div>\n  <div id=\"reglement-des-frais-de-reinscription-et-de-scolarite-2\" skip-smooth-scroll=\"true\" skip-scroll-spy=\"true\" data-colibri-id=\"2175-c15\" class=\"h-tabs-item-content h-tabs-item h-tabs-content-vertical h-tabs-content-2175-c15 style-1425 style-local-2175-c15 position-relative h-element hide\">\n    <!---->\n    <div class=\"w-100 h-y-container\">\n      <!---->\n      <div data-colibri-id=\"2175-c16\" class=\"h-text h-text-component style-1426 style-local-2175-c16 position-relative h-element\">\n        <!---->\n        <!---->\n        <div class=\"\">\n          <p>Le paiement des frais de r\u00e9inscription et de scolarit\u00e9 est <strong>obligatoire<\/strong>. Il donne droit au statut d\u2019\u00e9tudiant.&nbsp;<\/p>\n          <p>Les \u00e9tudiants ayant d\u00e9pos\u00e9 leur dossier de r\u00e9inscription et qui ont \u00e9t\u00e9 accept\u00e9s doivent s&rsquo;acquitter de la totalit\u00e9 ou d\u2019au moins la premi\u00e8re tranche des frais de scolarit\u00e9 et de r\u00e9inscription avant le <strong>17 novembre 2025<\/strong>.<strong> <\/strong>&nbsp;<\/p>\n          <p>Pour le paiement des frais de r\u00e9inscription et de scolarit\u00e9, les candidats voudront bien <strong>retirer une autorisation de r\u00e9inscription \u00e0 la<\/strong> Direction des affaires acad\u00e9miques et scolaires (<strong>DAAS<\/strong>) avec les num\u00e9ros\n            des comptes bancaires. <\/p>\n          <p>Le re\u00e7u de versement (ou le re\u00e7u de banque ou l\u2019avis de cr\u00e9dit) portant le nom de l\u2019\u00e9tudiant b\u00e9n\u00e9ficiaire et l\u2019autorisation de r\u00e9inscription doivent \u00eatre ramen\u00e9s le <strong>17 novembre 2025 <\/strong>au plus tard \u00e0 la Direction de l\u2019administration\n            financi\u00e8re et comptable (DAFC) de l\u2019USTA \u00e0 S\u00e2aba pour l\u2019enregistrement, l\u2019inscription sur la liste des inscrits et la d\u00e9livrance d\u2019un re\u00e7u de scolarit\u00e9 \u00e0 pr\u00e9senter pour acc\u00e9der aux cours.<\/p>\n        <\/div>\n      <\/div>\n    <\/div>\n  <\/div>\n<\/div>\n<\/div>\n<\/div>\n<\/div>\n<\/div>\n<\/div>\n<\/div>\n<\/div>\n<\/div>","protected":false},"excerpt":{"rendered":"<p>Elle concerne tous les anciens \u00e9tudiants de l\u2019USTA qui souhaitent y poursuivre leurs \u00e9tudes et est obligatoire chaque ann\u00e9e. Chaque \u00e9tudiant devra d\u00e9poser un dossier de r\u00e9inscription complet dans les d\u00e9lais pr\u00e9vus. La composition du dossier de r\u00e9inscription D\u00e9p\u00f4t du dossier de r\u00e9inscription Suivi de votre demande de r\u00e9inscription R\u00e8glement des frais de r\u00e9inscription et [&hellip;]<\/p>\n","protected":false},"author":1,"featured_media":0,"parent":0,"menu_order":0,"comment_status":"closed","ping_status":"closed","template":"page-templates\/full-width-page.php","meta":{"footnotes":""},"class_list":["post-2175","page","type-page","status-publish","hentry"],"yoast_head":"<!-- This site is optimized with the Yoast SEO plugin v26.0 - https:\/\/yoast.com\/wordpress\/plugins\/seo\/ -->\n<title>R\u00e9inscription - Universit\u00e9 Saint Thomas D&#039;Aquin<\/title>\n<meta name=\"robots\" content=\"index, follow, max-snippet:-1, max-image-preview:large, max-video-preview:-1\" \/>\n<link rel=\"canonical\" href=\"https:\/\/usta.bf\/?page_id=2175\" \/>\n<meta property=\"og:locale\" content=\"fr_FR\" \/>\n<meta property=\"og:type\" content=\"article\" \/>\n<meta property=\"og:title\" content=\"R\u00e9inscription - Universit\u00e9 Saint Thomas D&#039;Aquin\" \/>\n<meta property=\"og:description\" content=\"Elle concerne tous les anciens \u00e9tudiants de l\u2019USTA qui souhaitent y poursuivre leurs \u00e9tudes et est obligatoire chaque ann\u00e9e. Chaque \u00e9tudiant devra d\u00e9poser un dossier de r\u00e9inscription complet dans les d\u00e9lais pr\u00e9vus. La composition du dossier de r\u00e9inscription D\u00e9p\u00f4t du dossier de r\u00e9inscription Suivi de votre demande de r\u00e9inscription R\u00e8glement des frais de r\u00e9inscription et [&hellip;]\" \/>\n<meta property=\"og:url\" content=\"https:\/\/usta.bf\/?page_id=2175\" \/>\n<meta property=\"og:site_name\" content=\"Universit\u00e9 Saint Thomas D&#039;Aquin\" \/>\n<meta property=\"article:publisher\" content=\"https:\/\/www.facebook.com\/USTA\/\" \/>\n<meta property=\"article:modified_time\" content=\"2025-07-30T14:40:51+00:00\" \/>\n<meta name=\"twitter:card\" content=\"summary_large_image\" \/>\n<meta name=\"twitter:site\" content=\"@ustabf\" \/>\n<meta name=\"twitter:label1\" content=\"Dur\u00e9e de lecture estim\u00e9e\" \/>\n\t<meta name=\"twitter:data1\" content=\"2 minutes\" \/>\n<script type=\"application\/ld+json\" class=\"yoast-schema-graph\">{\"@context\":\"https:\/\/schema.org\",\"@graph\":[{\"@type\":\"WebPage\",\"@id\":\"https:\/\/usta.bf\/?page_id=2175\",\"url\":\"https:\/\/usta.bf\/?page_id=2175\",\"name\":\"R\u00e9inscription - Universit\u00e9 Saint Thomas D&#039;Aquin\",\"isPartOf\":{\"@id\":\"https:\/\/usta.bf\/#website\"},\"datePublished\":\"2023-07-27T12:02:30+00:00\",\"dateModified\":\"2025-07-30T14:40:51+00:00\",\"breadcrumb\":{\"@id\":\"https:\/\/usta.bf\/?page_id=2175#breadcrumb\"},\"inLanguage\":\"fr-FR\",\"potentialAction\":[{\"@type\":\"ReadAction\",\"target\":[\"https:\/\/usta.bf\/?page_id=2175\"]}]},{\"@type\":\"BreadcrumbList\",\"@id\":\"https:\/\/usta.bf\/?page_id=2175#breadcrumb\",\"itemListElement\":[{\"@type\":\"ListItem\",\"position\":1,\"name\":\"Accueil\",\"item\":\"https:\/\/usta.bf\/\"},{\"@type\":\"ListItem\",\"position\":2,\"name\":\"R\u00e9inscription\"}]},{\"@type\":\"WebSite\",\"@id\":\"https:\/\/usta.bf\/#website\",\"url\":\"https:\/\/usta.bf\/\",\"name\":\"Universit\u00e9 Saint Thomas D&#039;Aquin\",\"description\":\"Veritas - Fides- Scientia\",\"publisher\":{\"@id\":\"https:\/\/usta.bf\/#organization\"},\"potentialAction\":[{\"@type\":\"SearchAction\",\"target\":{\"@type\":\"EntryPoint\",\"urlTemplate\":\"https:\/\/usta.bf\/?s={search_term_string}\"},\"query-input\":{\"@type\":\"PropertyValueSpecification\",\"valueRequired\":true,\"valueName\":\"search_term_string\"}}],\"inLanguage\":\"fr-FR\"},{\"@type\":\"Organization\",\"@id\":\"https:\/\/usta.bf\/#organization\",\"name\":\"Universit\u00e9 Saint Thomas D&#039;Aquin\",\"url\":\"https:\/\/usta.bf\/\",\"logo\":{\"@type\":\"ImageObject\",\"inLanguage\":\"fr-FR\",\"@id\":\"https:\/\/usta.bf\/#\/schema\/logo\/image\/\",\"url\":\"https:\/\/usta.bf\/wp-content\/uploads\/2022\/07\/cropped-logo_site_web_beta2.fw_.png\",\"contentUrl\":\"https:\/\/usta.bf\/wp-content\/uploads\/2022\/07\/cropped-logo_site_web_beta2.fw_.png\",\"width\":460,\"height\":126,\"caption\":\"Universit\u00e9 Saint Thomas D&#039;Aquin  \"},\"image\":{\"@id\":\"https:\/\/usta.bf\/#\/schema\/logo\/image\/\"},\"sameAs\":[\"https:\/\/www.facebook.com\/USTA\/\",\"https:\/\/x.com\/ustabf\"]}]}<\/script>\n<!-- \/ Yoast SEO plugin. -->","yoast_head_json":{"title":"R\u00e9inscription - Universit\u00e9 Saint Thomas D&#039;Aquin","robots":{"index":"index","follow":"follow","max-snippet":"max-snippet:-1","max-image-preview":"max-image-preview:large","max-video-preview":"max-video-preview:-1"},"canonical":"https:\/\/usta.bf\/?page_id=2175","og_locale":"fr_FR","og_type":"article","og_title":"R\u00e9inscription - Universit\u00e9 Saint Thomas D&#039;Aquin","og_description":"Elle concerne tous les anciens \u00e9tudiants de l\u2019USTA qui souhaitent y poursuivre leurs \u00e9tudes et est obligatoire chaque ann\u00e9e. Chaque \u00e9tudiant devra d\u00e9poser un dossier de r\u00e9inscription complet dans les d\u00e9lais pr\u00e9vus. La composition du dossier de r\u00e9inscription D\u00e9p\u00f4t du dossier de r\u00e9inscription Suivi de votre demande de r\u00e9inscription R\u00e8glement des frais de r\u00e9inscription et [&hellip;]","og_url":"https:\/\/usta.bf\/?page_id=2175","og_site_name":"Universit\u00e9 Saint Thomas D&#039;Aquin","article_publisher":"https:\/\/www.facebook.com\/USTA\/","article_modified_time":"2025-07-30T14:40:51+00:00","twitter_card":"summary_large_image","twitter_site":"@ustabf","twitter_misc":{"Dur\u00e9e de lecture estim\u00e9e":"2 minutes"},"schema":{"@context":"https:\/\/schema.org","@graph":[{"@type":"WebPage","@id":"https:\/\/usta.bf\/?page_id=2175","url":"https:\/\/usta.bf\/?page_id=2175","name":"R\u00e9inscription - Universit\u00e9 Saint Thomas D&#039;Aquin","isPartOf":{"@id":"https:\/\/usta.bf\/#website"},"datePublished":"2023-07-27T12:02:30+00:00","dateModified":"2025-07-30T14:40:51+00:00","breadcrumb":{"@id":"https:\/\/usta.bf\/?page_id=2175#breadcrumb"},"inLanguage":"fr-FR","potentialAction":[{"@type":"ReadAction","target":["https:\/\/usta.bf\/?page_id=2175"]}]},{"@type":"BreadcrumbList","@id":"https:\/\/usta.bf\/?page_id=2175#breadcrumb","itemListElement":[{"@type":"ListItem","position":1,"name":"Accueil","item":"https:\/\/usta.bf\/"},{"@type":"ListItem","position":2,"name":"R\u00e9inscription"}]},{"@type":"WebSite","@id":"https:\/\/usta.bf\/#website","url":"https:\/\/usta.bf\/","name":"Universit\u00e9 Saint Thomas D&#039;Aquin","description":"Veritas - Fides- Scientia","publisher":{"@id":"https:\/\/usta.bf\/#organization"},"potentialAction":[{"@type":"SearchAction","target":{"@type":"EntryPoint","urlTemplate":"https:\/\/usta.bf\/?s={search_term_string}"},"query-input":{"@type":"PropertyValueSpecification","valueRequired":true,"valueName":"search_term_string"}}],"inLanguage":"fr-FR"},{"@type":"Organization","@id":"https:\/\/usta.bf\/#organization","name":"Universit\u00e9 Saint Thomas D&#039;Aquin","url":"https:\/\/usta.bf\/","logo":{"@type":"ImageObject","inLanguage":"fr-FR","@id":"https:\/\/usta.bf\/#\/schema\/logo\/image\/","url":"https:\/\/usta.bf\/wp-content\/uploads\/2022\/07\/cropped-logo_site_web_beta2.fw_.png","contentUrl":"https:\/\/usta.bf\/wp-content\/uploads\/2022\/07\/cropped-logo_site_web_beta2.fw_.png","width":460,"height":126,"caption":"Universit\u00e9 Saint Thomas D&#039;Aquin  "},"image":{"@id":"https:\/\/usta.bf\/#\/schema\/logo\/image\/"},"sameAs":["https:\/\/www.facebook.com\/USTA\/","https:\/\/x.com\/ustabf"]}]}},"_links":{"self":[{"href":"https:\/\/usta.bf\/index.php?rest_route=\/wp\/v2\/pages\/2175","targetHints":{"allow":["GET"]}}],"collection":[{"href":"https:\/\/usta.bf\/index.php?rest_route=\/wp\/v2\/pages"}],"about":[{"href":"https:\/\/usta.bf\/index.php?rest_route=\/wp\/v2\/types\/page"}],"author":[{"embeddable":true,"href":"https:\/\/usta.bf\/index.php?rest_route=\/wp\/v2\/users\/1"}],"replies":[{"embeddable":true,"href":"https:\/\/usta.bf\/index.php?rest_route=%2Fwp%2Fv2%2Fcomments&post=2175"}],"version-history":[{"count":3,"href":"https:\/\/usta.bf\/index.php?rest_route=\/wp\/v2\/pages\/2175\/revisions"}],"predecessor-version":[{"id":4250,"href":"https:\/\/usta.bf\/index.php?rest_route=\/wp\/v2\/pages\/2175\/revisions\/4250"}],"wp:attachment":[{"href":"https:\/\/usta.bf\/index.php?rest_route=%2Fwp%2Fv2%2Fmedia&parent=2175"}],"curies":[{"name":"wp","href":"https:\/\/api.w.org\/{rel}","templated":true}]}}