{"id":2620,"date":"2023-09-01T11:14:14","date_gmt":"2023-09-01T11:14:14","guid":{"rendered":"https:\/\/usta.bf\/?page_id=2620"},"modified":"2023-10-26T13:08:54","modified_gmt":"2023-10-26T13:08:54","slug":"communiques-2","status":"publish","type":"page","link":"https:\/\/usta.bf\/?page_id=2620","title":{"rendered":"COMMUNIQUES"},"content":{"rendered":"<div data-colibri-id=\"2620-c1\" class=\"style-1375 style-local-2620-c1 position-relative\">\n  <!---->\n  <div data-colibri-component=\"section\" data-colibri-id=\"2620-c23\" id=\"overlappable\" class=\"h-section h-section-global-spacing d-flex align-items-lg-center align-items-md-center align-items-center style-1591 style-local-2620-c23 position-relative\">\n    <!---->\n    <!---->\n    <div class=\"h-section-grid-container h-section-boxed-container\">\n      <!---->\n      <div data-colibri-id=\"2620-c24\" class=\"h-row-container gutters-row-lg-0 gutters-row-md-0 gutters-row-0 gutters-row-v-lg-0 gutters-row-v-md-0 gutters-row-v-0 style-1592 style-local-2620-c24 position-relative\">\n        <!---->\n        <div class=\"h-row justify-content-lg-center justify-content-md-center justify-content-center align-items-lg-stretch align-items-md-stretch align-items-stretch gutters-col-lg-0 gutters-col-md-0 gutters-col-0 gutters-col-v-lg-0 gutters-col-v-md-0 gutters-col-v-0\">\n          <!---->\n          <div class=\"h-column h-column-container d-flex h-col-lg-auto h-col-md-auto h-col-auto style-1593-outer style-local-2620-c25-outer\">\n            <div data-colibri-id=\"2620-c25\" class=\"d-flex h-flex-basis h-column__inner h-ui-empty-state-container h-px-lg-0 h-px-md-0 h-px-0 v-inner-lg-0 v-inner-md-0 v-inner-0 style-1593 style-local-2620-c25 position-relative\">\n              <!---->\n              <!---->\n              <div class=\"w-100 h-y-container h-column__content h-column__v-align flex-basis-100\">\n                <!---->\n              <\/div>\n            <\/div>\n          <\/div>\n          <div class=\"h-column h-column-container d-flex h-col-lg-auto h-col-md-auto h-col-auto style-1594-outer style-local-2620-c26-outer\">\n            <div data-colibri-id=\"2620-c26\" class=\"d-flex h-flex-basis h-column__inner h-px-lg-2 h-px-md-2 h-px-2 v-inner-lg-2 v-inner-md-2 v-inner-2 style-1594 style-local-2620-c26 position-relative\">\n              <!---->\n              <!---->\n              <div class=\"w-100 h-y-container h-column__content h-column__v-align flex-basis-100 align-self-lg-center align-self-md-center align-self-center\">\n                <!---->\n                <div data-colibri-id=\"2620-c27\" class=\"h-global-transition-all h-heading style-1595 style-local-2620-c27 position-relative h-element\">\n                  <!---->\n                  <div class=\"h-heading__outer style-1595 style-local-2620-c27\">\n                    <!---->\n                    <!---->\n                    <h4 class=\"\">L\u2019administration de l\u2019USTA s\u2019initie \u00e0 la d\u00e9marche qualit\u00e9<\/h4>\n                  <\/div>\n                <\/div>\n                <div data-colibri-id=\"2620-c28\" class=\"h-text h-text-component style-1596 style-local-2620-c28 position-relative h-element\">\n                  <!---->\n                  <!---->\n                  <div class=\"\">\n                    <p>Ce mardi 03 octobre 2023, l\u2019Universit\u00e9 Saint Thomas d\u2019Aquin (USTA) a organis\u00e9 une s\u00e9ance d\u2019initiation \u00e0 la d\u00e9marche qualit\u00e9 \u00e0 l\u2019intention des membres du conseil de direction acad\u00e9mique, des directeurs et chefs de service, des enseignants\n                      permanents, des charg\u00e9s des affaires acad\u00e9miques et scolaires et des secr\u00e9taires des d\u00e9canats.<\/p>\n                    <p>Au regard de son classement pour la 4\n                      <sup>e<\/sup> fois cons\u00e9cutive comme meilleure universit\u00e9 priv\u00e9e par le minist\u00e8re en charge de l\u2019enseignement sup\u00e9rieur et l\u2019\u00e9valuation positive de ses programmes de formation par le CAMES, l\u2019USTA entend maintenir et renforcer la qualit\u00e9\n                      de son offre \u00e9ducative.<\/p>\n                    <p>La s\u00e9ance a \u00e9t\u00e9 anim\u00e9e par M. Souleymane SANOU, expert en qualit\u00e9, consultant au Cabinet AVIST-Conseils.<\/p>\n                  <\/div>\n                <\/div>\n              <\/div>\n            <\/div>\n          <\/div>\n          <div class=\"h-column h-column-container d-flex h-col-lg-auto h-col-md-auto h-col-auto style-1594-outer style-local-2620-c31-outer\">\n            <div data-colibri-id=\"2620-c31\" class=\"d-flex h-flex-basis h-column__inner h-px-lg-2 h-px-md-2 h-px-2 v-inner-lg-2 v-inner-md-2 v-inner-2 style-1594 style-local-2620-c31 position-relative\">\n              <!---->\n              <!---->\n              <div class=\"w-100 h-y-container h-column__content h-column__v-align flex-basis-100 align-self-lg-center align-self-md-center align-self-center\">\n                <!---->\n                <div data-colibri-id=\"2620-c33\" class=\"h-text h-text-component style-1596 style-local-2620-c33 position-relative h-element\">\n                  <!---->\n                  <!---->\n                  <div class=\"\">\n                    <p>Au cours de sa pr\u00e9sentation, il a d\u00e9fini les concepts et a fait l\u2019historique du syst\u00e8me de management de la qualit\u00e9 (SMQ) avant de pr\u00e9senter ses principes. Il a conclu en insistant sur le r\u00f4le et les responsabilit\u00e9s des acteurs.<\/p>\n                    <p>Cet expos\u00e9 fort enrichissant a \u00e9t\u00e9 suivi par une phase de questions-r\u00e9ponses et aussi de contributions.&nbsp;<\/p>\n                    <p>\u00c0 la fin de la journ\u00e9e, le Pr Innocent Pierre GUISSOU, Recteur de l\u2019USTA a solennellement sign\u00e9 devant les participants, le document de politique qualit\u00e9 de l\u2019USTA par lequel il engage tous les acteurs de son institution \u00ab&nbsp;\u00e0 s\u2019approprier\n                      les principes du syst\u00e8me de management de la qualit\u00e9 et \u00e0 s\u2018investir en vue de sa r\u00e9ussite&nbsp;\u00bb.<\/p>\n                    <p>L\u2019Universit\u00e9 pose ainsi, le premier acte vers l\u2019adoption d\u2019une d\u00e9marche qualit\u00e9&nbsp;!<\/p>\n                  <\/div>\n                <\/div>\n              <\/div>\n            <\/div>\n          <\/div>\n          <div class=\"h-column h-column-container d-flex h-col-lg-auto h-col-md-auto h-col-auto style-1599-outer style-local-2620-c36-outer\">\n            <div data-colibri-id=\"2620-c36\" class=\"d-flex h-flex-basis h-column__inner h-ui-empty-state-container h-px-lg-0 h-px-md-0 h-px-0 v-inner-lg-0 v-inner-md-0 v-inner-0 style-1599 style-local-2620-c36 position-relative\">\n              <!---->\n              <!---->\n              <div class=\"w-100 h-y-container h-column__content h-column__v-align flex-basis-100\">\n                <!---->\n              <\/div>\n            <\/div>\n          <\/div>\n        <\/div>\n      <\/div>\n    <\/div>\n  <\/div>\n  <div data-colibri-component=\"section\" data-colibri-id=\"2620-c9\" id=\"about\" class=\"h-section h-section-global-spacing d-flex align-items-lg-center align-items-md-center align-items-center style-1376 style-local-2620-c9 position-relative\">\n    <!---->\n    <!---->\n    <div class=\"h-section-grid-container h-section-boxed-container\">\n      <!---->\n      <div data-colibri-id=\"2620-c10\" class=\"h-row-container gutters-row-lg-0 gutters-row-md-0 gutters-row-0 gutters-row-v-lg-0 gutters-row-v-md-0 gutters-row-v-0 style-1377 style-local-2620-c10 position-relative\">\n        <!---->\n        <div class=\"h-row justify-content-lg-center justify-content-md-center justify-content-center align-items-lg-stretch align-items-md-stretch align-items-stretch gutters-col-lg-0 gutters-col-md-0 gutters-col-0 gutters-col-v-lg-0 gutters-col-v-md-0 gutters-col-v-0\">\n          <!---->\n          <div class=\"h-column h-column-container d-flex h-col-lg-auto h-col-md-auto h-col-auto style-1378-outer style-local-2620-c11-outer\">\n            <div data-colibri-id=\"2620-c11\" class=\"d-flex h-flex-basis h-column__inner h-px-lg-0 h-px-md-0 h-px-0 v-inner-lg-0 v-inner-md-0 v-inner-0 style-1378 style-local-2620-c11 position-relative\">\n              <!---->\n              <!---->\n              <div class=\"w-100 h-y-container h-column__content h-column__v-align flex-basis-100 align-self-lg-start align-self-md-start align-self-start\">\n                <!---->\n                <div data-colibri-id=\"2620-c12\" class=\"h-global-transition-all h-heading style-1380 style-local-2620-c12 position-relative h-element\">\n                  <!---->\n                  <div class=\"h-heading__outer style-1380 style-local-2620-c12\">\n                    <!---->\n                    <!---->\n                    <h4 class=\"\">Communiqu\u00e9 relatif \u00e0 la cl\u00f4ture des pr\u00e9-inscriptions pour les premi\u00e8res ann\u00e9es des licences en m\u00e9decine, en pharmacie et en sciences biom\u00e9dicale<\/h4>\n                  <\/div>\n                <\/div>\n                <div data-colibri-id=\"2620-c13\" class=\"h-text h-text-component style-1381 style-local-2620-c13 position-relative h-element\">\n                  <!---->\n                  <!---->\n                  <div class=\"\">\n                    <p>Conform\u00e9ment au communiqu\u00e9 N\u00b02023 &#8211; 014\/CNEC\/SN\/USTA\/R \/SG relatif aux inscriptions \u00e0 l\u2019Universit\u00e9 Saint Thomas d\u2019Aquin (USTA) au titre de l\u2019ann\u00e9e acad\u00e9mique 2023 \u2013 2024, il est port\u00e9 \u00e0 la connaissance des candidats que les pr\u00e9-inscriptions\n                      pour les premi\u00e8res ann\u00e9es de licence en m\u00e9decine, en pharmacie et en sciences biom\u00e9dicales prennent fin le 31 Ao\u00fbt 2023.<\/p>\n                    <p>Aucune pr\u00e9-inscription faite dans ces fili\u00e8res apr\u00e8s cette date ne sera trait\u00e9e par la commission d\u2019examen des dossiers.<\/p>\n                    <p>Toutefois, les pr\u00e9-inscriptions se poursuivent pour les licences en sciences juridiques et politiques, en sciences \u00e9conomiques et de gestion, en finance, comptabilit\u00e9 et audit, en gestion commerciale et marketing, en productions animales,\n                      en agronomie, et en philosophie.<\/p>\n                  <\/div>\n                <\/div>\n                <div data-colibri-id=\"2620-c14\" class=\"h-text h-text-component style-1383 style-local-2620-c14 position-relative h-element\">\n                  <!---->\n                  <!---->\n                  <div class=\"\">\n                    <h5>\n                      <sup style=\"font-family: Source Sans Pro;\">Pour le Recteur et P\/D Le Secr\u00e9taire G\u00e9n\u00e9ral<\/sup>\n                    <\/h5>\n                    <h5>\n                      <sup style=\"font-family: Source Sans Pro;\">Pascal RAMD\u00c9, PhD<\/sup>\n                    <\/h5>\n                  <\/div>\n                <\/div>\n              <\/div>\n            <\/div>\n          <\/div>\n          <div class=\"h-column h-column-container d-flex h-col-lg-auto h-col-md-auto h-col-auto style-1382-outer style-local-2620-c15-outer\">\n            <div data-colibri-id=\"2620-c15\" class=\"d-flex h-flex-basis h-column__inner h-ui-empty-state-container h-px-lg-2 h-px-md-2 h-px-2 v-inner-lg-2 v-inner-md-2 v-inner-2 style-1382 style-local-2620-c15 position-relative\">\n              <!---->\n              <!---->\n              <div class=\"w-100 h-y-container h-column__content h-column__v-align flex-basis-100\">\n                <!---->\n              <\/div>\n            <\/div>\n          <\/div>\n        <\/div>\n      <\/div>\n    <\/div>\n  <\/div>\n  <div data-colibri-component=\"section\" data-colibri-id=\"2620-c16\" id=\"about-2\" class=\"h-section h-section-global-spacing d-flex align-items-lg-center align-items-md-center align-items-center style-1581 style-local-2620-c16 position-relative\">\n    <!---->\n    <!---->\n    <div class=\"h-section-grid-container h-section-boxed-container\">\n      <!---->\n      <div data-colibri-id=\"2620-c17\" class=\"h-row-container gutters-row-lg-0 gutters-row-md-0 gutters-row-0 gutters-row-v-lg-0 gutters-row-v-md-0 gutters-row-v-0 style-1582 style-local-2620-c17 position-relative\">\n        <!---->\n        <div class=\"h-row justify-content-lg-center justify-content-md-center justify-content-center align-items-lg-stretch align-items-md-stretch align-items-stretch gutters-col-lg-0 gutters-col-md-0 gutters-col-0 gutters-col-v-lg-0 gutters-col-v-md-0 gutters-col-v-0\">\n          <!---->\n          <div class=\"h-column h-column-container d-flex h-col-lg-auto h-col-md-auto h-col-auto style-1583-outer style-local-2620-c18-outer\">\n            <div data-colibri-id=\"2620-c18\" class=\"d-flex h-flex-basis h-column__inner h-ui-empty-state-container h-px-lg-0 h-px-md-0 h-px-0 v-inner-lg-0 v-inner-md-0 v-inner-0 style-1583 style-local-2620-c18 position-relative\">\n              <!---->\n              <!---->\n              <div class=\"w-100 h-y-container h-column__content h-column__v-align flex-basis-100\">\n                <!---->\n              <\/div>\n            <\/div>\n          <\/div>\n          <div class=\"h-column h-column-container d-flex h-col-lg-auto h-col-md-auto h-col-auto style-1584-outer style-local-2620-c19-outer\">\n            <div data-colibri-id=\"2620-c19\" class=\"d-flex h-flex-basis h-column__inner h-px-lg-2 h-px-md-2 h-px-2 v-inner-lg-2 v-inner-md-2 v-inner-2 style-1584 style-local-2620-c19 position-relative\">\n              <!---->\n              <!---->\n              <div class=\"w-100 h-y-container h-column__content h-column__v-align flex-basis-100 align-self-lg-start align-self-md-start align-self-start\">\n                <!---->\n                <div data-colibri-id=\"2620-c20\" class=\"h-global-transition-all h-heading style-1590 style-local-2620-c20 position-relative h-element\">\n                  <!---->\n                  <div class=\"h-heading__outer style-1590 style-local-2620-c20\">\n                    <!---->\n                    <!---->\n                    <h4 class=\"\">Communiqu\u00e9 relatif \u00e0 la rentr\u00e9e universitaire 2023 &#8211; 2024<\/h4>\n                  <\/div>\n                <\/div>\n                <div data-colibri-id=\"2620-c21\" class=\"h-text h-text-component style-1587 style-local-2620-c21 position-relative h-element\">\n                  <!---->\n                  <!---->\n                  <div class=\"\">\n                    <p>Le Recteur de l\u2019Universit\u00e9 Saint Thomas d\u2019Aquin (USTA) a le plaisir d\u2019informer la communaut\u00e9 universitaire que la rentr\u00e9e universitaire 2022 &#8211; 2023 est pr\u00e9vue le <strong><u>mardi 10 octobre 2023.<\/u><\/strong>&nbsp;<\/p>\n                    <p>Il convie les \u00e9tudiants, les personnels enseignants et administratifs \u00e0 la c\u00e9r\u00e9monie d\u2019ouverture de l\u2019ann\u00e9e acad\u00e9mique <strong><u>qui se tiendra le m\u00eame jour \u00e0 09h00mn au sein de l\u2019USTA \u00e0 S\u00e2aba sous le grand parking.<\/u><\/strong><\/p>\n                  <\/div>\n                <\/div>\n                <div data-colibri-id=\"2620-c22\" class=\"h-text h-text-component style-1589 style-local-2620-c22 position-relative h-element\">\n                  <!---->\n                  <!---->\n                  <div class=\"\">\n                    <h5>\n                      <sup style=\"font-family: Source Sans Pro;\">Pour le Recteur et P\/D Le Secr\u00e9taire G\u00e9n\u00e9ral<\/sup>\n                    <\/h5>\n                    <h5>\n                      <sup style=\"font-family: Source Sans Pro;\">Pascal RAMD\u00c9, PhD<\/sup>\n                    <\/h5>\n                  <\/div>\n                <\/div>\n              <\/div>\n            <\/div>\n          <\/div>\n        <\/div>\n      <\/div>\n    <\/div>\n  <\/div>\n<\/div>","protected":false},"excerpt":{"rendered":"<p>L\u2019administration de l\u2019USTA s\u2019initie \u00e0 la d\u00e9marche qualit\u00e9 Ce mardi 03 octobre 2023, l\u2019Universit\u00e9 Saint Thomas d\u2019Aquin (USTA) a organis\u00e9 une s\u00e9ance d\u2019initiation \u00e0 la d\u00e9marche qualit\u00e9 \u00e0 l\u2019intention des membres du conseil de direction acad\u00e9mique, des directeurs et chefs de service, des enseignants permanents, des charg\u00e9s des affaires acad\u00e9miques et scolaires et des secr\u00e9taires [&hellip;]<\/p>\n","protected":false},"author":1,"featured_media":0,"parent":0,"menu_order":0,"comment_status":"closed","ping_status":"closed","template":"page-templates\/full-width-page.php","meta":{"footnotes":""},"class_list":["post-2620","page","type-page","status-publish","hentry"],"yoast_head":"<!-- This site is optimized with the Yoast SEO plugin v26.0 - https:\/\/yoast.com\/wordpress\/plugins\/seo\/ -->\n<title>COMMUNIQUES - Universit\u00e9 Saint Thomas D&#039;Aquin<\/title>\n<meta name=\"robots\" content=\"index, follow, max-snippet:-1, max-image-preview:large, max-video-preview:-1\" \/>\n<link rel=\"canonical\" href=\"https:\/\/usta.bf\/?page_id=2620\" \/>\n<meta property=\"og:locale\" content=\"fr_FR\" \/>\n<meta property=\"og:type\" content=\"article\" \/>\n<meta property=\"og:title\" content=\"COMMUNIQUES - Universit\u00e9 Saint Thomas D&#039;Aquin\" \/>\n<meta property=\"og:description\" content=\"L\u2019administration de l\u2019USTA s\u2019initie \u00e0 la d\u00e9marche qualit\u00e9 Ce mardi 03 octobre 2023, l\u2019Universit\u00e9 Saint Thomas d\u2019Aquin (USTA) a organis\u00e9 une s\u00e9ance d\u2019initiation \u00e0 la d\u00e9marche qualit\u00e9 \u00e0 l\u2019intention des membres du conseil de direction acad\u00e9mique, des directeurs et chefs de service, des enseignants permanents, des charg\u00e9s des affaires acad\u00e9miques et scolaires et des secr\u00e9taires [&hellip;]\" \/>\n<meta property=\"og:url\" content=\"https:\/\/usta.bf\/?page_id=2620\" \/>\n<meta property=\"og:site_name\" content=\"Universit\u00e9 Saint Thomas D&#039;Aquin\" \/>\n<meta property=\"article:publisher\" content=\"https:\/\/www.facebook.com\/USTA\/\" \/>\n<meta property=\"article:modified_time\" content=\"2023-10-26T13:08:54+00:00\" \/>\n<meta name=\"twitter:card\" content=\"summary_large_image\" \/>\n<meta name=\"twitter:site\" content=\"@ustabf\" \/>\n<meta name=\"twitter:label1\" content=\"Dur\u00e9e de lecture estim\u00e9e\" \/>\n\t<meta name=\"twitter:data1\" content=\"3 minutes\" \/>\n<script type=\"application\/ld+json\" class=\"yoast-schema-graph\">{\"@context\":\"https:\/\/schema.org\",\"@graph\":[{\"@type\":\"WebPage\",\"@id\":\"https:\/\/usta.bf\/?page_id=2620\",\"url\":\"https:\/\/usta.bf\/?page_id=2620\",\"name\":\"COMMUNIQUES - Universit\u00e9 Saint Thomas D&#039;Aquin\",\"isPartOf\":{\"@id\":\"https:\/\/usta.bf\/#website\"},\"datePublished\":\"2023-09-01T11:14:14+00:00\",\"dateModified\":\"2023-10-26T13:08:54+00:00\",\"breadcrumb\":{\"@id\":\"https:\/\/usta.bf\/?page_id=2620#breadcrumb\"},\"inLanguage\":\"fr-FR\",\"potentialAction\":[{\"@type\":\"ReadAction\",\"target\":[\"https:\/\/usta.bf\/?page_id=2620\"]}]},{\"@type\":\"BreadcrumbList\",\"@id\":\"https:\/\/usta.bf\/?page_id=2620#breadcrumb\",\"itemListElement\":[{\"@type\":\"ListItem\",\"position\":1,\"name\":\"Accueil\",\"item\":\"https:\/\/usta.bf\/\"},{\"@type\":\"ListItem\",\"position\":2,\"name\":\"COMMUNIQUES\"}]},{\"@type\":\"WebSite\",\"@id\":\"https:\/\/usta.bf\/#website\",\"url\":\"https:\/\/usta.bf\/\",\"name\":\"Universit\u00e9 Saint Thomas D&#039;Aquin\",\"description\":\"Veritas - Fides- Scientia\",\"publisher\":{\"@id\":\"https:\/\/usta.bf\/#organization\"},\"potentialAction\":[{\"@type\":\"SearchAction\",\"target\":{\"@type\":\"EntryPoint\",\"urlTemplate\":\"https:\/\/usta.bf\/?s={search_term_string}\"},\"query-input\":{\"@type\":\"PropertyValueSpecification\",\"valueRequired\":true,\"valueName\":\"search_term_string\"}}],\"inLanguage\":\"fr-FR\"},{\"@type\":\"Organization\",\"@id\":\"https:\/\/usta.bf\/#organization\",\"name\":\"Universit\u00e9 Saint Thomas D&#039;Aquin\",\"url\":\"https:\/\/usta.bf\/\",\"logo\":{\"@type\":\"ImageObject\",\"inLanguage\":\"fr-FR\",\"@id\":\"https:\/\/usta.bf\/#\/schema\/logo\/image\/\",\"url\":\"https:\/\/usta.bf\/wp-content\/uploads\/2022\/07\/cropped-logo_site_web_beta2.fw_.png\",\"contentUrl\":\"https:\/\/usta.bf\/wp-content\/uploads\/2022\/07\/cropped-logo_site_web_beta2.fw_.png\",\"width\":460,\"height\":126,\"caption\":\"Universit\u00e9 Saint Thomas D&#039;Aquin  \"},\"image\":{\"@id\":\"https:\/\/usta.bf\/#\/schema\/logo\/image\/\"},\"sameAs\":[\"https:\/\/www.facebook.com\/USTA\/\",\"https:\/\/x.com\/ustabf\"]}]}<\/script>\n<!-- \/ Yoast SEO plugin. -->","yoast_head_json":{"title":"COMMUNIQUES - Universit\u00e9 Saint Thomas D&#039;Aquin","robots":{"index":"index","follow":"follow","max-snippet":"max-snippet:-1","max-image-preview":"max-image-preview:large","max-video-preview":"max-video-preview:-1"},"canonical":"https:\/\/usta.bf\/?page_id=2620","og_locale":"fr_FR","og_type":"article","og_title":"COMMUNIQUES - Universit\u00e9 Saint Thomas D&#039;Aquin","og_description":"L\u2019administration de l\u2019USTA s\u2019initie \u00e0 la d\u00e9marche qualit\u00e9 Ce mardi 03 octobre 2023, l\u2019Universit\u00e9 Saint Thomas d\u2019Aquin (USTA) a organis\u00e9 une s\u00e9ance d\u2019initiation \u00e0 la d\u00e9marche qualit\u00e9 \u00e0 l\u2019intention des membres du conseil de direction acad\u00e9mique, des directeurs et chefs de service, des enseignants permanents, des charg\u00e9s des affaires acad\u00e9miques et scolaires et des secr\u00e9taires [&hellip;]","og_url":"https:\/\/usta.bf\/?page_id=2620","og_site_name":"Universit\u00e9 Saint Thomas D&#039;Aquin","article_publisher":"https:\/\/www.facebook.com\/USTA\/","article_modified_time":"2023-10-26T13:08:54+00:00","twitter_card":"summary_large_image","twitter_site":"@ustabf","twitter_misc":{"Dur\u00e9e de lecture estim\u00e9e":"3 minutes"},"schema":{"@context":"https:\/\/schema.org","@graph":[{"@type":"WebPage","@id":"https:\/\/usta.bf\/?page_id=2620","url":"https:\/\/usta.bf\/?page_id=2620","name":"COMMUNIQUES - Universit\u00e9 Saint Thomas D&#039;Aquin","isPartOf":{"@id":"https:\/\/usta.bf\/#website"},"datePublished":"2023-09-01T11:14:14+00:00","dateModified":"2023-10-26T13:08:54+00:00","breadcrumb":{"@id":"https:\/\/usta.bf\/?page_id=2620#breadcrumb"},"inLanguage":"fr-FR","potentialAction":[{"@type":"ReadAction","target":["https:\/\/usta.bf\/?page_id=2620"]}]},{"@type":"BreadcrumbList","@id":"https:\/\/usta.bf\/?page_id=2620#breadcrumb","itemListElement":[{"@type":"ListItem","position":1,"name":"Accueil","item":"https:\/\/usta.bf\/"},{"@type":"ListItem","position":2,"name":"COMMUNIQUES"}]},{"@type":"WebSite","@id":"https:\/\/usta.bf\/#website","url":"https:\/\/usta.bf\/","name":"Universit\u00e9 Saint Thomas D&#039;Aquin","description":"Veritas - Fides- Scientia","publisher":{"@id":"https:\/\/usta.bf\/#organization"},"potentialAction":[{"@type":"SearchAction","target":{"@type":"EntryPoint","urlTemplate":"https:\/\/usta.bf\/?s={search_term_string}"},"query-input":{"@type":"PropertyValueSpecification","valueRequired":true,"valueName":"search_term_string"}}],"inLanguage":"fr-FR"},{"@type":"Organization","@id":"https:\/\/usta.bf\/#organization","name":"Universit\u00e9 Saint Thomas D&#039;Aquin","url":"https:\/\/usta.bf\/","logo":{"@type":"ImageObject","inLanguage":"fr-FR","@id":"https:\/\/usta.bf\/#\/schema\/logo\/image\/","url":"https:\/\/usta.bf\/wp-content\/uploads\/2022\/07\/cropped-logo_site_web_beta2.fw_.png","contentUrl":"https:\/\/usta.bf\/wp-content\/uploads\/2022\/07\/cropped-logo_site_web_beta2.fw_.png","width":460,"height":126,"caption":"Universit\u00e9 Saint Thomas D&#039;Aquin  "},"image":{"@id":"https:\/\/usta.bf\/#\/schema\/logo\/image\/"},"sameAs":["https:\/\/www.facebook.com\/USTA\/","https:\/\/x.com\/ustabf"]}]}},"_links":{"self":[{"href":"https:\/\/usta.bf\/index.php?rest_route=\/wp\/v2\/pages\/2620","targetHints":{"allow":["GET"]}}],"collection":[{"href":"https:\/\/usta.bf\/index.php?rest_route=\/wp\/v2\/pages"}],"about":[{"href":"https:\/\/usta.bf\/index.php?rest_route=\/wp\/v2\/types\/page"}],"author":[{"embeddable":true,"href":"https:\/\/usta.bf\/index.php?rest_route=\/wp\/v2\/users\/1"}],"replies":[{"embeddable":true,"href":"https:\/\/usta.bf\/index.php?rest_route=%2Fwp%2Fv2%2Fcomments&post=2620"}],"version-history":[{"count":7,"href":"https:\/\/usta.bf\/index.php?rest_route=\/wp\/v2\/pages\/2620\/revisions"}],"predecessor-version":[{"id":2819,"href":"https:\/\/usta.bf\/index.php?rest_route=\/wp\/v2\/pages\/2620\/revisions\/2819"}],"wp:attachment":[{"href":"https:\/\/usta.bf\/index.php?rest_route=%2Fwp%2Fv2%2Fmedia&parent=2620"}],"curies":[{"name":"wp","href":"https:\/\/api.w.org\/{rel}","templated":true}]}}