{"id":4786,"date":"2025-10-06T10:53:25","date_gmt":"2025-10-06T10:53:25","guid":{"rendered":"https:\/\/usta.bf\/?page_id=4786"},"modified":"2025-10-06T11:25:36","modified_gmt":"2025-10-06T11:25:36","slug":"residence","status":"publish","type":"page","link":"https:\/\/usta.bf\/?page_id=4786","title":{"rendered":"RESIDENCE"},"content":{"rendered":"<div data-colibri-id=\"4786-c1\" class=\"style-2557 style-local-4786-c1 position-relative\">\n  <!---->\n  <div data-colibri-component=\"section\" data-colibri-id=\"4786-c2\" id=\"custom\" class=\"h-section h-section-global-spacing d-flex align-items-lg-center align-items-md-center align-items-center style-2558 style-local-4786-c2 position-relative\">\n    <!---->\n    <!---->\n    <div class=\"h-section-grid-container h-section-boxed-container\">\n      <!---->\n      <div data-colibri-id=\"4786-c5\" class=\"h-row-container gutters-row-lg-2 gutters-row-md-2 gutters-row-0 gutters-row-v-lg-2 gutters-row-v-md-2 gutters-row-v-2 style-2561 style-local-4786-c5 position-relative\">\n        <!---->\n        <div class=\"h-row justify-content-lg-center justify-content-md-center justify-content-center align-items-lg-stretch align-items-md-stretch align-items-stretch gutters-col-lg-2 gutters-col-md-2 gutters-col-0 gutters-col-v-lg-2 gutters-col-v-md-2 gutters-col-v-2\">\n          <!---->\n          <div class=\"h-column h-column-container d-flex h-col-lg-auto h-col-md-auto h-col-auto style-2562-outer style-local-4786-c6-outer\">\n            <div data-colibri-id=\"4786-c6\" class=\"d-flex h-flex-basis h-column__inner h-px-lg-2 h-px-md-2 h-px-2 v-inner-lg-2 v-inner-md-2 v-inner-2 style-2562 style-local-4786-c6 position-relative\">\n              <!---->\n              <!---->\n              <div class=\"w-100 h-y-container h-column__content h-column__v-align flex-basis-100 align-self-lg-start align-self-md-start align-self-start\">\n                <!---->\n                <div data-colibri-id=\"4786-c7\" class=\"h-global-transition-all h-heading style-2563 style-local-4786-c7 position-relative h-element\">\n                  <!---->\n                  <div class=\"h-heading__outer style-2563 style-local-4786-c7\">\n                    <!---->\n                    <!---->\n                    <h4 class=\"\"><span style=\"color: rgb(255, 255, 255);\">R\u00e9sultats de l\u2019examen des dossiers de demande d\u2019admission \u00e0 la r\u00e9sidence universitaire<\/span><\/h4>\n                  <\/div>\n                <\/div>\n              <\/div>\n            <\/div>\n          <\/div>\n        <\/div>\n      <\/div>\n      <div data-colibri-id=\"4786-c8\" class=\"h-row-container gutters-row-lg-2 gutters-row-md-2 gutters-row-0 gutters-row-v-lg-2 gutters-row-v-md-2 gutters-row-v-2 style-2564 style-local-4786-c8 position-relative\">\n        <!---->\n        <div class=\"h-row justify-content-lg-center justify-content-md-center justify-content-center align-items-lg-stretch align-items-md-stretch align-items-stretch gutters-col-lg-2 gutters-col-md-2 gutters-col-0 gutters-col-v-lg-2 gutters-col-v-md-2 gutters-col-v-2\">\n          <!---->\n          <div class=\"h-column h-column-container d-flex h-col-lg-auto h-col-md-auto h-col-auto style-2565-outer style-local-4786-c9-outer\">\n            <div data-colibri-id=\"4786-c9\" class=\"d-flex h-flex-basis h-column__inner h-px-lg-2 h-px-md-2 h-px-2 v-inner-lg-2 v-inner-md-2 v-inner-2 style-2565 style-local-4786-c9 position-relative\">\n              <!---->\n              <!---->\n              <div class=\"w-100 h-y-container h-column__content h-column__v-align flex-basis-100 align-self-lg-start align-self-md-start align-self-start\">\n                <!---->\n                <div data-colibri-id=\"4786-c10\" class=\"h-text h-text-component style-2566 style-local-4786-c10 position-relative h-element\">\n                  <!---->\n                  <!---->\n                  <div class=\"\">\n                    <p>Les candidats dont les noms figurent sur les listes ci-dessous sont s\u00e9lectionn\u00e9s \u00e0 l\u2019issue de l\u2019examen des dossiers de demandes d\u2019admission \u00e0 la r\u00e9sidence universitaire au titre de l\u2019ann\u00e9e acad\u00e9mique 2025 \u2013 2026. <\/p>\n                    <p>Ils sont invit\u00e9s \u00e0 confirmer leur choix de l\u2019USTA en s\u2019acquittant dans les d\u00e9lais impartis, du montant d\u00fb.&nbsp;<\/p>\n                    <p>Les r\u00e9sultats des diff\u00e9rents tours d\u2019examen des dossiers seront progressivement publi\u00e9s sur le site web d\u00e8s qu\u2019ils seront disponibles.<\/p>\n                  <\/div>\n                <\/div>\n              <\/div>\n            <\/div>\n          <\/div>\n        <\/div>\n      <\/div>\n    <\/div>\n  <\/div>\n  <div data-colibri-component=\"section\" data-colibri-id=\"4786-c15\" id=\"custom-2\" class=\"h-section h-section-global-spacing d-flex align-items-lg-center align-items-md-center align-items-center style-2571 style-local-4786-c15 position-relative\">\n    <!---->\n    <!---->\n    <div class=\"h-section-grid-container h-section-boxed-container\">\n      <!---->\n      <div data-colibri-id=\"4786-c18\" class=\"h-row-container gutters-row-lg-2 gutters-row-md-2 gutters-row-0 gutters-row-v-lg-2 gutters-row-v-md-2 gutters-row-v-2 style-2581 style-local-4786-c18 position-relative\">\n        <!---->\n        <div class=\"h-row justify-content-lg-center justify-content-md-center justify-content-center align-items-lg-stretch align-items-md-stretch align-items-stretch gutters-col-lg-2 gutters-col-md-2 gutters-col-0 gutters-col-v-lg-2 gutters-col-v-md-2 gutters-col-v-2\">\n          <!---->\n          <div class=\"h-column h-column-container d-flex h-col-lg-auto h-col-md-auto h-col-auto style-2582-outer style-local-4786-c19-outer\">\n            <div data-colibri-id=\"4786-c19\" class=\"d-flex h-flex-basis h-column__inner h-px-lg-2 h-px-md-2 h-px-2 v-inner-lg-2 v-inner-md-2 v-inner-2 style-2582 style-local-4786-c19 position-relative\">\n              <!---->\n              <!---->\n              <div class=\"w-100 h-y-container h-column__content h-column__v-align flex-basis-100 align-self-lg-start align-self-md-start align-self-start\">\n                <!---->\n                <div data-toggle=\"false\" data-is-preview=\"true\" data-colibri-component=\"accordion\" data-colibri-id=\"4786-c20\" class=\"h-accordion style-2574 style-local-4786-c20 position-relative h-element\">\n                  <!---->\n                  <div data-colibri-id=\"4786-c21\" class=\"h-accordion-item h-accordion-item-first-child style-2575 style-local-4786-c21 position-relative h-element\">\n                    <!---->\n                    <a data-open-by-default=\"true\" href=\"#4786-c21\" class=\"h-accordion-item-title d-flex align-items-center h-global-transition\">\n                      <!----><span>PREMIERE VAGUE &#8211; FILLE<\/span>\n                      <div class=\"h-accordion-item-title-normal-icon h-accordion-item-title-icon h-accordion-item-title-icon-right\"><span class=\"h-svg-icon\"><!--Icon by Material Icons (https:\/\/material.io)--><svg version=\"1.1\" xmlns=\"http:\/\/www.w3.org\/2000\/svg\" xmlns:xlink=\"http:\/\/www.w3.org\/1999\/xlink\" id=\"open_in_new\" viewBox=\"0 0 512 512\"><path d=\"M299 64h149v149h-43v-76L196 346l-30-30 209-209h-76V64zm106 341V256h43v149q0 17-13 30t-30 13H107q-18 0-30.5-13T64 405V107q0-17 12.5-30T107 64h149v43H107v298h298z\"><\/path><\/svg><\/span><\/div>\n                      <div class=\"h-accordion-item-title-active-icon h-accordion-item-title-icon h-accordion-item-title-icon-right\"><span class=\"h-svg-icon\"><!--Icon by Foundation Icons (https:\/\/zurb.com\/playground\/foundation-icon-fonts-3)--><svg version=\"1.1\" xmlns=\"http:\/\/www.w3.org\/2000\/svg\" xmlns:xlink=\"http:\/\/www.w3.org\/1999\/xlink\" id=\"page-export-pdf\" viewBox=\"0 0 458 512.5\"><path d=\"M456 336.25c2 1 2 3 2 5s0 4-2 5l-94 68c-2 1-5 2-7 1s-3-4-3-6v-32h-86c-4 0-7-3-7-7v-58c0-4 3-6 7-6h85v-32c0-2 2-5 4-6s4-1 6 0zm-155 66c5 0 9 4 9 9v58c0 5-4 8-9 8H9c-5 0-9-3-9-8v-302l133-132h168c5 0 9 3 9 8v229c0 5-4 8-9 8h-33c-5 0-9-3-9-8v-186H151v90c0 5-4 9-9 9H51v241h208v-15c0-5 4-9 9-9h33zm-218-85h26c11 0 17 7 17 16s-6 16-17 16H98v15H83v-47zm28 16c0-3-2-4-4-4h-9v8h9c2 0 4-2 4-4zm22-16h21c15 0 26 8 26 23s-11 24-26 24h-21v-47zm33 23c0-6-4-11-12-11h-7v23h7c7 0 12-6 12-12zm59-11h-22v5h21v12h-21v18h-14v-47h36v12z\"><\/path><\/svg><\/span><\/div>\n                    <\/a>\n                    <div id=\"4786-c21\" class=\"h-accordion-item-content__container\">\n                      <div class=\"w-100 h-y-container h-accordion-item-content\">\n                        <!---->\n                        <div data-colibri-id=\"4786-c27\" class=\"style-2583 style-local-4786-c27 position-relative h-element\">\n                          <!---->\n                          <div class=\"\"><a href=\"https:\/\/usta.bf\/wp-content\/uploads\/2025\/10\/Doc18.pdf\" download  target=\"_blank\"><button class=\"\">Download<\/button><\/a><iframe id=\"s_pdf_frame\" src=\"\/\/docs.google.com\/gview?embedded=true&url=https:\/\/usta.bf\/wp-content\/uploads\/2025\/10\/Doc18.pdf\" style=\"float:left; padding:10px; width:100%;height:600px;\" frameborder=\"0\"><\/iframe><\/div>\n                        <\/div>\n                      <\/div>\n                    <\/div>\n                  <\/div>\n                  <div data-colibri-id=\"4786-c23\" class=\"h-accordion-item style-2577 style-local-4786-c23 position-relative h-element\">\n                    <!---->\n                    <a data-open-by-default=\"true\" href=\"#4786-c23\" class=\"h-accordion-item-title d-flex align-items-center h-global-transition\">\n                      <!----><span>PREMIERE VAGUE &#8211; GARCON<\/span>\n                      <div class=\"h-accordion-item-title-normal-icon h-accordion-item-title-icon h-accordion-item-title-icon-right\"><span class=\"h-svg-icon\"><!--Icon by Material Icons (https:\/\/material.io)--><svg version=\"1.1\" xmlns=\"http:\/\/www.w3.org\/2000\/svg\" xmlns:xlink=\"http:\/\/www.w3.org\/1999\/xlink\" id=\"open_in_new\" viewBox=\"0 0 512 512\"><path d=\"M299 64h149v149h-43v-76L196 346l-30-30 209-209h-76V64zm106 341V256h43v149q0 17-13 30t-30 13H107q-18 0-30.5-13T64 405V107q0-17 12.5-30T107 64h149v43H107v298h298z\"><\/path><\/svg><\/span><\/div>\n                      <div class=\"h-accordion-item-title-active-icon h-accordion-item-title-icon h-accordion-item-title-icon-right\"><span class=\"h-svg-icon\"><!--Icon by Foundation Icons (https:\/\/zurb.com\/playground\/foundation-icon-fonts-3)--><svg version=\"1.1\" xmlns=\"http:\/\/www.w3.org\/2000\/svg\" xmlns:xlink=\"http:\/\/www.w3.org\/1999\/xlink\" id=\"page-export-pdf\" viewBox=\"0 0 458 512.5\"><path d=\"M456 336.25c2 1 2 3 2 5s0 4-2 5l-94 68c-2 1-5 2-7 1s-3-4-3-6v-32h-86c-4 0-7-3-7-7v-58c0-4 3-6 7-6h85v-32c0-2 2-5 4-6s4-1 6 0zm-155 66c5 0 9 4 9 9v58c0 5-4 8-9 8H9c-5 0-9-3-9-8v-302l133-132h168c5 0 9 3 9 8v229c0 5-4 8-9 8h-33c-5 0-9-3-9-8v-186H151v90c0 5-4 9-9 9H51v241h208v-15c0-5 4-9 9-9h33zm-218-85h26c11 0 17 7 17 16s-6 16-17 16H98v15H83v-47zm28 16c0-3-2-4-4-4h-9v8h9c2 0 4-2 4-4zm22-16h21c15 0 26 8 26 23s-11 24-26 24h-21v-47zm33 23c0-6-4-11-12-11h-7v23h7c7 0 12-6 12-12zm59-11h-22v5h21v12h-21v18h-14v-47h36v12z\"><\/path><\/svg><\/span><\/div>\n                    <\/a>\n                    <div id=\"4786-c23\" class=\"h-accordion-item-content__container\">\n                      <div class=\"w-100 h-y-container h-accordion-item-content\">\n                        <!---->\n                        <div data-colibri-id=\"4786-c28\" class=\"style-2584 style-local-4786-c28 position-relative h-element\">\n                          <!---->\n                          <div class=\"\"><a href=\"https:\/\/usta.bf\/wp-content\/uploads\/2025\/10\/Doc19.pdf\" download  target=\"_blank\"><button class=\"\">Download<\/button><\/a><iframe id=\"s_pdf_frame\" src=\"\/\/docs.google.com\/gview?embedded=true&url=https:\/\/usta.bf\/wp-content\/uploads\/2025\/10\/Doc19.pdf\" style=\"float:left; padding:10px; width:100%;height:600px;\" frameborder=\"0\"><\/iframe><\/div>\n                        <\/div>\n                      <\/div>\n                    <\/div>\n                  <\/div>\n                <\/div>\n              <\/div>\n            <\/div>\n          <\/div>\n        <\/div>\n      <\/div>\n    <\/div>\n  <\/div>\n<\/div>","protected":false},"excerpt":{"rendered":"<p>R\u00e9sultats de l\u2019examen des dossiers de demande d\u2019admission \u00e0 la r\u00e9sidence universitaire Les candidats dont les noms figurent sur les listes ci-dessous sont s\u00e9lectionn\u00e9s \u00e0 l\u2019issue de l\u2019examen des dossiers de demandes d\u2019admission \u00e0 la r\u00e9sidence universitaire au titre de l\u2019ann\u00e9e acad\u00e9mique 2025 \u2013 2026. Ils sont invit\u00e9s \u00e0 confirmer leur choix de l\u2019USTA en [&hellip;]<\/p>\n","protected":false},"author":1,"featured_media":0,"parent":0,"menu_order":0,"comment_status":"closed","ping_status":"closed","template":"page-templates\/full-width-page.php","meta":{"footnotes":""},"class_list":["post-4786","page","type-page","status-publish","hentry"],"yoast_head":"<!-- This site is optimized with the Yoast SEO plugin v26.0 - https:\/\/yoast.com\/wordpress\/plugins\/seo\/ -->\n<title>RESIDENCE - Universit\u00e9 Saint Thomas D&#039;Aquin<\/title>\n<meta name=\"robots\" content=\"index, follow, max-snippet:-1, max-image-preview:large, max-video-preview:-1\" \/>\n<link rel=\"canonical\" href=\"https:\/\/usta.bf\/?page_id=4786\" \/>\n<meta property=\"og:locale\" content=\"fr_FR\" \/>\n<meta property=\"og:type\" content=\"article\" \/>\n<meta property=\"og:title\" content=\"RESIDENCE - Universit\u00e9 Saint Thomas D&#039;Aquin\" \/>\n<meta property=\"og:description\" content=\"R\u00e9sultats de l\u2019examen des dossiers de demande d\u2019admission \u00e0 la r\u00e9sidence universitaire Les candidats dont les noms figurent sur les listes ci-dessous sont s\u00e9lectionn\u00e9s \u00e0 l\u2019issue de l\u2019examen des dossiers de demandes d\u2019admission \u00e0 la r\u00e9sidence universitaire au titre de l\u2019ann\u00e9e acad\u00e9mique 2025 \u2013 2026. Ils sont invit\u00e9s \u00e0 confirmer leur choix de l\u2019USTA en [&hellip;]\" \/>\n<meta property=\"og:url\" content=\"https:\/\/usta.bf\/?page_id=4786\" \/>\n<meta property=\"og:site_name\" content=\"Universit\u00e9 Saint Thomas D&#039;Aquin\" \/>\n<meta property=\"article:publisher\" content=\"https:\/\/www.facebook.com\/USTA\/\" \/>\n<meta property=\"article:modified_time\" content=\"2025-10-06T11:25:36+00:00\" \/>\n<meta name=\"twitter:card\" content=\"summary_large_image\" \/>\n<meta name=\"twitter:site\" content=\"@ustabf\" \/>\n<meta name=\"twitter:label1\" content=\"Dur\u00e9e de lecture estim\u00e9e\" \/>\n\t<meta name=\"twitter:data1\" content=\"1 minute\" \/>\n<script type=\"application\/ld+json\" class=\"yoast-schema-graph\">{\"@context\":\"https:\/\/schema.org\",\"@graph\":[{\"@type\":\"WebPage\",\"@id\":\"https:\/\/usta.bf\/?page_id=4786\",\"url\":\"https:\/\/usta.bf\/?page_id=4786\",\"name\":\"RESIDENCE - Universit\u00e9 Saint Thomas D&#039;Aquin\",\"isPartOf\":{\"@id\":\"https:\/\/usta.bf\/#website\"},\"datePublished\":\"2025-10-06T10:53:25+00:00\",\"dateModified\":\"2025-10-06T11:25:36+00:00\",\"breadcrumb\":{\"@id\":\"https:\/\/usta.bf\/?page_id=4786#breadcrumb\"},\"inLanguage\":\"fr-FR\",\"potentialAction\":[{\"@type\":\"ReadAction\",\"target\":[\"https:\/\/usta.bf\/?page_id=4786\"]}]},{\"@type\":\"BreadcrumbList\",\"@id\":\"https:\/\/usta.bf\/?page_id=4786#breadcrumb\",\"itemListElement\":[{\"@type\":\"ListItem\",\"position\":1,\"name\":\"Accueil\",\"item\":\"https:\/\/usta.bf\/\"},{\"@type\":\"ListItem\",\"position\":2,\"name\":\"RESIDENCE\"}]},{\"@type\":\"WebSite\",\"@id\":\"https:\/\/usta.bf\/#website\",\"url\":\"https:\/\/usta.bf\/\",\"name\":\"Universit\u00e9 Saint Thomas D&#039;Aquin\",\"description\":\"Veritas - Fides- Scientia\",\"publisher\":{\"@id\":\"https:\/\/usta.bf\/#organization\"},\"potentialAction\":[{\"@type\":\"SearchAction\",\"target\":{\"@type\":\"EntryPoint\",\"urlTemplate\":\"https:\/\/usta.bf\/?s={search_term_string}\"},\"query-input\":{\"@type\":\"PropertyValueSpecification\",\"valueRequired\":true,\"valueName\":\"search_term_string\"}}],\"inLanguage\":\"fr-FR\"},{\"@type\":\"Organization\",\"@id\":\"https:\/\/usta.bf\/#organization\",\"name\":\"Universit\u00e9 Saint Thomas D&#039;Aquin\",\"url\":\"https:\/\/usta.bf\/\",\"logo\":{\"@type\":\"ImageObject\",\"inLanguage\":\"fr-FR\",\"@id\":\"https:\/\/usta.bf\/#\/schema\/logo\/image\/\",\"url\":\"https:\/\/usta.bf\/wp-content\/uploads\/2022\/07\/cropped-logo_site_web_beta2.fw_.png\",\"contentUrl\":\"https:\/\/usta.bf\/wp-content\/uploads\/2022\/07\/cropped-logo_site_web_beta2.fw_.png\",\"width\":460,\"height\":126,\"caption\":\"Universit\u00e9 Saint Thomas D&#039;Aquin  \"},\"image\":{\"@id\":\"https:\/\/usta.bf\/#\/schema\/logo\/image\/\"},\"sameAs\":[\"https:\/\/www.facebook.com\/USTA\/\",\"https:\/\/x.com\/ustabf\"]}]}<\/script>\n<!-- \/ Yoast SEO plugin. -->","yoast_head_json":{"title":"RESIDENCE - Universit\u00e9 Saint Thomas D&#039;Aquin","robots":{"index":"index","follow":"follow","max-snippet":"max-snippet:-1","max-image-preview":"max-image-preview:large","max-video-preview":"max-video-preview:-1"},"canonical":"https:\/\/usta.bf\/?page_id=4786","og_locale":"fr_FR","og_type":"article","og_title":"RESIDENCE - Universit\u00e9 Saint Thomas D&#039;Aquin","og_description":"R\u00e9sultats de l\u2019examen des dossiers de demande d\u2019admission \u00e0 la r\u00e9sidence universitaire Les candidats dont les noms figurent sur les listes ci-dessous sont s\u00e9lectionn\u00e9s \u00e0 l\u2019issue de l\u2019examen des dossiers de demandes d\u2019admission \u00e0 la r\u00e9sidence universitaire au titre de l\u2019ann\u00e9e acad\u00e9mique 2025 \u2013 2026. Ils sont invit\u00e9s \u00e0 confirmer leur choix de l\u2019USTA en [&hellip;]","og_url":"https:\/\/usta.bf\/?page_id=4786","og_site_name":"Universit\u00e9 Saint Thomas D&#039;Aquin","article_publisher":"https:\/\/www.facebook.com\/USTA\/","article_modified_time":"2025-10-06T11:25:36+00:00","twitter_card":"summary_large_image","twitter_site":"@ustabf","twitter_misc":{"Dur\u00e9e de lecture estim\u00e9e":"1 minute"},"schema":{"@context":"https:\/\/schema.org","@graph":[{"@type":"WebPage","@id":"https:\/\/usta.bf\/?page_id=4786","url":"https:\/\/usta.bf\/?page_id=4786","name":"RESIDENCE - Universit\u00e9 Saint Thomas D&#039;Aquin","isPartOf":{"@id":"https:\/\/usta.bf\/#website"},"datePublished":"2025-10-06T10:53:25+00:00","dateModified":"2025-10-06T11:25:36+00:00","breadcrumb":{"@id":"https:\/\/usta.bf\/?page_id=4786#breadcrumb"},"inLanguage":"fr-FR","potentialAction":[{"@type":"ReadAction","target":["https:\/\/usta.bf\/?page_id=4786"]}]},{"@type":"BreadcrumbList","@id":"https:\/\/usta.bf\/?page_id=4786#breadcrumb","itemListElement":[{"@type":"ListItem","position":1,"name":"Accueil","item":"https:\/\/usta.bf\/"},{"@type":"ListItem","position":2,"name":"RESIDENCE"}]},{"@type":"WebSite","@id":"https:\/\/usta.bf\/#website","url":"https:\/\/usta.bf\/","name":"Universit\u00e9 Saint Thomas D&#039;Aquin","description":"Veritas - Fides- Scientia","publisher":{"@id":"https:\/\/usta.bf\/#organization"},"potentialAction":[{"@type":"SearchAction","target":{"@type":"EntryPoint","urlTemplate":"https:\/\/usta.bf\/?s={search_term_string}"},"query-input":{"@type":"PropertyValueSpecification","valueRequired":true,"valueName":"search_term_string"}}],"inLanguage":"fr-FR"},{"@type":"Organization","@id":"https:\/\/usta.bf\/#organization","name":"Universit\u00e9 Saint Thomas D&#039;Aquin","url":"https:\/\/usta.bf\/","logo":{"@type":"ImageObject","inLanguage":"fr-FR","@id":"https:\/\/usta.bf\/#\/schema\/logo\/image\/","url":"https:\/\/usta.bf\/wp-content\/uploads\/2022\/07\/cropped-logo_site_web_beta2.fw_.png","contentUrl":"https:\/\/usta.bf\/wp-content\/uploads\/2022\/07\/cropped-logo_site_web_beta2.fw_.png","width":460,"height":126,"caption":"Universit\u00e9 Saint Thomas D&#039;Aquin  "},"image":{"@id":"https:\/\/usta.bf\/#\/schema\/logo\/image\/"},"sameAs":["https:\/\/www.facebook.com\/USTA\/","https:\/\/x.com\/ustabf"]}]}},"_links":{"self":[{"href":"https:\/\/usta.bf\/index.php?rest_route=\/wp\/v2\/pages\/4786","targetHints":{"allow":["GET"]}}],"collection":[{"href":"https:\/\/usta.bf\/index.php?rest_route=\/wp\/v2\/pages"}],"about":[{"href":"https:\/\/usta.bf\/index.php?rest_route=\/wp\/v2\/types\/page"}],"author":[{"embeddable":true,"href":"https:\/\/usta.bf\/index.php?rest_route=\/wp\/v2\/users\/1"}],"replies":[{"embeddable":true,"href":"https:\/\/usta.bf\/index.php?rest_route=%2Fwp%2Fv2%2Fcomments&post=4786"}],"version-history":[{"count":2,"href":"https:\/\/usta.bf\/index.php?rest_route=\/wp\/v2\/pages\/4786\/revisions"}],"predecessor-version":[{"id":4800,"href":"https:\/\/usta.bf\/index.php?rest_route=\/wp\/v2\/pages\/4786\/revisions\/4800"}],"wp:attachment":[{"href":"https:\/\/usta.bf\/index.php?rest_route=%2Fwp%2Fv2%2Fmedia&parent=4786"}],"curies":[{"name":"wp","href":"https:\/\/api.w.org\/{rel}","templated":true}]}}