{"id":584,"date":"2022-07-01T06:01:54","date_gmt":"2022-07-01T06:01:54","guid":{"rendered":"https:\/\/usta.bf\/?page_id=584"},"modified":"2022-07-01T06:10:53","modified_gmt":"2022-07-01T06:10:53","slug":"services-aux-etudiants","status":"publish","type":"page","link":"https:\/\/usta.bf\/?page_id=584","title":{"rendered":"Services aux \u00e9tudiants"},"content":{"rendered":"<div data-colibri-id=\"584-c1\" class=\"style-372 style-local-584-c1 position-relative\">\r\n  <!---->\r\n  <div data-colibri-component=\"section\" data-colibri-id=\"584-c2\" id=\"overlappable\" class=\"h-section h-section-global-spacing d-flex align-items-lg-center align-items-md-center align-items-center style-373 style-local-584-c2 position-relative\">\r\n    <!---->\r\n    <!---->\r\n    <div class=\"h-section-grid-container h-section-boxed-container\">\r\n      <!---->\r\n      <div data-colibri-id=\"584-c3\" class=\"h-row-container gutters-row-lg-0 gutters-row-md-0 gutters-row-2 gutters-row-v-lg-0 gutters-row-v-md-0 gutters-row-v-2 style-374 style-local-584-c3 position-relative\">\r\n        <!---->\r\n        <div class=\"h-row justify-content-lg-center justify-content-md-center justify-content-center align-items-lg-stretch align-items-md-stretch align-items-stretch gutters-col-lg-0 gutters-col-md-0 gutters-col-2 gutters-col-v-lg-0 gutters-col-v-md-0 gutters-col-v-2\">\r\n          <!---->\r\n          <div class=\"h-column h-column-container d-flex h-col-lg-3 h-col-md-3 h-col-12 style-375-outer style-local-584-c4-outer\">\r\n            <div data-colibri-id=\"584-c4\" class=\"d-flex h-flex-basis h-column__inner h-px-lg-3 h-px-md-3 h-px-2 v-inner-lg-3 v-inner-md-3 v-inner-2 style-375 style-local-584-c4 position-relative\">\r\n              <!---->\r\n              <!---->\r\n              <div class=\"w-100 h-y-container h-column__content h-column__v-align flex-basis-100 align-self-lg-center align-self-md-center align-self-center\">\r\n                <!---->\r\n                <div data-colibri-id=\"584-c5\" class=\"h-icon style-376 style-local-584-c5 position-relative h-element\">\r\n                  <!----><span class=\"h-svg-icon h-icon__icon style-376-icon style-local-584-c5-icon\"><!--Icon by Icons8 Line Awesome (https:\/\/icons8.com\/line-awesome)--><svg version=\"1.1\" xmlns=\"http:\/\/www.w3.org\/2000\/svg\" xmlns:xlink=\"http:\/\/www.w3.org\/1999\/xlink\" id=\"hotel\" viewBox=\"0 0 512 545.5\"><path d=\"M96 128h320c26.327 0 48 21.673 48 48v108.5c9.764 8.813 16 21.446 16 35.5v144h-80v-32H112v32H32V320c0-14.054 6.236-26.688 16-35.5V176c0-26.327 21.673-48 48-48zm0 32c-8.873 0-16 7.127-16 16v96h32v-16c0-26.327 21.673-48 48-48h64c12.273 0 23.474 4.805 32 12.5 8.526-7.695 19.727-12.5 32-12.5h64c26.327 0 48 21.673 48 48v16h32v-96c0-8.873-7.127-16-16-16H96zm64 80c-8.873 0-16 7.127-16 16v16h96v-16c0-8.873-7.127-16-16-16h-64zm128 0c-8.873 0-16 7.127-16 16v16h96v-16c0-8.873-7.127-16-16-16h-64zM80 304c-8.873 0-16 7.127-16 16v112h16v-32h352v32h16V320c0-8.873-7.127-16-16-16H80z\"><\/path><\/svg><\/span><\/div>\r\n                <div\r\n                  data-colibri-id=\"584-c6\" class=\"h-global-transition-all h-heading style-377 style-local-584-c6 position-relative h-element\">\r\n                  <!---->\r\n                  <div class=\"h-heading__outer style-377 style-local-584-c6\">\r\n                    <!---->\r\n                    <!---->\r\n                    <h5 class=\"\">H\u00e9bergement<\/h5>\r\n                  <\/div>\r\n              <\/div>\r\n              <div data-colibri-id=\"584-c7\" class=\"h-text h-text-component style-378 style-local-584-c7 position-relative h-element\">\r\n                <!---->\r\n                <!---->\r\n                <div class=\"\">\r\n                  <p>Lorem ipsum dolor sit amet, consectetur adipiscing eli.<\/p>\r\n                <\/div>\r\n              <\/div>\r\n            <\/div>\r\n          <\/div>\r\n        <\/div>\r\n        <div class=\"h-column h-column-container d-flex h-col-lg-3 h-col-md-3 h-col-12 style-375-outer style-local-584-c8-outer\">\r\n          <div data-colibri-id=\"584-c8\" class=\"d-flex h-flex-basis h-column__inner h-px-lg-3 h-px-md-3 h-px-2 v-inner-lg-3 v-inner-md-3 v-inner-2 style-375 style-local-584-c8 position-relative\">\r\n            <!---->\r\n            <!---->\r\n            <div class=\"w-100 h-y-container h-column__content h-column__v-align flex-basis-100 align-self-lg-center align-self-md-center align-self-center\">\r\n              <!---->\r\n              <div data-colibri-id=\"584-c9\" class=\"h-icon style-376 style-local-584-c9 position-relative h-element\">\r\n                <!----><span class=\"h-svg-icon h-icon__icon style-376-icon style-local-584-c9-icon\"><!--Icon by Icons8 Line Awesome (https:\/\/icons8.com\/line-awesome)--><svg version=\"1.1\" xmlns=\"http:\/\/www.w3.org\/2000\/svg\" xmlns:xlink=\"http:\/\/www.w3.org\/1999\/xlink\" id=\"header\" viewBox=\"0 0 512 545.5\"><path d=\"M80 112h128v32h-16v96h96v-96h-16v-32h128v32h-16v288h16v32H272v-32h16v-96h-96v96h16v32H80v-32h16V144H80v-32zm48 32v288h32V304h160v128h32V144h-32v128H160V144h-32z\"><\/path><\/svg><\/span><\/div>\r\n              <div\r\n                data-colibri-id=\"584-c10\" class=\"h-global-transition-all h-heading style-377 style-local-584-c10 position-relative h-element\">\r\n                <!---->\r\n                <div class=\"h-heading__outer style-377 style-local-584-c10\">\r\n                  <!---->\r\n                  <!---->\r\n                  <h5 class=\"\">Sant\u00e9<\/h5>\r\n                <\/div>\r\n            <\/div>\r\n            <div data-colibri-id=\"584-c11\" class=\"h-text h-text-component style-378 style-local-584-c11 position-relative h-element\">\r\n              <!---->\r\n              <!---->\r\n              <div class=\"\">\r\n                <p>Lorem ipsum dolor sit amet, consectetur adipiscing eli.<\/p>\r\n              <\/div>\r\n            <\/div>\r\n          <\/div>\r\n        <\/div>\r\n      <\/div>\r\n      <div class=\"h-column h-column-container d-flex h-col-lg-3 h-col-md-3 h-col-12 style-375-outer style-local-584-c12-outer\">\r\n        <div data-colibri-id=\"584-c12\" class=\"d-flex h-flex-basis h-column__inner h-px-lg-3 h-px-md-3 h-px-2 v-inner-lg-3 v-inner-md-3 v-inner-2 style-375 style-local-584-c12 position-relative\">\r\n          <!---->\r\n          <!---->\r\n          <div class=\"w-100 h-y-container h-column__content h-column__v-align flex-basis-100 align-self-lg-center align-self-md-center align-self-center\">\r\n            <!---->\r\n            <div data-colibri-id=\"584-c13\" class=\"h-icon style-376 style-local-584-c13 position-relative h-element\">\r\n              <!----><span class=\"h-svg-icon h-icon__icon style-376-icon style-local-584-c13-icon\"><!--Icon by Socicon (http:\/\/www.socicon.com)--><svg version=\"1.1\" xmlns=\"http:\/\/www.w3.org\/2000\/svg\" viewBox=\"0 0 1500 1500\">\r\n\r\n<path d=\"M0 754.5c42-40.5 84-82.5 124.5-123 175.5-174 349.5-349.5 525-523.5 28.5-28.5 57-55.5 84-84 10.5-10.5 16.5-10.5 27 0 112.5 114 225 226.5 337.5 339 130.5 130.5 261 261 391.5 391.5 3 3 7.5 7.5 10.5 12-4.5 4.5-9 3-13.5 3-72 0-144 0-217.5-1.5-12 0-15 3-15 15 0 228 0 456 0 684 0 13.5-4.5 18-18 18-337.5 0-675 0-1012.5 0-15 0-16.5-6-16.5-18 0-229.5 0-460.5 1.5-690 0-13.5-4.5-16.5-18-16.5-58.5 0-117 0-175.5 0-4.5 0-9 0-13.5 0 0-3-1.5-4.5-1.5-6zM712.5 637.5c0-48 0-91.5 0-136.5 0-28.5-6-36-34.5-36-94.5 0-189 0-285 0-13.5 0-18 4.5-18 18 0 16.5 12 13.5 21 15 46.5 6 72 28.5 79.5 73.5 9 49.5 4.5 99 4.5 148.5 0 138 0 276 0 415.5 0 57 1.5 114-12 169.5-6 25.5-19.5 43.5-43.5 54-18 7.5-34.5 15-54 19.5-6 1.5-10.5 3-10.5 12-1.5 18 0 18 18 18 145.5 0 291 0 436.5 0 6 0 13.5 1.5 12-7.5 0-9 4.5-19.5-9-22.5-15-3-28.5-10.5-43.5-15-36-12-54-36-60-73.5-6-34.5-7.5-70.5-7.5-105 0-91.5 1.5-183 1.5-276 0-34.5 0-70.5 9-105 16.5-66 34.5-129 73.5-186 16.5-25.5 39-46.5 66-61.5 12-6 19.5-3 24 9 3 9 6 18 9 28.5 6 19.5 13.5 39 24 57 42 76.5 150 87 199.5 19.5 36-48 33-135-7.5-180-37.5-43.5-88.5-52.5-142.5-45-82.5 13.5-148.5 57-205.5 118.5-16.5 22.5-30 46.5-45 73.5z\"><\/path>\r\n<\/svg>\r\n<\/span><\/div>\r\n            <div data-colibri-id=\"584-c14\" class=\"h-global-transition-all h-heading style-377 style-local-584-c14 position-relative h-element\">\r\n              <!---->\r\n              <div class=\"h-heading__outer style-377 style-local-584-c14\">\r\n                <!---->\r\n                <!---->\r\n                <h5 class=\"\">Restauration<\/h5>\r\n              <\/div>\r\n            <\/div>\r\n            <div data-colibri-id=\"584-c15\" class=\"h-text h-text-component style-378 style-local-584-c15 position-relative h-element\">\r\n              <!---->\r\n              <!---->\r\n              <div class=\"\">\r\n                <p>Lorem ipsum dolor sit amet, consectetur adipiscing eli.<\/p>\r\n              <\/div>\r\n            <\/div>\r\n          <\/div>\r\n        <\/div>\r\n      <\/div>\r\n      <div class=\"h-column h-column-container d-flex h-col-lg-3 h-col-md-3 h-col-12 style-379-outer style-local-584-c16-outer\">\r\n        <div data-colibri-id=\"584-c16\" class=\"d-flex h-flex-basis h-column__inner h-px-lg-3 h-px-md-3 h-px-2 v-inner-lg-3 v-inner-md-3 v-inner-2 style-379 style-local-584-c16 position-relative\">\r\n          <!---->\r\n          <!---->\r\n          <div class=\"w-100 h-y-container h-column__content h-column__v-align flex-basis-100 align-self-lg-center align-self-md-center align-self-center\">\r\n            <!---->\r\n            <div data-colibri-id=\"584-c17\" class=\"h-icon style-376 style-local-584-c17 position-relative h-element\">\r\n              <!----><span class=\"h-svg-icon h-icon__icon style-376-icon style-local-584-c17-icon\"><!--Icon by Icons8 Line Awesome (https:\/\/icons8.com\/line-awesome)--><svg version=\"1.1\" xmlns=\"http:\/\/www.w3.org\/2000\/svg\" xmlns:xlink=\"http:\/\/www.w3.org\/1999\/xlink\" id=\"area-chart\" viewBox=\"0 0 512 545.5\"><path d=\"M448 97v383H64V204.5l19 4 73 14.5 91-60.5 5.5-3.5 6 1 89.5 15 74-58zm-32 65.5l-54 42-5.5 4.5-7-1-90-15-90.5 60.5-5.5 3.5-6.5-1.5-61-12V309l62 25 89-59.5 6.5-4 7.5 2.5 87.5 29 67.5-53.5v-86zm0 127l-54 43-7 5.5-8-3-88-29.5-90 60-7 4.5-8-3-58-23v104h320V289.5z\"><\/path><\/svg><\/span><\/div>\r\n            <div\r\n              data-colibri-id=\"584-c18\" class=\"h-global-transition-all h-heading style-377 style-local-584-c18 position-relative h-element\">\r\n              <!---->\r\n              <div class=\"h-heading__outer style-377 style-local-584-c18\">\r\n                <!---->\r\n                <!---->\r\n                <h5 class=\"\">Sports et culture<\/h5>\r\n              <\/div>\r\n          <\/div>\r\n          <div data-colibri-id=\"584-c19\" class=\"h-text h-text-component style-378 style-local-584-c19 position-relative h-element\">\r\n            <!---->\r\n            <!---->\r\n            <div class=\"\">\r\n              <p><span style=\"font-weight: 400; font-size: 16px; font-family: &quot;Open Sans&quot;; color: rgb(70, 112, 127);\">Lorem ipsum dolor sit amet, consectetur adipiscing eli.<\/span><\/p>\r\n            <\/div>\r\n          <\/div>\r\n        <\/div>\r\n      <\/div>\r\n    <\/div>\r\n  <\/div>\r\n<\/div>\r\n<\/div>\r\n<\/div>\r\n<\/div>","protected":false},"excerpt":{"rendered":"<p>H\u00e9bergement Lorem ipsum dolor sit amet, consectetur adipiscing eli. Sant\u00e9 Lorem ipsum dolor sit amet, consectetur adipiscing eli. Restauration Lorem ipsum dolor sit amet, consectetur adipiscing eli. Sports et culture Lorem ipsum dolor sit amet, consectetur adipiscing eli.<\/p>\n","protected":false},"author":1,"featured_media":0,"parent":0,"menu_order":0,"comment_status":"closed","ping_status":"closed","template":"page-templates\/full-width-page.php","meta":{"footnotes":""},"class_list":["post-584","page","type-page","status-publish","hentry"],"yoast_head":"<!-- This site is optimized with the Yoast SEO plugin v26.0 - https:\/\/yoast.com\/wordpress\/plugins\/seo\/ -->\n<title>Services aux \u00e9tudiants - Universit\u00e9 Saint Thomas D&#039;Aquin<\/title>\n<meta name=\"robots\" content=\"index, follow, max-snippet:-1, max-image-preview:large, max-video-preview:-1\" \/>\n<link rel=\"canonical\" href=\"https:\/\/usta.bf\/?page_id=584\" \/>\n<meta property=\"og:locale\" content=\"fr_FR\" \/>\n<meta property=\"og:type\" content=\"article\" \/>\n<meta property=\"og:title\" content=\"Services aux \u00e9tudiants - Universit\u00e9 Saint Thomas D&#039;Aquin\" \/>\n<meta property=\"og:description\" content=\"H\u00e9bergement Lorem ipsum dolor sit amet, consectetur adipiscing eli. Sant\u00e9 Lorem ipsum dolor sit amet, consectetur adipiscing eli. Restauration Lorem ipsum dolor sit amet, consectetur adipiscing eli. Sports et culture Lorem ipsum dolor sit amet, consectetur adipiscing eli.\" \/>\n<meta property=\"og:url\" content=\"https:\/\/usta.bf\/?page_id=584\" \/>\n<meta property=\"og:site_name\" content=\"Universit\u00e9 Saint Thomas D&#039;Aquin\" \/>\n<meta property=\"article:publisher\" content=\"https:\/\/www.facebook.com\/USTA\/\" \/>\n<meta property=\"article:modified_time\" content=\"2022-07-01T06:10:53+00:00\" \/>\n<meta name=\"twitter:card\" content=\"summary_large_image\" \/>\n<meta name=\"twitter:site\" content=\"@ustabf\" \/>\n<script type=\"application\/ld+json\" class=\"yoast-schema-graph\">{\"@context\":\"https:\/\/schema.org\",\"@graph\":[{\"@type\":\"WebPage\",\"@id\":\"https:\/\/usta.bf\/?page_id=584\",\"url\":\"https:\/\/usta.bf\/?page_id=584\",\"name\":\"Services aux \u00e9tudiants - Universit\u00e9 Saint Thomas D&#039;Aquin\",\"isPartOf\":{\"@id\":\"https:\/\/usta.bf\/#website\"},\"datePublished\":\"2022-07-01T06:01:54+00:00\",\"dateModified\":\"2022-07-01T06:10:53+00:00\",\"breadcrumb\":{\"@id\":\"https:\/\/usta.bf\/?page_id=584#breadcrumb\"},\"inLanguage\":\"fr-FR\",\"potentialAction\":[{\"@type\":\"ReadAction\",\"target\":[\"https:\/\/usta.bf\/?page_id=584\"]}]},{\"@type\":\"BreadcrumbList\",\"@id\":\"https:\/\/usta.bf\/?page_id=584#breadcrumb\",\"itemListElement\":[{\"@type\":\"ListItem\",\"position\":1,\"name\":\"Accueil\",\"item\":\"https:\/\/usta.bf\/\"},{\"@type\":\"ListItem\",\"position\":2,\"name\":\"Services aux \u00e9tudiants\"}]},{\"@type\":\"WebSite\",\"@id\":\"https:\/\/usta.bf\/#website\",\"url\":\"https:\/\/usta.bf\/\",\"name\":\"Universit\u00e9 Saint Thomas D&#039;Aquin\",\"description\":\"Veritas - Fides- Scientia\",\"publisher\":{\"@id\":\"https:\/\/usta.bf\/#organization\"},\"potentialAction\":[{\"@type\":\"SearchAction\",\"target\":{\"@type\":\"EntryPoint\",\"urlTemplate\":\"https:\/\/usta.bf\/?s={search_term_string}\"},\"query-input\":{\"@type\":\"PropertyValueSpecification\",\"valueRequired\":true,\"valueName\":\"search_term_string\"}}],\"inLanguage\":\"fr-FR\"},{\"@type\":\"Organization\",\"@id\":\"https:\/\/usta.bf\/#organization\",\"name\":\"Universit\u00e9 Saint Thomas D&#039;Aquin\",\"url\":\"https:\/\/usta.bf\/\",\"logo\":{\"@type\":\"ImageObject\",\"inLanguage\":\"fr-FR\",\"@id\":\"https:\/\/usta.bf\/#\/schema\/logo\/image\/\",\"url\":\"https:\/\/usta.bf\/wp-content\/uploads\/2022\/07\/cropped-logo_site_web_beta2.fw_.png\",\"contentUrl\":\"https:\/\/usta.bf\/wp-content\/uploads\/2022\/07\/cropped-logo_site_web_beta2.fw_.png\",\"width\":460,\"height\":126,\"caption\":\"Universit\u00e9 Saint Thomas D&#039;Aquin  \"},\"image\":{\"@id\":\"https:\/\/usta.bf\/#\/schema\/logo\/image\/\"},\"sameAs\":[\"https:\/\/www.facebook.com\/USTA\/\",\"https:\/\/x.com\/ustabf\"]}]}<\/script>\n<!-- \/ Yoast SEO plugin. -->","yoast_head_json":{"title":"Services aux \u00e9tudiants - Universit\u00e9 Saint Thomas D&#039;Aquin","robots":{"index":"index","follow":"follow","max-snippet":"max-snippet:-1","max-image-preview":"max-image-preview:large","max-video-preview":"max-video-preview:-1"},"canonical":"https:\/\/usta.bf\/?page_id=584","og_locale":"fr_FR","og_type":"article","og_title":"Services aux \u00e9tudiants - Universit\u00e9 Saint Thomas D&#039;Aquin","og_description":"H\u00e9bergement Lorem ipsum dolor sit amet, consectetur adipiscing eli. Sant\u00e9 Lorem ipsum dolor sit amet, consectetur adipiscing eli. Restauration Lorem ipsum dolor sit amet, consectetur adipiscing eli. Sports et culture Lorem ipsum dolor sit amet, consectetur adipiscing eli.","og_url":"https:\/\/usta.bf\/?page_id=584","og_site_name":"Universit\u00e9 Saint Thomas D&#039;Aquin","article_publisher":"https:\/\/www.facebook.com\/USTA\/","article_modified_time":"2022-07-01T06:10:53+00:00","twitter_card":"summary_large_image","twitter_site":"@ustabf","schema":{"@context":"https:\/\/schema.org","@graph":[{"@type":"WebPage","@id":"https:\/\/usta.bf\/?page_id=584","url":"https:\/\/usta.bf\/?page_id=584","name":"Services aux \u00e9tudiants - Universit\u00e9 Saint Thomas D&#039;Aquin","isPartOf":{"@id":"https:\/\/usta.bf\/#website"},"datePublished":"2022-07-01T06:01:54+00:00","dateModified":"2022-07-01T06:10:53+00:00","breadcrumb":{"@id":"https:\/\/usta.bf\/?page_id=584#breadcrumb"},"inLanguage":"fr-FR","potentialAction":[{"@type":"ReadAction","target":["https:\/\/usta.bf\/?page_id=584"]}]},{"@type":"BreadcrumbList","@id":"https:\/\/usta.bf\/?page_id=584#breadcrumb","itemListElement":[{"@type":"ListItem","position":1,"name":"Accueil","item":"https:\/\/usta.bf\/"},{"@type":"ListItem","position":2,"name":"Services aux \u00e9tudiants"}]},{"@type":"WebSite","@id":"https:\/\/usta.bf\/#website","url":"https:\/\/usta.bf\/","name":"Universit\u00e9 Saint Thomas D&#039;Aquin","description":"Veritas - Fides- Scientia","publisher":{"@id":"https:\/\/usta.bf\/#organization"},"potentialAction":[{"@type":"SearchAction","target":{"@type":"EntryPoint","urlTemplate":"https:\/\/usta.bf\/?s={search_term_string}"},"query-input":{"@type":"PropertyValueSpecification","valueRequired":true,"valueName":"search_term_string"}}],"inLanguage":"fr-FR"},{"@type":"Organization","@id":"https:\/\/usta.bf\/#organization","name":"Universit\u00e9 Saint Thomas D&#039;Aquin","url":"https:\/\/usta.bf\/","logo":{"@type":"ImageObject","inLanguage":"fr-FR","@id":"https:\/\/usta.bf\/#\/schema\/logo\/image\/","url":"https:\/\/usta.bf\/wp-content\/uploads\/2022\/07\/cropped-logo_site_web_beta2.fw_.png","contentUrl":"https:\/\/usta.bf\/wp-content\/uploads\/2022\/07\/cropped-logo_site_web_beta2.fw_.png","width":460,"height":126,"caption":"Universit\u00e9 Saint Thomas D&#039;Aquin  "},"image":{"@id":"https:\/\/usta.bf\/#\/schema\/logo\/image\/"},"sameAs":["https:\/\/www.facebook.com\/USTA\/","https:\/\/x.com\/ustabf"]}]}},"_links":{"self":[{"href":"https:\/\/usta.bf\/index.php?rest_route=\/wp\/v2\/pages\/584","targetHints":{"allow":["GET"]}}],"collection":[{"href":"https:\/\/usta.bf\/index.php?rest_route=\/wp\/v2\/pages"}],"about":[{"href":"https:\/\/usta.bf\/index.php?rest_route=\/wp\/v2\/types\/page"}],"author":[{"embeddable":true,"href":"https:\/\/usta.bf\/index.php?rest_route=\/wp\/v2\/users\/1"}],"replies":[{"embeddable":true,"href":"https:\/\/usta.bf\/index.php?rest_route=%2Fwp%2Fv2%2Fcomments&post=584"}],"version-history":[{"count":2,"href":"https:\/\/usta.bf\/index.php?rest_route=\/wp\/v2\/pages\/584\/revisions"}],"predecessor-version":[{"id":594,"href":"https:\/\/usta.bf\/index.php?rest_route=\/wp\/v2\/pages\/584\/revisions\/594"}],"wp:attachment":[{"href":"https:\/\/usta.bf\/index.php?rest_route=%2Fwp%2Fv2%2Fmedia&parent=584"}],"curies":[{"name":"wp","href":"https:\/\/api.w.org\/{rel}","templated":true}]}}