{"id":69,"date":"2021-07-22T21:48:06","date_gmt":"2021-07-22T19:48:06","guid":{"rendered":"https:\/\/usta.bf\/?page_id=69"},"modified":"2023-07-27T12:48:57","modified_gmt":"2023-07-27T12:48:57","slug":"la-faculte-des-sciences-juridiques-et-politiques","status":"publish","type":"page","link":"https:\/\/usta.bf\/?page_id=69","title":{"rendered":"La Facult\u00e9 des sciences juridiques et politiques"},"content":{"rendered":"<div data-colibri-id=\"69-c1\" class=\"style-1092 style-local-69-c1 position-relative\">\n  <!---->\n  <div data-colibri-component=\"section\" data-colibri-id=\"69-c6\" id=\"custom\" class=\"h-section h-section-global-spacing d-flex align-items-lg-center align-items-md-center align-items-center style-1097 style-local-69-c6 position-relative\">\n    <!---->\n    <!---->\n    <div class=\"h-section-grid-container h-section-boxed-container\">\n      <!---->\n      <div data-colibri-id=\"69-c7\" class=\"h-row-container gutters-row-lg-2 gutters-row-md-2 gutters-row-0 gutters-row-v-lg-2 gutters-row-v-md-2 gutters-row-v-2 style-1098 style-local-69-c7 position-relative\">\n        <!---->\n        <div class=\"h-row justify-content-lg-center justify-content-md-center justify-content-center align-items-lg-stretch align-items-md-stretch align-items-stretch gutters-col-lg-2 gutters-col-md-2 gutters-col-0 gutters-col-v-lg-2 gutters-col-v-md-2 gutters-col-v-2\">\n          <!---->\n          <div class=\"h-column h-column-container d-flex h-col-lg-auto h-col-md-auto h-col-auto style-1099-outer style-local-69-c8-outer\">\n            <div data-colibri-id=\"69-c8\" class=\"d-flex h-flex-basis h-column__inner h-px-lg-2 h-px-md-2 h-px-2 v-inner-lg-2 v-inner-md-2 v-inner-2 style-1099 style-local-69-c8 position-relative\">\n              <!---->\n              <!---->\n              <div class=\"w-100 h-y-container h-column__content h-column__v-align flex-basis-100 align-self-lg-start align-self-md-start align-self-start\">\n                <!---->\n                <div data-toggle=\"false\" data-is-preview=\"true\" data-colibri-component=\"accordion\" data-colibri-id=\"69-c9\" class=\"h-accordion style-1100 style-local-69-c9 position-relative h-element\">\n                  <!---->\n                  <div data-colibri-id=\"69-c10\" class=\"h-accordion-item h-accordion-item-first-child style-1101 style-local-69-c10 position-relative h-element\">\n                    <!---->\n                    <a data-open-by-default=\"true\" href=\"#69-c10\" class=\"h-accordion-item-title d-flex align-items-center h-global-transition\">\n                      <!----><span>Mission et objectifs<\/span>\n                      <div class=\"h-accordion-item-title-normal-icon h-accordion-item-title-icon h-accordion-item-title-icon-right\"><span class=\"h-svg-icon\"><!--Icon by Foundation Icons (https:\/\/zurb.com\/playground\/foundation-icon-fonts-3)--><svg version=\"1.1\" xmlns=\"http:\/\/www.w3.org\/2000\/svg\" xmlns:xlink=\"http:\/\/www.w3.org\/1999\/xlink\" id=\"torso-business\" viewBox=\"0 0 332 512.5\"><path d=\"M321 309.25c7 3 11 12 11 21v91c0 12-9 22-19 22H190v-72l-20-34v-1c-1-1-2-2-4-2s-2 1-3 2l-21 35h1c0 1-1 1-1 2v70H19c-10 0-19-10-19-22v-91c0-9 5-18 12-21l83-38 32-15c-15-9-27-22-35-39-7-14-11-31-11-49 0-10 2-20 4-29 11-40 43-70 81-70 39 0 72 30 82 72 2 9 3 18 3 27 0 17-4 32-10 46-8 17-19 32-34 41l33 16zm-131-23v-2c0-2-2-4-4-4h-40c-2 0-4 2-4 4 0 1 1 1 1 2l19 35h1c1 1 1 2 3 2s3-1 4-2l20-35z\"><\/path><\/svg><\/span><\/div>\n                      <div class=\"h-accordion-item-title-active-icon h-accordion-item-title-icon h-accordion-item-title-icon-right\"><span class=\"h-svg-icon\"><!--Icon by Font Awesome (https:\/\/fontawesome.com)--><svg version=\"1.1\" xmlns=\"http:\/\/www.w3.org\/2000\/svg\" xmlns:xlink=\"http:\/\/www.w3.org\/1999\/xlink\" id=\"user-circle\" viewBox=\"0 0 1792 1896.0833\"><path d=\"M1523 1339q-22-155-87.5-257.5T1251 963q-67 74-159.5 115.5T896 1120t-195.5-41.5T541 963q-119 16-184.5 118.5T269 1339q106 150 271 237.5t356 87.5 356-87.5 271-237.5zm-243-699q0-159-112.5-271.5T896 256 624.5 368.5 512 640t112.5 271.5T896 1024t271.5-112.5T1280 640zm512 256q0 182-71 347.5t-190.5 286T1245 1721t-349 71q-182 0-348-71t-286-191-191-286T0 896t71-348 191-286T548 71 896 0t348 71 286 191 191 286 71 348z\"><\/path><\/svg><\/span><\/div>\n                    <\/a>\n                    <div id=\"69-c10\" class=\"h-accordion-item-content__container\">\n                      <div class=\"w-100 h-y-container h-accordion-item-content\">\n                        <!---->\n                        <div data-colibri-id=\"69-c11\" class=\"h-text h-text-component style-1102 style-local-69-c11 position-relative h-element\">\n                          <!---->\n                          <!---->\n                          <div class=\"\">\n                            <p>La Facult\u00e9 des sciences juridiques et politiques (FSJP) est un \u00e9tablissement de l\u2019Universit\u00e9 Saint Thomas d\u2019Aquin (USTA) qui a ouvert ses portes en octobre 2004. <\/p>\n                            <p> La Facult\u00e9 des sciences juridiques et politiques a pour vocation fondamentale la formation des cadres juridiques pour les secteurs public et priv\u00e9. Elle contribue en outre, \u00e0 former de futurs enseignants de l\u2019enseignement secondaire,\n                              technique et sup\u00e9rieur.<\/p>\n                            <p>Elle a pour mission de promouvoir la recherche fondamentale et appliqu\u00e9e dans les domaines qui lui sont propres.<\/p>\n                            <p>Elle proc\u00e8de enfin aux travaux de recherche et de publication n\u00e9cessit\u00e9s par son objet ou qui lui sont demand\u00e9s.<\/p>\n                          <\/div>\n                        <\/div>\n                      <\/div>\n                    <\/div>\n                  <\/div>\n                  <div data-colibri-id=\"69-c12\" class=\"h-accordion-item style-1103 style-local-69-c12 position-relative h-element\">\n                    <!---->\n                    <a data-open-by-default=\"true\" href=\"#69-c12\" class=\"h-accordion-item-title d-flex align-items-center h-global-transition\">\n                      <!----><span>L\u2019\u00e9quipe<\/span>\n                      <div class=\"h-accordion-item-title-normal-icon h-accordion-item-title-icon h-accordion-item-title-icon-right\"><span class=\"h-svg-icon\"><!--Icon by Foundation Icons (https:\/\/zurb.com\/playground\/foundation-icon-fonts-3)--><svg version=\"1.1\" xmlns=\"http:\/\/www.w3.org\/2000\/svg\" xmlns:xlink=\"http:\/\/www.w3.org\/1999\/xlink\" id=\"torso-business\" viewBox=\"0 0 332 512.5\"><path d=\"M321 309.25c7 3 11 12 11 21v91c0 12-9 22-19 22H190v-72l-20-34v-1c-1-1-2-2-4-2s-2 1-3 2l-21 35h1c0 1-1 1-1 2v70H19c-10 0-19-10-19-22v-91c0-9 5-18 12-21l83-38 32-15c-15-9-27-22-35-39-7-14-11-31-11-49 0-10 2-20 4-29 11-40 43-70 81-70 39 0 72 30 82 72 2 9 3 18 3 27 0 17-4 32-10 46-8 17-19 32-34 41l33 16zm-131-23v-2c0-2-2-4-4-4h-40c-2 0-4 2-4 4 0 1 1 1 1 2l19 35h1c1 1 1 2 3 2s3-1 4-2l20-35z\"><\/path><\/svg><\/span><\/div>\n                      <div class=\"h-accordion-item-title-active-icon h-accordion-item-title-icon h-accordion-item-title-icon-right\"><span class=\"h-svg-icon\"><!--Icon by Font Awesome (https:\/\/fontawesome.com)--><svg version=\"1.1\" xmlns=\"http:\/\/www.w3.org\/2000\/svg\" xmlns:xlink=\"http:\/\/www.w3.org\/1999\/xlink\" id=\"user-circle\" viewBox=\"0 0 1792 1896.0833\"><path d=\"M1523 1339q-22-155-87.5-257.5T1251 963q-67 74-159.5 115.5T896 1120t-195.5-41.5T541 963q-119 16-184.5 118.5T269 1339q106 150 271 237.5t356 87.5 356-87.5 271-237.5zm-243-699q0-159-112.5-271.5T896 256 624.5 368.5 512 640t112.5 271.5T896 1024t271.5-112.5T1280 640zm512 256q0 182-71 347.5t-190.5 286T1245 1721t-349 71q-182 0-348-71t-286-191-191-286T0 896t71-348 191-286T548 71 896 0t348 71 286 191 191 286 71 348z\"><\/path><\/svg><\/span><\/div>\n                    <\/a>\n                    <div id=\"69-c12\" class=\"h-accordion-item-content__container\">\n                      <div class=\"w-100 h-y-container h-accordion-item-content\">\n                        <!---->\n                        <div data-colibri-id=\"69-c13\" class=\"h-text h-text-component style-1104 style-local-69-c13 position-relative h-element\">\n                          <!---->\n                          <!---->\n                          <div class=\"\">\n                            <p>Le d\u00e9canat, les enseignants, et le personnel administratif, technique et de soutien de la facult\u00e9 travaillent de concert pour offrir des formations, des services et un encadrement qui favorisent la r\u00e9ussite des \u00e9tudiants.<\/p>\n                          <\/div>\n                        <\/div>\n                      <\/div>\n                    <\/div>\n                  <\/div>\n                  <div data-colibri-id=\"69-c14\" class=\"h-accordion-item style-1105 style-local-69-c14 position-relative h-element\">\n                    <!---->\n                    <a data-open-by-default=\"true\" href=\"#69-c14\" class=\"h-accordion-item-title d-flex align-items-center h-global-transition\">\n                      <!----><span>Perspectives<\/span>\n                      <div class=\"h-accordion-item-title-normal-icon h-accordion-item-title-icon h-accordion-item-title-icon-right\"><span class=\"h-svg-icon\"><!--Icon by Foundation Icons (https:\/\/zurb.com\/playground\/foundation-icon-fonts-3)--><svg version=\"1.1\" xmlns=\"http:\/\/www.w3.org\/2000\/svg\" xmlns:xlink=\"http:\/\/www.w3.org\/1999\/xlink\" id=\"torso-business\" viewBox=\"0 0 332 512.5\"><path d=\"M321 309.25c7 3 11 12 11 21v91c0 12-9 22-19 22H190v-72l-20-34v-1c-1-1-2-2-4-2s-2 1-3 2l-21 35h1c0 1-1 1-1 2v70H19c-10 0-19-10-19-22v-91c0-9 5-18 12-21l83-38 32-15c-15-9-27-22-35-39-7-14-11-31-11-49 0-10 2-20 4-29 11-40 43-70 81-70 39 0 72 30 82 72 2 9 3 18 3 27 0 17-4 32-10 46-8 17-19 32-34 41l33 16zm-131-23v-2c0-2-2-4-4-4h-40c-2 0-4 2-4 4 0 1 1 1 1 2l19 35h1c1 1 1 2 3 2s3-1 4-2l20-35z\"><\/path><\/svg><\/span><\/div>\n                      <div class=\"h-accordion-item-title-active-icon h-accordion-item-title-icon h-accordion-item-title-icon-right\"><span class=\"h-svg-icon\"><!--Icon by Font Awesome (https:\/\/fontawesome.com)--><svg version=\"1.1\" xmlns=\"http:\/\/www.w3.org\/2000\/svg\" xmlns:xlink=\"http:\/\/www.w3.org\/1999\/xlink\" id=\"user-circle\" viewBox=\"0 0 1792 1896.0833\"><path d=\"M1523 1339q-22-155-87.5-257.5T1251 963q-67 74-159.5 115.5T896 1120t-195.5-41.5T541 963q-119 16-184.5 118.5T269 1339q106 150 271 237.5t356 87.5 356-87.5 271-237.5zm-243-699q0-159-112.5-271.5T896 256 624.5 368.5 512 640t112.5 271.5T896 1024t271.5-112.5T1280 640zm512 256q0 182-71 347.5t-190.5 286T1245 1721t-349 71q-182 0-348-71t-286-191-191-286T0 896t71-348 191-286T548 71 896 0t348 71 286 191 191 286 71 348z\"><\/path><\/svg><\/span><\/div>\n                    <\/a>\n                    <div id=\"69-c14\" class=\"h-accordion-item-content__container\">\n                      <div class=\"w-100 h-y-container h-accordion-item-content\">\n                        <!---->\n                        <div data-colibri-id=\"69-c15\" class=\"h-text h-text-component style-1106 style-local-69-c15 position-relative h-element\">\n                          <!---->\n                          <!---->\n                          <div class=\"\">\n                            <p>Les activit\u00e9s pr\u00e9vues en perspective au sein de la facult\u00e9 sont entre autres :<\/p>\n                            <ul>\n                              <li>L\u2019enrichissement de la biblioth\u00e8que en documents dans les domaines juridiques et politiques ;<\/li>\n                              <li>Le recrutement d\u2019enseignants permanents ;<\/li>\n                              <li>L\u2019ouverture de nouveaux parcours de niveaux licence et master ;<\/li>\n                              <li>Le renforcement de la recherche en droit.<\/li>\n                            <\/ul>\n                          <\/div>\n                        <\/div>\n                      <\/div>\n                    <\/div>\n                  <\/div>\n                  <div data-colibri-id=\"69-c16\" class=\"h-accordion-item style-1107 style-local-69-c16 position-relative h-element\">\n                    <!---->\n                    <a data-open-by-default=\"true\" href=\"#69-c16\" class=\"h-accordion-item-title d-flex align-items-center h-global-transition\">\n                      <!----><span>Programmes<\/span>\n                      <div class=\"h-accordion-item-title-normal-icon h-accordion-item-title-icon h-accordion-item-title-icon-right\"><span class=\"h-svg-icon\"><!--Icon by Foundation Icons (https:\/\/zurb.com\/playground\/foundation-icon-fonts-3)--><svg version=\"1.1\" xmlns=\"http:\/\/www.w3.org\/2000\/svg\" xmlns:xlink=\"http:\/\/www.w3.org\/1999\/xlink\" id=\"torso-business\" viewBox=\"0 0 332 512.5\"><path d=\"M321 309.25c7 3 11 12 11 21v91c0 12-9 22-19 22H190v-72l-20-34v-1c-1-1-2-2-4-2s-2 1-3 2l-21 35h1c0 1-1 1-1 2v70H19c-10 0-19-10-19-22v-91c0-9 5-18 12-21l83-38 32-15c-15-9-27-22-35-39-7-14-11-31-11-49 0-10 2-20 4-29 11-40 43-70 81-70 39 0 72 30 82 72 2 9 3 18 3 27 0 17-4 32-10 46-8 17-19 32-34 41l33 16zm-131-23v-2c0-2-2-4-4-4h-40c-2 0-4 2-4 4 0 1 1 1 1 2l19 35h1c1 1 1 2 3 2s3-1 4-2l20-35z\"><\/path><\/svg><\/span><\/div>\n                      <div class=\"h-accordion-item-title-active-icon h-accordion-item-title-icon h-accordion-item-title-icon-right\"><span class=\"h-svg-icon\"><!--Icon by Font Awesome (https:\/\/fontawesome.com)--><svg version=\"1.1\" xmlns=\"http:\/\/www.w3.org\/2000\/svg\" xmlns:xlink=\"http:\/\/www.w3.org\/1999\/xlink\" id=\"user-circle\" viewBox=\"0 0 1792 1896.0833\"><path d=\"M1523 1339q-22-155-87.5-257.5T1251 963q-67 74-159.5 115.5T896 1120t-195.5-41.5T541 963q-119 16-184.5 118.5T269 1339q106 150 271 237.5t356 87.5 356-87.5 271-237.5zm-243-699q0-159-112.5-271.5T896 256 624.5 368.5 512 640t112.5 271.5T896 1024t271.5-112.5T1280 640zm512 256q0 182-71 347.5t-190.5 286T1245 1721t-349 71q-182 0-348-71t-286-191-191-286T0 896t71-348 191-286T548 71 896 0t348 71 286 191 191 286 71 348z\"><\/path><\/svg><\/span><\/div>\n                    <\/a>\n                    <div id=\"69-c16\" class=\"h-accordion-item-content__container\">\n                      <div class=\"w-100 h-y-container h-accordion-item-content\">\n                        <!---->\n                        <div data-colibri-id=\"69-c17\" class=\"h-text h-text-component style-1108 style-local-69-c17 position-relative h-element\">\n                          <!---->\n                          <!---->\n                          <div class=\"\">\n                            <ul>\n                              <li>Licence en droit public ; <\/li>\n                              <li>Licence en droit priv\u00e9 ;<\/li>\n                              <li>Master en droit priv\u00e9 fondamental ; <\/li>\n                              <li>Master en droit public fondamental ; <\/li>\n                              <li>Master en droit des affaires et fiscalit\u00e9 ;<\/li>\n                            <\/ul>\n                          <\/div>\n                        <\/div>\n                      <\/div>\n                    <\/div>\n                  <\/div>\n                <\/div>\n              <\/div>\n            <\/div>\n          <\/div>\n        <\/div>\n      <\/div>\n    <\/div>\n  <\/div>\n<\/div>","protected":false},"excerpt":{"rendered":"<p>Mission et objectifs La Facult\u00e9 des sciences juridiques et politiques (FSJP) est un \u00e9tablissement de l\u2019Universit\u00e9 Saint Thomas d\u2019Aquin (USTA) qui a ouvert ses portes en octobre 2004. La Facult\u00e9 des sciences juridiques et politiques a pour vocation fondamentale la formation des cadres juridiques pour les secteurs public et priv\u00e9. Elle contribue en outre, \u00e0 [&hellip;]<\/p>\n","protected":false},"author":1,"featured_media":0,"parent":0,"menu_order":0,"comment_status":"closed","ping_status":"closed","template":"page-templates\/full-width-page.php","meta":{"footnotes":""},"class_list":["post-69","page","type-page","status-publish","hentry"],"yoast_head":"<!-- This site is optimized with the Yoast SEO plugin v26.0 - https:\/\/yoast.com\/wordpress\/plugins\/seo\/ -->\n<title>La Facult\u00e9 des sciences juridiques et politiques - Universit\u00e9 Saint Thomas D&#039;Aquin<\/title>\n<meta name=\"robots\" content=\"index, follow, max-snippet:-1, max-image-preview:large, max-video-preview:-1\" \/>\n<link rel=\"canonical\" href=\"https:\/\/usta.bf\/?page_id=69\" \/>\n<meta property=\"og:locale\" content=\"fr_FR\" \/>\n<meta property=\"og:type\" content=\"article\" \/>\n<meta property=\"og:title\" content=\"La Facult\u00e9 des sciences juridiques et politiques - Universit\u00e9 Saint Thomas D&#039;Aquin\" \/>\n<meta property=\"og:description\" content=\"Mission et objectifs La Facult\u00e9 des sciences juridiques et politiques (FSJP) est un \u00e9tablissement de l\u2019Universit\u00e9 Saint Thomas d\u2019Aquin (USTA) qui a ouvert ses portes en octobre 2004. La Facult\u00e9 des sciences juridiques et politiques a pour vocation fondamentale la formation des cadres juridiques pour les secteurs public et priv\u00e9. Elle contribue en outre, \u00e0 [&hellip;]\" \/>\n<meta property=\"og:url\" content=\"https:\/\/usta.bf\/?page_id=69\" \/>\n<meta property=\"og:site_name\" content=\"Universit\u00e9 Saint Thomas D&#039;Aquin\" \/>\n<meta property=\"article:publisher\" content=\"https:\/\/www.facebook.com\/USTA\/\" \/>\n<meta property=\"article:modified_time\" content=\"2023-07-27T12:48:57+00:00\" \/>\n<meta name=\"twitter:card\" content=\"summary_large_image\" \/>\n<meta name=\"twitter:site\" content=\"@ustabf\" \/>\n<meta name=\"twitter:label1\" content=\"Dur\u00e9e de lecture estim\u00e9e\" \/>\n\t<meta name=\"twitter:data1\" content=\"1 minute\" \/>\n<script type=\"application\/ld+json\" class=\"yoast-schema-graph\">{\"@context\":\"https:\/\/schema.org\",\"@graph\":[{\"@type\":\"WebPage\",\"@id\":\"https:\/\/usta.bf\/?page_id=69\",\"url\":\"https:\/\/usta.bf\/?page_id=69\",\"name\":\"La Facult\u00e9 des sciences juridiques et politiques - Universit\u00e9 Saint Thomas D&#039;Aquin\",\"isPartOf\":{\"@id\":\"https:\/\/usta.bf\/#website\"},\"datePublished\":\"2021-07-22T19:48:06+00:00\",\"dateModified\":\"2023-07-27T12:48:57+00:00\",\"breadcrumb\":{\"@id\":\"https:\/\/usta.bf\/?page_id=69#breadcrumb\"},\"inLanguage\":\"fr-FR\",\"potentialAction\":[{\"@type\":\"ReadAction\",\"target\":[\"https:\/\/usta.bf\/?page_id=69\"]}]},{\"@type\":\"BreadcrumbList\",\"@id\":\"https:\/\/usta.bf\/?page_id=69#breadcrumb\",\"itemListElement\":[{\"@type\":\"ListItem\",\"position\":1,\"name\":\"Accueil\",\"item\":\"https:\/\/usta.bf\/\"},{\"@type\":\"ListItem\",\"position\":2,\"name\":\"La Facult\u00e9 des sciences juridiques et politiques\"}]},{\"@type\":\"WebSite\",\"@id\":\"https:\/\/usta.bf\/#website\",\"url\":\"https:\/\/usta.bf\/\",\"name\":\"Universit\u00e9 Saint Thomas D&#039;Aquin\",\"description\":\"Veritas - Fides- Scientia\",\"publisher\":{\"@id\":\"https:\/\/usta.bf\/#organization\"},\"potentialAction\":[{\"@type\":\"SearchAction\",\"target\":{\"@type\":\"EntryPoint\",\"urlTemplate\":\"https:\/\/usta.bf\/?s={search_term_string}\"},\"query-input\":{\"@type\":\"PropertyValueSpecification\",\"valueRequired\":true,\"valueName\":\"search_term_string\"}}],\"inLanguage\":\"fr-FR\"},{\"@type\":\"Organization\",\"@id\":\"https:\/\/usta.bf\/#organization\",\"name\":\"Universit\u00e9 Saint Thomas D&#039;Aquin\",\"url\":\"https:\/\/usta.bf\/\",\"logo\":{\"@type\":\"ImageObject\",\"inLanguage\":\"fr-FR\",\"@id\":\"https:\/\/usta.bf\/#\/schema\/logo\/image\/\",\"url\":\"https:\/\/usta.bf\/wp-content\/uploads\/2022\/07\/cropped-logo_site_web_beta2.fw_.png\",\"contentUrl\":\"https:\/\/usta.bf\/wp-content\/uploads\/2022\/07\/cropped-logo_site_web_beta2.fw_.png\",\"width\":460,\"height\":126,\"caption\":\"Universit\u00e9 Saint Thomas D&#039;Aquin  \"},\"image\":{\"@id\":\"https:\/\/usta.bf\/#\/schema\/logo\/image\/\"},\"sameAs\":[\"https:\/\/www.facebook.com\/USTA\/\",\"https:\/\/x.com\/ustabf\"]}]}<\/script>\n<!-- \/ Yoast SEO plugin. -->","yoast_head_json":{"title":"La Facult\u00e9 des sciences juridiques et politiques - Universit\u00e9 Saint Thomas D&#039;Aquin","robots":{"index":"index","follow":"follow","max-snippet":"max-snippet:-1","max-image-preview":"max-image-preview:large","max-video-preview":"max-video-preview:-1"},"canonical":"https:\/\/usta.bf\/?page_id=69","og_locale":"fr_FR","og_type":"article","og_title":"La Facult\u00e9 des sciences juridiques et politiques - Universit\u00e9 Saint Thomas D&#039;Aquin","og_description":"Mission et objectifs La Facult\u00e9 des sciences juridiques et politiques (FSJP) est un \u00e9tablissement de l\u2019Universit\u00e9 Saint Thomas d\u2019Aquin (USTA) qui a ouvert ses portes en octobre 2004. La Facult\u00e9 des sciences juridiques et politiques a pour vocation fondamentale la formation des cadres juridiques pour les secteurs public et priv\u00e9. Elle contribue en outre, \u00e0 [&hellip;]","og_url":"https:\/\/usta.bf\/?page_id=69","og_site_name":"Universit\u00e9 Saint Thomas D&#039;Aquin","article_publisher":"https:\/\/www.facebook.com\/USTA\/","article_modified_time":"2023-07-27T12:48:57+00:00","twitter_card":"summary_large_image","twitter_site":"@ustabf","twitter_misc":{"Dur\u00e9e de lecture estim\u00e9e":"1 minute"},"schema":{"@context":"https:\/\/schema.org","@graph":[{"@type":"WebPage","@id":"https:\/\/usta.bf\/?page_id=69","url":"https:\/\/usta.bf\/?page_id=69","name":"La Facult\u00e9 des sciences juridiques et politiques - Universit\u00e9 Saint Thomas D&#039;Aquin","isPartOf":{"@id":"https:\/\/usta.bf\/#website"},"datePublished":"2021-07-22T19:48:06+00:00","dateModified":"2023-07-27T12:48:57+00:00","breadcrumb":{"@id":"https:\/\/usta.bf\/?page_id=69#breadcrumb"},"inLanguage":"fr-FR","potentialAction":[{"@type":"ReadAction","target":["https:\/\/usta.bf\/?page_id=69"]}]},{"@type":"BreadcrumbList","@id":"https:\/\/usta.bf\/?page_id=69#breadcrumb","itemListElement":[{"@type":"ListItem","position":1,"name":"Accueil","item":"https:\/\/usta.bf\/"},{"@type":"ListItem","position":2,"name":"La Facult\u00e9 des sciences juridiques et politiques"}]},{"@type":"WebSite","@id":"https:\/\/usta.bf\/#website","url":"https:\/\/usta.bf\/","name":"Universit\u00e9 Saint Thomas D&#039;Aquin","description":"Veritas - Fides- Scientia","publisher":{"@id":"https:\/\/usta.bf\/#organization"},"potentialAction":[{"@type":"SearchAction","target":{"@type":"EntryPoint","urlTemplate":"https:\/\/usta.bf\/?s={search_term_string}"},"query-input":{"@type":"PropertyValueSpecification","valueRequired":true,"valueName":"search_term_string"}}],"inLanguage":"fr-FR"},{"@type":"Organization","@id":"https:\/\/usta.bf\/#organization","name":"Universit\u00e9 Saint Thomas D&#039;Aquin","url":"https:\/\/usta.bf\/","logo":{"@type":"ImageObject","inLanguage":"fr-FR","@id":"https:\/\/usta.bf\/#\/schema\/logo\/image\/","url":"https:\/\/usta.bf\/wp-content\/uploads\/2022\/07\/cropped-logo_site_web_beta2.fw_.png","contentUrl":"https:\/\/usta.bf\/wp-content\/uploads\/2022\/07\/cropped-logo_site_web_beta2.fw_.png","width":460,"height":126,"caption":"Universit\u00e9 Saint Thomas D&#039;Aquin  "},"image":{"@id":"https:\/\/usta.bf\/#\/schema\/logo\/image\/"},"sameAs":["https:\/\/www.facebook.com\/USTA\/","https:\/\/x.com\/ustabf"]}]}},"_links":{"self":[{"href":"https:\/\/usta.bf\/index.php?rest_route=\/wp\/v2\/pages\/69","targetHints":{"allow":["GET"]}}],"collection":[{"href":"https:\/\/usta.bf\/index.php?rest_route=\/wp\/v2\/pages"}],"about":[{"href":"https:\/\/usta.bf\/index.php?rest_route=\/wp\/v2\/types\/page"}],"author":[{"embeddable":true,"href":"https:\/\/usta.bf\/index.php?rest_route=\/wp\/v2\/users\/1"}],"replies":[{"embeddable":true,"href":"https:\/\/usta.bf\/index.php?rest_route=%2Fwp%2Fv2%2Fcomments&post=69"}],"version-history":[{"count":4,"href":"https:\/\/usta.bf\/index.php?rest_route=\/wp\/v2\/pages\/69\/revisions"}],"predecessor-version":[{"id":2217,"href":"https:\/\/usta.bf\/index.php?rest_route=\/wp\/v2\/pages\/69\/revisions\/2217"}],"wp:attachment":[{"href":"https:\/\/usta.bf\/index.php?rest_route=%2Fwp%2Fv2%2Fmedia&parent=69"}],"curies":[{"name":"wp","href":"https:\/\/api.w.org\/{rel}","templated":true}]}}