{"id":71,"date":"2021-07-22T21:51:50","date_gmt":"2021-07-22T19:51:50","guid":{"rendered":"https:\/\/usta.bf\/?page_id=71"},"modified":"2025-07-18T13:32:43","modified_gmt":"2025-07-18T13:32:43","slug":"la-faculte-des-sciences-de-la-sante","status":"publish","type":"page","link":"https:\/\/usta.bf\/?page_id=71","title":{"rendered":"La Facult\u00e9 des sciences de la sant\u00e9"},"content":{"rendered":"\r\n<ul class=\"wp-block-list\">\r\n<li><strong>Mission et objectifs<\/strong><\/li>\r\n<\/ul>\r\n\r\n\r\n\r\n<p>La Facult\u00e9 des sciences de la sant\u00e9 (FSDS) (ancienne Facult\u00e9 de m\u00e9decine) a ouvert ses portes en octobre 2006.<\/p>\r\n\r\n\r\n\r\n<p>Elle a pour missions\u00a0:\u00a0<\/p>\r\n\r\n\r\n\r\n<ul class=\"wp-block-list\">\r\n<li>De d\u00e9velopper l\u2019enseignement scientifique et technique en vue de la formation des m\u00e9decins, des pharmaciens et des techniciens sup\u00e9rieurs de la sant\u00e9\u00a0;<\/li>\r\n<li>De promouvoir la recherche fondamentale et appliqu\u00e9e dans les domaines qui lui sont propres\u00a0;<\/li>\r\n<li>De proc\u00e9der aux travaux de recherche, de publication et de diffusion n\u00e9cessit\u00e9s par son objet ou demand\u00e9s par des tiers ;<\/li>\r\n<\/ul>\r\n\r\n\r\n\r\n<ul class=\"wp-block-list\">\r\n<li><a href=\"http:\/\/www.essect.rnu.tn\/fr\/mission_objectif.html\"><strong>L\u2019\u00e9quipe<\/strong><\/a><\/li>\r\n<\/ul>\r\n\r\n\r\n\r\n<p>Le d\u00e9canat, les enseignants, et le personnel administratif, technique et de soutien de la facult\u00e9 travaillent de concert pour offrir des formations, des services et un encadrement qui favorisent la r\u00e9ussite des \u00e9tudiants.<\/p>\r\n\r\n\r\n\r\n<ul class=\"wp-block-list\">\r\n<li><strong>Perspectives<\/strong><\/li>\r\n<\/ul>\r\n\r\n\r\n\r\n<p>Les activit\u00e9s pr\u00e9vues en perspective au sein de la facult\u00e9 sont entre autres\u00a0:<\/p>\r\n\r\n\r\n\r\n<ul class=\"wp-block-list\">\r\n<li>La construction d\u2019un Centre hospitalier universitaire (CHU)\u00a0;<\/li>\r\n<li>L\u2019enrichissement de la biblioth\u00e8que en documents de dans le domaine des sciences de la sant\u00e9\u00a0;<\/li>\r\n<li>Le recrutement d\u2019enseignant permanents\u00a0;<\/li>\r\n<li>La formation et le recrutement d\u2019enseignant dans les disciplines des sciences fondamentales et cliniques\u00a0;<\/li>\r\n<li>L\u2019ouverture de nouvelles fili\u00e8res et des certificats de sp\u00e9cialit\u00e9s ;<\/li>\r\n<li>La construction et l\u2019\u00e9quipement de laboratoires suppl\u00e9mentaires allant de la 1<sup>\u00e8re<\/sup> \u00e0 la 3<sup>\u00e8me<\/sup> ann\u00e9e\u00a0;<\/li>\r\n<li>Le d\u00e9veloppement de la recherche en m\u00e9decine humaine et en pharmacie.<\/li>\r\n<li><strong>Programmes<\/strong>\r\n<ul>\r\n<li>Licence en sciences biom\u00e9dicales\u00a0;<\/li>\r\n<li>Master en sciences biom\u00e9dicales\u00a0;<\/li>\r\n<li>Doctorat d\u2019\u00c9tat en m\u00e9decine humaine\u00a0;<\/li>\r\n<li>Doctorat d\u2019\u00c9tat en pharmacie.<\/li>\r\n<\/ul>\r\n<\/li>\r\n<\/ul>\r\n","protected":false},"excerpt":{"rendered":"<p>Mission et objectifs La Facult\u00e9 des sciences de la sant\u00e9 (FSDS) (ancienne Facult\u00e9 de m\u00e9decine) a ouvert ses portes en octobre 2006. Elle a pour missions\u00a0:\u00a0 De d\u00e9velopper l\u2019enseignement scientifique et technique en vue de la formation des m\u00e9decins, des pharmaciens et des techniciens sup\u00e9rieurs de la sant\u00e9\u00a0; De promouvoir la recherche fondamentale et appliqu\u00e9e [&hellip;]<\/p>\n","protected":false},"author":1,"featured_media":0,"parent":0,"menu_order":0,"comment_status":"closed","ping_status":"closed","template":"","meta":{"footnotes":""},"class_list":["post-71","page","type-page","status-publish","hentry"],"yoast_head":"<!-- This site is optimized with the Yoast SEO plugin v26.0 - https:\/\/yoast.com\/wordpress\/plugins\/seo\/ -->\n<title>La Facult\u00e9 des sciences de la sant\u00e9 - Universit\u00e9 Saint Thomas D&#039;Aquin<\/title>\n<meta name=\"robots\" content=\"index, follow, max-snippet:-1, max-image-preview:large, max-video-preview:-1\" \/>\n<link rel=\"canonical\" href=\"https:\/\/usta.bf\/?page_id=71\" \/>\n<meta property=\"og:locale\" content=\"fr_FR\" \/>\n<meta property=\"og:type\" content=\"article\" \/>\n<meta property=\"og:title\" content=\"La Facult\u00e9 des sciences de la sant\u00e9 - Universit\u00e9 Saint Thomas D&#039;Aquin\" \/>\n<meta property=\"og:description\" content=\"Mission et objectifs La Facult\u00e9 des sciences de la sant\u00e9 (FSDS) (ancienne Facult\u00e9 de m\u00e9decine) a ouvert ses portes en octobre 2006. Elle a pour missions\u00a0:\u00a0 De d\u00e9velopper l\u2019enseignement scientifique et technique en vue de la formation des m\u00e9decins, des pharmaciens et des techniciens sup\u00e9rieurs de la sant\u00e9\u00a0; De promouvoir la recherche fondamentale et appliqu\u00e9e [&hellip;]\" \/>\n<meta property=\"og:url\" content=\"https:\/\/usta.bf\/?page_id=71\" \/>\n<meta property=\"og:site_name\" content=\"Universit\u00e9 Saint Thomas D&#039;Aquin\" \/>\n<meta property=\"article:publisher\" content=\"https:\/\/www.facebook.com\/USTA\/\" \/>\n<meta property=\"article:modified_time\" content=\"2025-07-18T13:32:43+00:00\" \/>\n<meta name=\"twitter:card\" content=\"summary_large_image\" \/>\n<meta name=\"twitter:site\" content=\"@ustabf\" \/>\n<meta name=\"twitter:label1\" content=\"Dur\u00e9e de lecture estim\u00e9e\" \/>\n\t<meta name=\"twitter:data1\" content=\"1 minute\" \/>\n<script type=\"application\/ld+json\" class=\"yoast-schema-graph\">{\"@context\":\"https:\/\/schema.org\",\"@graph\":[{\"@type\":\"WebPage\",\"@id\":\"https:\/\/usta.bf\/?page_id=71\",\"url\":\"https:\/\/usta.bf\/?page_id=71\",\"name\":\"La Facult\u00e9 des sciences de la sant\u00e9 - Universit\u00e9 Saint Thomas D&#039;Aquin\",\"isPartOf\":{\"@id\":\"https:\/\/usta.bf\/#website\"},\"datePublished\":\"2021-07-22T19:51:50+00:00\",\"dateModified\":\"2025-07-18T13:32:43+00:00\",\"breadcrumb\":{\"@id\":\"https:\/\/usta.bf\/?page_id=71#breadcrumb\"},\"inLanguage\":\"fr-FR\",\"potentialAction\":[{\"@type\":\"ReadAction\",\"target\":[\"https:\/\/usta.bf\/?page_id=71\"]}]},{\"@type\":\"BreadcrumbList\",\"@id\":\"https:\/\/usta.bf\/?page_id=71#breadcrumb\",\"itemListElement\":[{\"@type\":\"ListItem\",\"position\":1,\"name\":\"Accueil\",\"item\":\"https:\/\/usta.bf\/\"},{\"@type\":\"ListItem\",\"position\":2,\"name\":\"La Facult\u00e9 des sciences de la sant\u00e9\"}]},{\"@type\":\"WebSite\",\"@id\":\"https:\/\/usta.bf\/#website\",\"url\":\"https:\/\/usta.bf\/\",\"name\":\"Universit\u00e9 Saint Thomas D&#039;Aquin\",\"description\":\"Veritas - Fides- Scientia\",\"publisher\":{\"@id\":\"https:\/\/usta.bf\/#organization\"},\"potentialAction\":[{\"@type\":\"SearchAction\",\"target\":{\"@type\":\"EntryPoint\",\"urlTemplate\":\"https:\/\/usta.bf\/?s={search_term_string}\"},\"query-input\":{\"@type\":\"PropertyValueSpecification\",\"valueRequired\":true,\"valueName\":\"search_term_string\"}}],\"inLanguage\":\"fr-FR\"},{\"@type\":\"Organization\",\"@id\":\"https:\/\/usta.bf\/#organization\",\"name\":\"Universit\u00e9 Saint Thomas D&#039;Aquin\",\"url\":\"https:\/\/usta.bf\/\",\"logo\":{\"@type\":\"ImageObject\",\"inLanguage\":\"fr-FR\",\"@id\":\"https:\/\/usta.bf\/#\/schema\/logo\/image\/\",\"url\":\"https:\/\/usta.bf\/wp-content\/uploads\/2022\/07\/cropped-logo_site_web_beta2.fw_.png\",\"contentUrl\":\"https:\/\/usta.bf\/wp-content\/uploads\/2022\/07\/cropped-logo_site_web_beta2.fw_.png\",\"width\":460,\"height\":126,\"caption\":\"Universit\u00e9 Saint Thomas D&#039;Aquin  \"},\"image\":{\"@id\":\"https:\/\/usta.bf\/#\/schema\/logo\/image\/\"},\"sameAs\":[\"https:\/\/www.facebook.com\/USTA\/\",\"https:\/\/x.com\/ustabf\"]}]}<\/script>\n<!-- \/ Yoast SEO plugin. -->","yoast_head_json":{"title":"La Facult\u00e9 des sciences de la sant\u00e9 - Universit\u00e9 Saint Thomas D&#039;Aquin","robots":{"index":"index","follow":"follow","max-snippet":"max-snippet:-1","max-image-preview":"max-image-preview:large","max-video-preview":"max-video-preview:-1"},"canonical":"https:\/\/usta.bf\/?page_id=71","og_locale":"fr_FR","og_type":"article","og_title":"La Facult\u00e9 des sciences de la sant\u00e9 - Universit\u00e9 Saint Thomas D&#039;Aquin","og_description":"Mission et objectifs La Facult\u00e9 des sciences de la sant\u00e9 (FSDS) (ancienne Facult\u00e9 de m\u00e9decine) a ouvert ses portes en octobre 2006. Elle a pour missions\u00a0:\u00a0 De d\u00e9velopper l\u2019enseignement scientifique et technique en vue de la formation des m\u00e9decins, des pharmaciens et des techniciens sup\u00e9rieurs de la sant\u00e9\u00a0; De promouvoir la recherche fondamentale et appliqu\u00e9e [&hellip;]","og_url":"https:\/\/usta.bf\/?page_id=71","og_site_name":"Universit\u00e9 Saint Thomas D&#039;Aquin","article_publisher":"https:\/\/www.facebook.com\/USTA\/","article_modified_time":"2025-07-18T13:32:43+00:00","twitter_card":"summary_large_image","twitter_site":"@ustabf","twitter_misc":{"Dur\u00e9e de lecture estim\u00e9e":"1 minute"},"schema":{"@context":"https:\/\/schema.org","@graph":[{"@type":"WebPage","@id":"https:\/\/usta.bf\/?page_id=71","url":"https:\/\/usta.bf\/?page_id=71","name":"La Facult\u00e9 des sciences de la sant\u00e9 - Universit\u00e9 Saint Thomas D&#039;Aquin","isPartOf":{"@id":"https:\/\/usta.bf\/#website"},"datePublished":"2021-07-22T19:51:50+00:00","dateModified":"2025-07-18T13:32:43+00:00","breadcrumb":{"@id":"https:\/\/usta.bf\/?page_id=71#breadcrumb"},"inLanguage":"fr-FR","potentialAction":[{"@type":"ReadAction","target":["https:\/\/usta.bf\/?page_id=71"]}]},{"@type":"BreadcrumbList","@id":"https:\/\/usta.bf\/?page_id=71#breadcrumb","itemListElement":[{"@type":"ListItem","position":1,"name":"Accueil","item":"https:\/\/usta.bf\/"},{"@type":"ListItem","position":2,"name":"La Facult\u00e9 des sciences de la sant\u00e9"}]},{"@type":"WebSite","@id":"https:\/\/usta.bf\/#website","url":"https:\/\/usta.bf\/","name":"Universit\u00e9 Saint Thomas D&#039;Aquin","description":"Veritas - Fides- Scientia","publisher":{"@id":"https:\/\/usta.bf\/#organization"},"potentialAction":[{"@type":"SearchAction","target":{"@type":"EntryPoint","urlTemplate":"https:\/\/usta.bf\/?s={search_term_string}"},"query-input":{"@type":"PropertyValueSpecification","valueRequired":true,"valueName":"search_term_string"}}],"inLanguage":"fr-FR"},{"@type":"Organization","@id":"https:\/\/usta.bf\/#organization","name":"Universit\u00e9 Saint Thomas D&#039;Aquin","url":"https:\/\/usta.bf\/","logo":{"@type":"ImageObject","inLanguage":"fr-FR","@id":"https:\/\/usta.bf\/#\/schema\/logo\/image\/","url":"https:\/\/usta.bf\/wp-content\/uploads\/2022\/07\/cropped-logo_site_web_beta2.fw_.png","contentUrl":"https:\/\/usta.bf\/wp-content\/uploads\/2022\/07\/cropped-logo_site_web_beta2.fw_.png","width":460,"height":126,"caption":"Universit\u00e9 Saint Thomas D&#039;Aquin  "},"image":{"@id":"https:\/\/usta.bf\/#\/schema\/logo\/image\/"},"sameAs":["https:\/\/www.facebook.com\/USTA\/","https:\/\/x.com\/ustabf"]}]}},"_links":{"self":[{"href":"https:\/\/usta.bf\/index.php?rest_route=\/wp\/v2\/pages\/71","targetHints":{"allow":["GET"]}}],"collection":[{"href":"https:\/\/usta.bf\/index.php?rest_route=\/wp\/v2\/pages"}],"about":[{"href":"https:\/\/usta.bf\/index.php?rest_route=\/wp\/v2\/types\/page"}],"author":[{"embeddable":true,"href":"https:\/\/usta.bf\/index.php?rest_route=\/wp\/v2\/users\/1"}],"replies":[{"embeddable":true,"href":"https:\/\/usta.bf\/index.php?rest_route=%2Fwp%2Fv2%2Fcomments&post=71"}],"version-history":[{"count":0,"href":"https:\/\/usta.bf\/index.php?rest_route=\/wp\/v2\/pages\/71\/revisions"}],"wp:attachment":[{"href":"https:\/\/usta.bf\/index.php?rest_route=%2Fwp%2Fv2%2Fmedia&parent=71"}],"curies":[{"name":"wp","href":"https:\/\/api.w.org\/{rel}","templated":true}]}}