{"id":77,"date":"2021-07-22T22:00:55","date_gmt":"2021-07-22T20:00:55","guid":{"rendered":"https:\/\/usta.bf\/?page_id=77"},"modified":"2023-07-27T12:22:19","modified_gmt":"2023-07-27T12:22:19","slug":"la-faculte-des-sciences-de-lhomme-et-de-la-societe","status":"publish","type":"page","link":"https:\/\/usta.bf\/?page_id=77","title":{"rendered":"Facult\u00e9 des langues, lettres, arts, sciences humaines et sociales"},"content":{"rendered":"<div data-colibri-id=\"77-c1\" class=\"style-1075 style-local-77-c1 position-relative\">\n  <!---->\n  <div data-colibri-component=\"section\" data-colibri-id=\"77-c6\" id=\"custom\" class=\"h-section h-section-global-spacing d-flex align-items-lg-center align-items-md-center align-items-center style-1080 style-local-77-c6 position-relative\">\n    <!---->\n    <!---->\n    <div class=\"h-section-grid-container h-section-boxed-container\">\n      <!---->\n      <div data-colibri-id=\"77-c9\" class=\"h-row-container gutters-row-lg-2 gutters-row-md-2 gutters-row-0 gutters-row-v-lg-2 gutters-row-v-md-2 gutters-row-v-2 style-1090 style-local-77-c9 position-relative\">\n        <!---->\n        <div class=\"h-row justify-content-lg-center justify-content-md-center justify-content-center align-items-lg-stretch align-items-md-stretch align-items-stretch gutters-col-lg-2 gutters-col-md-2 gutters-col-0 gutters-col-v-lg-2 gutters-col-v-md-2 gutters-col-v-2\">\n          <!---->\n          <div class=\"h-column h-column-container d-flex h-col-lg-auto h-col-md-auto h-col-auto style-1091-outer style-local-77-c10-outer\">\n            <div data-colibri-id=\"77-c10\" class=\"d-flex h-flex-basis h-column__inner h-px-lg-2 h-px-md-2 h-px-2 v-inner-lg-2 v-inner-md-2 v-inner-2 style-1091 style-local-77-c10 position-relative\">\n              <!---->\n              <!---->\n              <div class=\"w-100 h-y-container h-column__content h-column__v-align flex-basis-100 align-self-lg-start align-self-md-start align-self-start\">\n                <!---->\n                <div data-toggle=\"true\" data-is-preview=\"true\" data-colibri-component=\"accordion\" data-colibri-id=\"77-c11\" class=\"h-accordion style-1083 style-local-77-c11 position-relative h-element\">\n                  <!---->\n                  <div data-colibri-id=\"77-c12\" class=\"h-accordion-item h-accordion-item-first-child style-1084 style-local-77-c12 position-relative h-element\">\n                    <!---->\n                    <a data-open-by-default=\"true\" href=\"#77-c12\" class=\"h-accordion-item-title d-flex align-items-center h-global-transition\">\n                      <!----><span>Missions et Objectifs<\/span>\n                      <div class=\"h-accordion-item-title-normal-icon h-accordion-item-title-icon h-accordion-item-title-icon-right\"><span class=\"h-svg-icon\"><!--Icon by Icons8 Line Awesome (https:\/\/icons8.com\/line-awesome)--><svg version=\"1.1\" xmlns=\"http:\/\/www.w3.org\/2000\/svg\" xmlns:xlink=\"http:\/\/www.w3.org\/1999\/xlink\" id=\"plus\" viewBox=\"0 0 512 545.5\"><path d=\"M240 112h32v160h160v32H272v160h-32V304H80v-32h160V112z\"><\/path><\/svg><\/span><\/div>\n                      <div class=\"h-accordion-item-title-active-icon h-accordion-item-title-icon h-accordion-item-title-icon-right\"><span class=\"h-svg-icon\"><!--Icon by Icons8 Line Awesome (https:\/\/icons8.com\/line-awesome)--><svg version=\"1.1\" xmlns=\"http:\/\/www.w3.org\/2000\/svg\" xmlns:xlink=\"http:\/\/www.w3.org\/1999\/xlink\" id=\"minus\" viewBox=\"0 0 512 545.5\"><path d=\"M80 272h352v32H80v-32z\"><\/path><\/svg><\/span><\/div>\n                    <\/a>\n                    <div id=\"77-c12\" class=\"h-accordion-item-content__container\">\n                      <div class=\"w-100 h-y-container h-accordion-item-content\">\n                        <!---->\n                        <div data-colibri-id=\"77-c13\" class=\"h-text h-text-component style-1085 style-local-77-c13 position-relative h-element\">\n                          <!---->\n                          <!---->\n                          <div class=\"\">\n                            <p>La Facult\u00e9 des langues, lettres, arts, sciences humaines et sociales (FLASHS), ancienne Facult\u00e9 des sciences de l\u2019homme et de la soci\u00e9t\u00e9 (FSHS) a ouvert ses portes en octobre 2011.<\/p>\n                            <p>Elle a pour vocation fondamentale la formation des cadres dans les domaines des langues, des lettres, des arts, des sciences de l\u2019hommes et de la soci\u00e9t\u00e9. Elle contribue en outre, \u00e0 former de futurs enseignants de l\u2019enseignement\n                              secondaire, technique et sup\u00e9rieur.<\/p>\n                            <p>Elle a pour mission de promouvoir la recherche fondamentale et appliqu\u00e9e dans les domaines qui lui sont propres.<\/p>\n                            <p>Elle proc\u00e8de enfin aux travaux de recherche et de publication n\u00e9cessit\u00e9s par son objet ou qui lui sont demand\u00e9s.<\/p>\n                            <p>La Facult\u00e9 des langues, lettres, arts, sciences humaines et sociales comporte un d\u00e9partement de philosophie d\u00e9localis\u00e9 au Grand s\u00e9minaire Saints Pierre et Paul de Kossoghin (GSPPK) dont la mission est de :<\/p>\n                            <p>Susciter chez les \u00e9tudiants, \u00e0 travers l\u2019enseignement des principales disciplines philosophiques, la lecture des \u0153uvres philosophiques majeures et l\u2019examen des questions les plus importantes de la philosophie, la passion pour\n                              la v\u00e9rit\u00e9 qui \u00e9claire l\u2019existence humaine et ouvre le chemin d\u2019une libert\u00e9 authentique.<\/p>\n                            <ul>\n                              <li>Offrir aux \u00e9tudiants une formation philosophique qui les rende aptes \u00e0 interpr\u00e9ter de fa\u00e7on pertinente les situations humaines et socioprofessionnelles de plus en plus complexe auxquelles s\u2019av\u00e8rent souvent inadapt\u00e9es les\n                                solutions d\u2019ordre purement technique.<\/li>\n                              <li>Offrir aux \u00e9tudiants les comp\u00e9tences n\u00e9cessaires pour entrer en dialogue avec le monde de la culture, de la science et de l\u2019\u00e9conomie qui se montre de plus en plus exigeant mais qui tend \u00e0 s\u2019enfermer dans la logique de la\n                                comp\u00e9tition, du profit et de la pure ext\u00e9riorit\u00e9 des ph\u00e9nom\u00e8nes.<\/li>\n                              <li>Offrir aux \u00e9tudiants une formation qui les incite \u00e0 la r\u00e9flexion personnelle, \u00e0 la recherche, et les pr\u00e9pare \u00e0 l\u2019enseignement de la philosophie.<\/li>\n                            <\/ul>\n                            <p>\n                              <br>\n                            <\/p>\n                          <\/div>\n                        <\/div>\n                      <\/div>\n                    <\/div>\n                  <\/div>\n                  <div data-colibri-id=\"77-c14\" class=\"h-accordion-item style-1086 style-local-77-c14 position-relative h-element\">\n                    <!---->\n                    <a data-open-by-default=\"false\" href=\"#77-c14\" class=\"h-accordion-item-title d-flex align-items-center h-global-transition\">\n                      <!----><span>L\u2019\u00e9quipe<\/span>\n                      <div class=\"h-accordion-item-title-normal-icon h-accordion-item-title-icon h-accordion-item-title-icon-right\"><span class=\"h-svg-icon\"><!--Icon by Icons8 Line Awesome (https:\/\/icons8.com\/line-awesome)--><svg version=\"1.1\" xmlns=\"http:\/\/www.w3.org\/2000\/svg\" xmlns:xlink=\"http:\/\/www.w3.org\/1999\/xlink\" id=\"plus\" viewBox=\"0 0 512 545.5\"><path d=\"M240 112h32v160h160v32H272v160h-32V304H80v-32h160V112z\"><\/path><\/svg><\/span><\/div>\n                      <div class=\"h-accordion-item-title-active-icon h-accordion-item-title-icon h-accordion-item-title-icon-right\"><span class=\"h-svg-icon\"><!--Icon by Icons8 Line Awesome (https:\/\/icons8.com\/line-awesome)--><svg version=\"1.1\" xmlns=\"http:\/\/www.w3.org\/2000\/svg\" xmlns:xlink=\"http:\/\/www.w3.org\/1999\/xlink\" id=\"minus\" viewBox=\"0 0 512 545.5\"><path d=\"M80 272h352v32H80v-32z\"><\/path><\/svg><\/span><\/div>\n                    <\/a>\n                    <div id=\"77-c14\" class=\"h-accordion-item-content__container\">\n                      <div class=\"w-100 h-y-container h-accordion-item-content\">\n                        <!---->\n                        <div data-colibri-id=\"77-c15\" class=\"h-text h-text-component style-1087 style-local-77-c15 position-relative h-element\">\n                          <!---->\n                          <!---->\n                          <div class=\"\">\n                            <p>Le d\u00e9canat, les enseignants, et le personnel administratif, technique et de soutien de la facult\u00e9 travaillent de concert pour offrir des formations, des services et un encadrement qui favorisent la r\u00e9ussite des \u00e9tudiants.<\/p>\n                          <\/div>\n                        <\/div>\n                      <\/div>\n                    <\/div>\n                  <\/div>\n                  <div data-colibri-id=\"77-c16\" class=\"h-accordion-item style-1088 style-local-77-c16 position-relative h-element\">\n                    <!---->\n                    <a data-open-by-default=\"false\" href=\"#77-c16\" class=\"h-accordion-item-title d-flex align-items-center h-global-transition\">\n                      <!----><span>Perspectives<\/span>\n                      <div class=\"h-accordion-item-title-normal-icon h-accordion-item-title-icon h-accordion-item-title-icon-right\"><span class=\"h-svg-icon\"><!--Icon by Icons8 Line Awesome (https:\/\/icons8.com\/line-awesome)--><svg version=\"1.1\" xmlns=\"http:\/\/www.w3.org\/2000\/svg\" xmlns:xlink=\"http:\/\/www.w3.org\/1999\/xlink\" id=\"plus\" viewBox=\"0 0 512 545.5\"><path d=\"M240 112h32v160h160v32H272v160h-32V304H80v-32h160V112z\"><\/path><\/svg><\/span><\/div>\n                      <div class=\"h-accordion-item-title-active-icon h-accordion-item-title-icon h-accordion-item-title-icon-right\"><span class=\"h-svg-icon\"><!--Icon by Icons8 Line Awesome (https:\/\/icons8.com\/line-awesome)--><svg version=\"1.1\" xmlns=\"http:\/\/www.w3.org\/2000\/svg\" xmlns:xlink=\"http:\/\/www.w3.org\/1999\/xlink\" id=\"minus\" viewBox=\"0 0 512 545.5\"><path d=\"M80 272h352v32H80v-32z\"><\/path><\/svg><\/span><\/div>\n                    <\/a>\n                    <div id=\"77-c16\" class=\"h-accordion-item-content__container\">\n                      <div class=\"w-100 h-y-container h-accordion-item-content\">\n                        <!---->\n                        <div data-colibri-id=\"77-c17\" class=\"h-text h-text-component style-1089 style-local-77-c17 position-relative h-element\">\n                          <!---->\n                          <!---->\n                          <div class=\"\">\n                            <p>Les activit\u00e9s pr\u00e9vues en perspective au sein de la facult\u00e9 sont entre autres :<\/p>\n                            <ul>\n                              <li>L\u2019ouverture de nouveaux parcours de niveaux licence et master ;<\/li>\n                              <li>Le recrutement d\u2019enseignants permanents ;<\/li>\n                            <\/ul>\n                          <\/div>\n                        <\/div>\n                      <\/div>\n                    <\/div>\n                  <\/div>\n                <\/div>\n              <\/div>\n            <\/div>\n          <\/div>\n        <\/div>\n      <\/div>\n      <div data-colibri-id=\"77-c7\" class=\"h-row-container gutters-row-lg-2 gutters-row-md-2 gutters-row-0 gutters-row-v-lg-2 gutters-row-v-md-2 gutters-row-v-2 style-1081 style-local-77-c7 position-relative\">\n        <!---->\n        <div class=\"h-row justify-content-lg-center justify-content-md-center justify-content-center align-items-lg-stretch align-items-md-stretch align-items-stretch gutters-col-lg-2 gutters-col-md-2 gutters-col-0 gutters-col-v-lg-2 gutters-col-v-md-2 gutters-col-v-2\">\n          <!---->\n          <div class=\"h-column h-column-container d-flex h-col-lg-auto h-col-md-auto h-col-auto style-1082-outer style-local-77-c8-outer\">\n            <div data-colibri-id=\"77-c8\" class=\"d-flex h-flex-basis h-column__inner h-ui-empty-state-container h-px-lg-2 h-px-md-2 h-px-2 v-inner-lg-2 v-inner-md-2 v-inner-2 style-1082 style-local-77-c8 position-relative\">\n              <!---->\n              <!---->\n              <div class=\"w-100 h-y-container h-column__content h-column__v-align flex-basis-100\">\n                <!---->\n              <\/div>\n            <\/div>\n          <\/div>\n        <\/div>\n      <\/div>\n    <\/div>\n  <\/div>\n<\/div>","protected":false},"excerpt":{"rendered":"<p>Missions et Objectifs La Facult\u00e9 des langues, lettres, arts, sciences humaines et sociales (FLASHS), ancienne Facult\u00e9 des sciences de l\u2019homme et de la soci\u00e9t\u00e9 (FSHS) a ouvert ses portes en octobre 2011. Elle a pour vocation fondamentale la formation des cadres dans les domaines des langues, des lettres, des arts, des sciences de l\u2019hommes et [&hellip;]<\/p>\n","protected":false},"author":1,"featured_media":0,"parent":0,"menu_order":0,"comment_status":"closed","ping_status":"closed","template":"page-templates\/full-width-page.php","meta":{"footnotes":""},"class_list":["post-77","page","type-page","status-publish","hentry"],"yoast_head":"<!-- This site is optimized with the Yoast SEO plugin v26.0 - https:\/\/yoast.com\/wordpress\/plugins\/seo\/ -->\n<title>Facult\u00e9 des langues, lettres, arts, sciences humaines et sociales - Universit\u00e9 Saint Thomas D&#039;Aquin<\/title>\n<meta name=\"robots\" content=\"index, follow, max-snippet:-1, max-image-preview:large, max-video-preview:-1\" \/>\n<link rel=\"canonical\" href=\"https:\/\/usta.bf\/?page_id=77\" \/>\n<meta property=\"og:locale\" content=\"fr_FR\" \/>\n<meta property=\"og:type\" content=\"article\" \/>\n<meta property=\"og:title\" content=\"Facult\u00e9 des langues, lettres, arts, sciences humaines et sociales - Universit\u00e9 Saint Thomas D&#039;Aquin\" \/>\n<meta property=\"og:description\" content=\"Missions et Objectifs La Facult\u00e9 des langues, lettres, arts, sciences humaines et sociales (FLASHS), ancienne Facult\u00e9 des sciences de l\u2019homme et de la soci\u00e9t\u00e9 (FSHS) a ouvert ses portes en octobre 2011. Elle a pour vocation fondamentale la formation des cadres dans les domaines des langues, des lettres, des arts, des sciences de l\u2019hommes et [&hellip;]\" \/>\n<meta property=\"og:url\" content=\"https:\/\/usta.bf\/?page_id=77\" \/>\n<meta property=\"og:site_name\" content=\"Universit\u00e9 Saint Thomas D&#039;Aquin\" \/>\n<meta property=\"article:publisher\" content=\"https:\/\/www.facebook.com\/USTA\/\" \/>\n<meta property=\"article:modified_time\" content=\"2023-07-27T12:22:19+00:00\" \/>\n<meta name=\"twitter:card\" content=\"summary_large_image\" \/>\n<meta name=\"twitter:site\" content=\"@ustabf\" \/>\n<meta name=\"twitter:label1\" content=\"Dur\u00e9e de lecture estim\u00e9e\" \/>\n\t<meta name=\"twitter:data1\" content=\"2 minutes\" \/>\n<script type=\"application\/ld+json\" class=\"yoast-schema-graph\">{\"@context\":\"https:\/\/schema.org\",\"@graph\":[{\"@type\":\"WebPage\",\"@id\":\"https:\/\/usta.bf\/?page_id=77\",\"url\":\"https:\/\/usta.bf\/?page_id=77\",\"name\":\"Facult\u00e9 des langues, lettres, arts, sciences humaines et sociales - Universit\u00e9 Saint Thomas D&#039;Aquin\",\"isPartOf\":{\"@id\":\"https:\/\/usta.bf\/#website\"},\"datePublished\":\"2021-07-22T20:00:55+00:00\",\"dateModified\":\"2023-07-27T12:22:19+00:00\",\"breadcrumb\":{\"@id\":\"https:\/\/usta.bf\/?page_id=77#breadcrumb\"},\"inLanguage\":\"fr-FR\",\"potentialAction\":[{\"@type\":\"ReadAction\",\"target\":[\"https:\/\/usta.bf\/?page_id=77\"]}]},{\"@type\":\"BreadcrumbList\",\"@id\":\"https:\/\/usta.bf\/?page_id=77#breadcrumb\",\"itemListElement\":[{\"@type\":\"ListItem\",\"position\":1,\"name\":\"Accueil\",\"item\":\"https:\/\/usta.bf\/\"},{\"@type\":\"ListItem\",\"position\":2,\"name\":\"Facult\u00e9 des langues, lettres, arts, sciences humaines et sociales\"}]},{\"@type\":\"WebSite\",\"@id\":\"https:\/\/usta.bf\/#website\",\"url\":\"https:\/\/usta.bf\/\",\"name\":\"Universit\u00e9 Saint Thomas D&#039;Aquin\",\"description\":\"Veritas - Fides- Scientia\",\"publisher\":{\"@id\":\"https:\/\/usta.bf\/#organization\"},\"potentialAction\":[{\"@type\":\"SearchAction\",\"target\":{\"@type\":\"EntryPoint\",\"urlTemplate\":\"https:\/\/usta.bf\/?s={search_term_string}\"},\"query-input\":{\"@type\":\"PropertyValueSpecification\",\"valueRequired\":true,\"valueName\":\"search_term_string\"}}],\"inLanguage\":\"fr-FR\"},{\"@type\":\"Organization\",\"@id\":\"https:\/\/usta.bf\/#organization\",\"name\":\"Universit\u00e9 Saint Thomas D&#039;Aquin\",\"url\":\"https:\/\/usta.bf\/\",\"logo\":{\"@type\":\"ImageObject\",\"inLanguage\":\"fr-FR\",\"@id\":\"https:\/\/usta.bf\/#\/schema\/logo\/image\/\",\"url\":\"https:\/\/usta.bf\/wp-content\/uploads\/2022\/07\/cropped-logo_site_web_beta2.fw_.png\",\"contentUrl\":\"https:\/\/usta.bf\/wp-content\/uploads\/2022\/07\/cropped-logo_site_web_beta2.fw_.png\",\"width\":460,\"height\":126,\"caption\":\"Universit\u00e9 Saint Thomas D&#039;Aquin  \"},\"image\":{\"@id\":\"https:\/\/usta.bf\/#\/schema\/logo\/image\/\"},\"sameAs\":[\"https:\/\/www.facebook.com\/USTA\/\",\"https:\/\/x.com\/ustabf\"]}]}<\/script>\n<!-- \/ Yoast SEO plugin. -->","yoast_head_json":{"title":"Facult\u00e9 des langues, lettres, arts, sciences humaines et sociales - Universit\u00e9 Saint Thomas D&#039;Aquin","robots":{"index":"index","follow":"follow","max-snippet":"max-snippet:-1","max-image-preview":"max-image-preview:large","max-video-preview":"max-video-preview:-1"},"canonical":"https:\/\/usta.bf\/?page_id=77","og_locale":"fr_FR","og_type":"article","og_title":"Facult\u00e9 des langues, lettres, arts, sciences humaines et sociales - Universit\u00e9 Saint Thomas D&#039;Aquin","og_description":"Missions et Objectifs La Facult\u00e9 des langues, lettres, arts, sciences humaines et sociales (FLASHS), ancienne Facult\u00e9 des sciences de l\u2019homme et de la soci\u00e9t\u00e9 (FSHS) a ouvert ses portes en octobre 2011. Elle a pour vocation fondamentale la formation des cadres dans les domaines des langues, des lettres, des arts, des sciences de l\u2019hommes et [&hellip;]","og_url":"https:\/\/usta.bf\/?page_id=77","og_site_name":"Universit\u00e9 Saint Thomas D&#039;Aquin","article_publisher":"https:\/\/www.facebook.com\/USTA\/","article_modified_time":"2023-07-27T12:22:19+00:00","twitter_card":"summary_large_image","twitter_site":"@ustabf","twitter_misc":{"Dur\u00e9e de lecture estim\u00e9e":"2 minutes"},"schema":{"@context":"https:\/\/schema.org","@graph":[{"@type":"WebPage","@id":"https:\/\/usta.bf\/?page_id=77","url":"https:\/\/usta.bf\/?page_id=77","name":"Facult\u00e9 des langues, lettres, arts, sciences humaines et sociales - Universit\u00e9 Saint Thomas D&#039;Aquin","isPartOf":{"@id":"https:\/\/usta.bf\/#website"},"datePublished":"2021-07-22T20:00:55+00:00","dateModified":"2023-07-27T12:22:19+00:00","breadcrumb":{"@id":"https:\/\/usta.bf\/?page_id=77#breadcrumb"},"inLanguage":"fr-FR","potentialAction":[{"@type":"ReadAction","target":["https:\/\/usta.bf\/?page_id=77"]}]},{"@type":"BreadcrumbList","@id":"https:\/\/usta.bf\/?page_id=77#breadcrumb","itemListElement":[{"@type":"ListItem","position":1,"name":"Accueil","item":"https:\/\/usta.bf\/"},{"@type":"ListItem","position":2,"name":"Facult\u00e9 des langues, lettres, arts, sciences humaines et sociales"}]},{"@type":"WebSite","@id":"https:\/\/usta.bf\/#website","url":"https:\/\/usta.bf\/","name":"Universit\u00e9 Saint Thomas D&#039;Aquin","description":"Veritas - Fides- Scientia","publisher":{"@id":"https:\/\/usta.bf\/#organization"},"potentialAction":[{"@type":"SearchAction","target":{"@type":"EntryPoint","urlTemplate":"https:\/\/usta.bf\/?s={search_term_string}"},"query-input":{"@type":"PropertyValueSpecification","valueRequired":true,"valueName":"search_term_string"}}],"inLanguage":"fr-FR"},{"@type":"Organization","@id":"https:\/\/usta.bf\/#organization","name":"Universit\u00e9 Saint Thomas D&#039;Aquin","url":"https:\/\/usta.bf\/","logo":{"@type":"ImageObject","inLanguage":"fr-FR","@id":"https:\/\/usta.bf\/#\/schema\/logo\/image\/","url":"https:\/\/usta.bf\/wp-content\/uploads\/2022\/07\/cropped-logo_site_web_beta2.fw_.png","contentUrl":"https:\/\/usta.bf\/wp-content\/uploads\/2022\/07\/cropped-logo_site_web_beta2.fw_.png","width":460,"height":126,"caption":"Universit\u00e9 Saint Thomas D&#039;Aquin  "},"image":{"@id":"https:\/\/usta.bf\/#\/schema\/logo\/image\/"},"sameAs":["https:\/\/www.facebook.com\/USTA\/","https:\/\/x.com\/ustabf"]}]}},"_links":{"self":[{"href":"https:\/\/usta.bf\/index.php?rest_route=\/wp\/v2\/pages\/77","targetHints":{"allow":["GET"]}}],"collection":[{"href":"https:\/\/usta.bf\/index.php?rest_route=\/wp\/v2\/pages"}],"about":[{"href":"https:\/\/usta.bf\/index.php?rest_route=\/wp\/v2\/types\/page"}],"author":[{"embeddable":true,"href":"https:\/\/usta.bf\/index.php?rest_route=\/wp\/v2\/users\/1"}],"replies":[{"embeddable":true,"href":"https:\/\/usta.bf\/index.php?rest_route=%2Fwp%2Fv2%2Fcomments&post=77"}],"version-history":[{"count":4,"href":"https:\/\/usta.bf\/index.php?rest_route=\/wp\/v2\/pages\/77\/revisions"}],"predecessor-version":[{"id":2196,"href":"https:\/\/usta.bf\/index.php?rest_route=\/wp\/v2\/pages\/77\/revisions\/2196"}],"wp:attachment":[{"href":"https:\/\/usta.bf\/index.php?rest_route=%2Fwp%2Fv2%2Fmedia&parent=77"}],"curies":[{"name":"wp","href":"https:\/\/api.w.org\/{rel}","templated":true}]}}