{"id":81,"date":"2021-07-22T22:10:36","date_gmt":"2021-07-22T20:10:36","guid":{"rendered":"https:\/\/usta.bf\/?page_id=81"},"modified":"2021-07-22T22:10:37","modified_gmt":"2021-07-22T20:10:37","slug":"lecole-doctorale-en-sciences-sante-et-technologies","status":"publish","type":"page","link":"https:\/\/usta.bf\/?page_id=81","title":{"rendered":"L&rsquo;\u00c9cole doctorale en sciences, sant\u00e9 et technologies"},"content":{"rendered":"\n<p><strong>Mission et objectifs<\/strong><\/p>\n\n\n\n<p>L\u2019\u00c9cole doctorale en sciences, sant\u00e9 et technologies (ED-2ST) a ouvert ses portes en mars 2018.<\/p>\n\n\n\n<p>Elle a pour vocation fondamentale la formation \u00e0 la recherche et par la recherche. Elle offre aux doctorants un cadre d\u2019exp\u00e9rience professionnelle de recherche dans le domaine des sciences de la sant\u00e9, des sciences biologiques et biotechnologiques. La formation conduit \u00e0 la production de connaissances nouvelles et est sanctionn\u00e9e par la d\u00e9livrance du dipl\u00f4me de doctorat.<\/p>\n\n\n\n<p><strong>L\u2019\u00e9quipe<\/strong><\/p>\n\n\n\n<p>La direction, les enseignants, et le personnel administratif, technique et de soutien et les partenaires de l\u2019\u00c9cole doctorale travaillent de concert pour offrir des formations, des services et un encadrement qui favorisent la r\u00e9ussite des doctorants.<\/p>\n\n\n\n<p>L\u2019\u00c9cole doctorale a comme partenaires les centres, instituts de recherche et laboratoires suivants : L\u2019Institut de recherche en sciences de la sant\u00e9 (IRSS), l\u2019Institut africain de sant\u00e9 publique (IASP), l\u2019Institut de formation et de recherche interdisciplinaires en sant\u00e9 (IFRIS), le Centre de recherche en biologie appliqu\u00e9e (CERBA), le Laboratoire national de sant\u00e9 publique (LNSP), le Centre national de recherche et de formation sur le paludisme (CNRFP).<\/p>\n\n\n\n<p><strong>Programmes<\/strong><\/p>\n\n\n\n<ul class=\"wp-block-list\"><li>Doctorat en sciences de la sant\u00e9<\/li><li>Doctorat en sciences biologiques et biotechnologiques<\/li><li>Doctorat en sciences pharmaceutiques<\/li><li>Doctorat en sciences m\u00e9dicales<\/li><li>Doctorat en sciences biom\u00e9dicales<\/li><li>Doctorat en sciences de sant\u00e9 publique<\/li><li>Doctorat en sciences infirmi\u00e8res et obst\u00e9trique<\/li><\/ul>\n","protected":false},"excerpt":{"rendered":"<p>Mission et objectifs L\u2019\u00c9cole doctorale en sciences, sant\u00e9 et technologies (ED-2ST) a ouvert ses portes en mars 2018. Elle a pour vocation fondamentale la formation \u00e0 la recherche et par la recherche. Elle offre aux doctorants un cadre d\u2019exp\u00e9rience professionnelle de recherche dans le domaine des sciences de la sant\u00e9, des sciences biologiques et biotechnologiques. [&hellip;]<\/p>\n","protected":false},"author":1,"featured_media":0,"parent":0,"menu_order":0,"comment_status":"closed","ping_status":"closed","template":"","meta":{"footnotes":""},"class_list":["post-81","page","type-page","status-publish","hentry"],"yoast_head":"<!-- This site is optimized with the Yoast SEO plugin v26.0 - https:\/\/yoast.com\/wordpress\/plugins\/seo\/ -->\n<title>L&#039;\u00c9cole doctorale en sciences, sant\u00e9 et technologies - Universit\u00e9 Saint Thomas D&#039;Aquin<\/title>\n<meta name=\"robots\" content=\"index, follow, max-snippet:-1, max-image-preview:large, max-video-preview:-1\" \/>\n<link rel=\"canonical\" href=\"https:\/\/usta.bf\/?page_id=81\" \/>\n<meta property=\"og:locale\" content=\"fr_FR\" \/>\n<meta property=\"og:type\" content=\"article\" \/>\n<meta property=\"og:title\" content=\"L&#039;\u00c9cole doctorale en sciences, sant\u00e9 et technologies - Universit\u00e9 Saint Thomas D&#039;Aquin\" \/>\n<meta property=\"og:description\" content=\"Mission et objectifs L\u2019\u00c9cole doctorale en sciences, sant\u00e9 et technologies (ED-2ST) a ouvert ses portes en mars 2018. Elle a pour vocation fondamentale la formation \u00e0 la recherche et par la recherche. Elle offre aux doctorants un cadre d\u2019exp\u00e9rience professionnelle de recherche dans le domaine des sciences de la sant\u00e9, des sciences biologiques et biotechnologiques. [&hellip;]\" \/>\n<meta property=\"og:url\" content=\"https:\/\/usta.bf\/?page_id=81\" \/>\n<meta property=\"og:site_name\" content=\"Universit\u00e9 Saint Thomas D&#039;Aquin\" \/>\n<meta property=\"article:publisher\" content=\"https:\/\/www.facebook.com\/USTA\/\" \/>\n<meta property=\"article:modified_time\" content=\"2021-07-22T20:10:37+00:00\" \/>\n<meta name=\"twitter:card\" content=\"summary_large_image\" \/>\n<meta name=\"twitter:site\" content=\"@ustabf\" \/>\n<meta name=\"twitter:label1\" content=\"Dur\u00e9e de lecture estim\u00e9e\" \/>\n\t<meta name=\"twitter:data1\" content=\"1 minute\" \/>\n<script type=\"application\/ld+json\" class=\"yoast-schema-graph\">{\"@context\":\"https:\/\/schema.org\",\"@graph\":[{\"@type\":\"WebPage\",\"@id\":\"https:\/\/usta.bf\/?page_id=81\",\"url\":\"https:\/\/usta.bf\/?page_id=81\",\"name\":\"L'\u00c9cole doctorale en sciences, sant\u00e9 et technologies - Universit\u00e9 Saint Thomas D&#039;Aquin\",\"isPartOf\":{\"@id\":\"https:\/\/usta.bf\/#website\"},\"datePublished\":\"2021-07-22T20:10:36+00:00\",\"dateModified\":\"2021-07-22T20:10:37+00:00\",\"breadcrumb\":{\"@id\":\"https:\/\/usta.bf\/?page_id=81#breadcrumb\"},\"inLanguage\":\"fr-FR\",\"potentialAction\":[{\"@type\":\"ReadAction\",\"target\":[\"https:\/\/usta.bf\/?page_id=81\"]}]},{\"@type\":\"BreadcrumbList\",\"@id\":\"https:\/\/usta.bf\/?page_id=81#breadcrumb\",\"itemListElement\":[{\"@type\":\"ListItem\",\"position\":1,\"name\":\"Accueil\",\"item\":\"https:\/\/usta.bf\/\"},{\"@type\":\"ListItem\",\"position\":2,\"name\":\"L&rsquo;\u00c9cole doctorale en sciences, sant\u00e9 et technologies\"}]},{\"@type\":\"WebSite\",\"@id\":\"https:\/\/usta.bf\/#website\",\"url\":\"https:\/\/usta.bf\/\",\"name\":\"Universit\u00e9 Saint Thomas D&#039;Aquin\",\"description\":\"Veritas - Fides- Scientia\",\"publisher\":{\"@id\":\"https:\/\/usta.bf\/#organization\"},\"potentialAction\":[{\"@type\":\"SearchAction\",\"target\":{\"@type\":\"EntryPoint\",\"urlTemplate\":\"https:\/\/usta.bf\/?s={search_term_string}\"},\"query-input\":{\"@type\":\"PropertyValueSpecification\",\"valueRequired\":true,\"valueName\":\"search_term_string\"}}],\"inLanguage\":\"fr-FR\"},{\"@type\":\"Organization\",\"@id\":\"https:\/\/usta.bf\/#organization\",\"name\":\"Universit\u00e9 Saint Thomas D&#039;Aquin\",\"url\":\"https:\/\/usta.bf\/\",\"logo\":{\"@type\":\"ImageObject\",\"inLanguage\":\"fr-FR\",\"@id\":\"https:\/\/usta.bf\/#\/schema\/logo\/image\/\",\"url\":\"https:\/\/usta.bf\/wp-content\/uploads\/2022\/07\/cropped-logo_site_web_beta2.fw_.png\",\"contentUrl\":\"https:\/\/usta.bf\/wp-content\/uploads\/2022\/07\/cropped-logo_site_web_beta2.fw_.png\",\"width\":460,\"height\":126,\"caption\":\"Universit\u00e9 Saint Thomas D&#039;Aquin  \"},\"image\":{\"@id\":\"https:\/\/usta.bf\/#\/schema\/logo\/image\/\"},\"sameAs\":[\"https:\/\/www.facebook.com\/USTA\/\",\"https:\/\/x.com\/ustabf\"]}]}<\/script>\n<!-- \/ Yoast SEO plugin. -->","yoast_head_json":{"title":"L'\u00c9cole doctorale en sciences, sant\u00e9 et technologies - Universit\u00e9 Saint Thomas D&#039;Aquin","robots":{"index":"index","follow":"follow","max-snippet":"max-snippet:-1","max-image-preview":"max-image-preview:large","max-video-preview":"max-video-preview:-1"},"canonical":"https:\/\/usta.bf\/?page_id=81","og_locale":"fr_FR","og_type":"article","og_title":"L'\u00c9cole doctorale en sciences, sant\u00e9 et technologies - Universit\u00e9 Saint Thomas D&#039;Aquin","og_description":"Mission et objectifs L\u2019\u00c9cole doctorale en sciences, sant\u00e9 et technologies (ED-2ST) a ouvert ses portes en mars 2018. Elle a pour vocation fondamentale la formation \u00e0 la recherche et par la recherche. Elle offre aux doctorants un cadre d\u2019exp\u00e9rience professionnelle de recherche dans le domaine des sciences de la sant\u00e9, des sciences biologiques et biotechnologiques. [&hellip;]","og_url":"https:\/\/usta.bf\/?page_id=81","og_site_name":"Universit\u00e9 Saint Thomas D&#039;Aquin","article_publisher":"https:\/\/www.facebook.com\/USTA\/","article_modified_time":"2021-07-22T20:10:37+00:00","twitter_card":"summary_large_image","twitter_site":"@ustabf","twitter_misc":{"Dur\u00e9e de lecture estim\u00e9e":"1 minute"},"schema":{"@context":"https:\/\/schema.org","@graph":[{"@type":"WebPage","@id":"https:\/\/usta.bf\/?page_id=81","url":"https:\/\/usta.bf\/?page_id=81","name":"L'\u00c9cole doctorale en sciences, sant\u00e9 et technologies - Universit\u00e9 Saint Thomas D&#039;Aquin","isPartOf":{"@id":"https:\/\/usta.bf\/#website"},"datePublished":"2021-07-22T20:10:36+00:00","dateModified":"2021-07-22T20:10:37+00:00","breadcrumb":{"@id":"https:\/\/usta.bf\/?page_id=81#breadcrumb"},"inLanguage":"fr-FR","potentialAction":[{"@type":"ReadAction","target":["https:\/\/usta.bf\/?page_id=81"]}]},{"@type":"BreadcrumbList","@id":"https:\/\/usta.bf\/?page_id=81#breadcrumb","itemListElement":[{"@type":"ListItem","position":1,"name":"Accueil","item":"https:\/\/usta.bf\/"},{"@type":"ListItem","position":2,"name":"L&rsquo;\u00c9cole doctorale en sciences, sant\u00e9 et technologies"}]},{"@type":"WebSite","@id":"https:\/\/usta.bf\/#website","url":"https:\/\/usta.bf\/","name":"Universit\u00e9 Saint Thomas D&#039;Aquin","description":"Veritas - Fides- Scientia","publisher":{"@id":"https:\/\/usta.bf\/#organization"},"potentialAction":[{"@type":"SearchAction","target":{"@type":"EntryPoint","urlTemplate":"https:\/\/usta.bf\/?s={search_term_string}"},"query-input":{"@type":"PropertyValueSpecification","valueRequired":true,"valueName":"search_term_string"}}],"inLanguage":"fr-FR"},{"@type":"Organization","@id":"https:\/\/usta.bf\/#organization","name":"Universit\u00e9 Saint Thomas D&#039;Aquin","url":"https:\/\/usta.bf\/","logo":{"@type":"ImageObject","inLanguage":"fr-FR","@id":"https:\/\/usta.bf\/#\/schema\/logo\/image\/","url":"https:\/\/usta.bf\/wp-content\/uploads\/2022\/07\/cropped-logo_site_web_beta2.fw_.png","contentUrl":"https:\/\/usta.bf\/wp-content\/uploads\/2022\/07\/cropped-logo_site_web_beta2.fw_.png","width":460,"height":126,"caption":"Universit\u00e9 Saint Thomas D&#039;Aquin  "},"image":{"@id":"https:\/\/usta.bf\/#\/schema\/logo\/image\/"},"sameAs":["https:\/\/www.facebook.com\/USTA\/","https:\/\/x.com\/ustabf"]}]}},"_links":{"self":[{"href":"https:\/\/usta.bf\/index.php?rest_route=\/wp\/v2\/pages\/81","targetHints":{"allow":["GET"]}}],"collection":[{"href":"https:\/\/usta.bf\/index.php?rest_route=\/wp\/v2\/pages"}],"about":[{"href":"https:\/\/usta.bf\/index.php?rest_route=\/wp\/v2\/types\/page"}],"author":[{"embeddable":true,"href":"https:\/\/usta.bf\/index.php?rest_route=\/wp\/v2\/users\/1"}],"replies":[{"embeddable":true,"href":"https:\/\/usta.bf\/index.php?rest_route=%2Fwp%2Fv2%2Fcomments&post=81"}],"version-history":[{"count":0,"href":"https:\/\/usta.bf\/index.php?rest_route=\/wp\/v2\/pages\/81\/revisions"}],"wp:attachment":[{"href":"https:\/\/usta.bf\/index.php?rest_route=%2Fwp%2Fv2%2Fmedia&parent=81"}],"curies":[{"name":"wp","href":"https:\/\/api.w.org\/{rel}","templated":true}]}}