{"id":882,"date":"2022-07-11T04:48:04","date_gmt":"2022-07-11T04:48:04","guid":{"rendered":"https:\/\/usta.bf\/?page_id=882"},"modified":"2022-07-11T04:48:04","modified_gmt":"2022-07-11T04:48:04","slug":"faits-marquants","status":"publish","type":"page","link":"https:\/\/usta.bf\/?page_id=882","title":{"rendered":"Faits marquants"},"content":{"rendered":"<ul>\n<li><strong>2001 -2003\u00a0: <\/strong>Mise en place par le Secr\u00e9tariat national de l\u2019enseignement catholique (SNEC) sous l\u2019inspiration des P\u00e8res \u00c9v\u00eaques de la Conf\u00e9rence \u00e9piscopale Burkina-Niger (CEBN), d\u2019une commission pour la cr\u00e9ation d\u2019une universit\u00e9 catholique\u00a0;<\/li>\n<li><strong>Juillet 2004<\/strong>: Autorisation d\u2019ouverture de l\u2019USTA accord\u00e9e par l\u2019Arr\u00eat\u00e9 n\u00b02004-141\/MESSRS\/SG\/DGESRS\/DES du 20 juillet 2004\u00a0;<\/li>\n<li><strong>Septembre 2004<\/strong>: Nomination du Pr Albert OUEDRAOGO en qualit\u00e9 de Recteur de l\u2019USTA\u00a0;<\/li>\n<li><strong>Octobre 2004\u00a0<\/strong>: Ouverture des portes de l\u2019Universit\u00e9 Saint Thomas d\u2019Aquin \u00e0 S\u00e2aba sur le site du Centre de formation p\u00e9dagogique et pastorale (CFPP) avec trois (03) \u00e9tablissements\u00a0: la Facult\u00e9 des sciences juridiques et politiques (FSJP), la Facult\u00e9 des <strong>s<\/strong>ciences <strong>\u00e9<\/strong>conomiques et de <strong>g<\/strong>estion (FASEG) et l\u2019Institut sup\u00e9rieur des m\u00e9tiers du tertiaire (ISMT)\u00a0;<\/li>\n<li><strong>Janvier 2006<\/strong>: Acquisition du site principal de l\u2019USTA \u00e0 S\u00e2aba abritant le si\u00e8ge actuel\u00a0;<\/li>\n<li><strong>Octobre 2006\u00a0: <\/strong>Ouverture du quatri\u00e8me \u00e9tablissement de l\u2019USTA\u00a0: la Facult\u00e9 de m\u00e9decine\u00a0qui est devenu la Facult\u00e9 des sciences de la sant\u00e9 ;<\/li>\n<li><strong>Octobre 2006\u00a0:<\/strong> D\u00e9m\u00e9nagement partiel de l\u2019administration et d\u00e9but des cours sur le site principal de l\u2019USTA\u00a0;<\/li>\n<li><strong>Septembre 2008\u00a0: <\/strong>Nomination du Pr Jacques SIMPORE en qualit\u00e9 de Recteur de l\u2019USTA\u00a0;<\/li>\n<li><strong>Novembre 2009<\/strong>: Reconnaissance par le Conseil africain et malgache pour l\u2019enseignement sup\u00e9rieur (CAMES) de tous les neuf (09) dipl\u00f4mes pr\u00e9sent\u00e9s par l\u2019USTA au 24<sup>\u00e8me<\/sup> colloque sur la reconnaissance et l\u2019\u00e9quivalence des dipl\u00f4mes \u00e0 Bamako (Mali). La liste des dipl\u00f4mes reconnus est disponible \u00e0 la page r\u00e9serv\u00e9e aux reconnaissances\u00a0;<\/li>\n<\/ul>\n<p>&nbsp;<\/p>\n<ul>\n<li><strong>D\u00e9cembre 2009\u00a0<\/strong>: Acquisition d\u2019un terrain \u00e0 Saaba pour le Centre hospitalier universitaire Saint Thomas d\u2019Aquin (CHU-USTA)\u00a0;<\/li>\n<li><strong>Juin 2010\u00a0<\/strong>: Sortie des premi\u00e8res promotions en \u00e9conomie- gestion, droit et finance comptabilit\u00e9 de l\u2019USTA\u00a0;<\/li>\n<li><a name=\"_Toc455411013\"><\/a> <strong>Juillet 2010<\/strong>: Cr\u00e9ation de la Fondation Universit\u00e9 Saint Thomas d\u2019Aquin (Fondation USTA) \u00e0 travers le r\u00e9c\u00e9piss\u00e9 N\u00b02010-363\/MATD\/SG\/DGLPAP\/DOASOC de d\u00e9claration d\u2019existence\u00a0;<\/li>\n<li><strong>Octobre 2011\u00a0<\/strong>: Ouverture du cinqui\u00e8me \u00e9tablissement de l\u2019USTA\u00a0: la Facult\u00e9 des sciences et technologies (FAST)\u00a0;<\/li>\n<li><strong>Octobre 2011\u00a0<\/strong>: Ouverture du sixi\u00e8me \u00e9tablissement de l\u2019USTA\u00a0: la Facult\u00e9 des Sciences de l\u2019homme et de la soci\u00e9t\u00e9 (FSHS) en collaboration avec le Grand S\u00e9minaire Saint Pierre et Saint Paul de Kossoghin qui abrite la fili\u00e8re philosophie ;<\/li>\n<li><strong>D\u00e9cembre 2011<\/strong>: Acquisition d\u2019un terrain \u00e0 la ZAD II (Ouagadougou) pour les formations continues\u00a0et pour les masters ;<\/li>\n<li><strong>Novembre 2012<\/strong>: Reconnaissance par le CAMES de tous les trois (03) dipl\u00f4mes pr\u00e9sent\u00e9s par l\u2019USTA au 27<sup>\u00e8me<\/sup> colloque sur la reconnaissance et l\u2019\u00e9quivalence des dipl\u00f4mes \u00e0 Niamey (Niger). La liste des dipl\u00f4mes reconnus est disponible \u00e0 la page r\u00e9serv\u00e9e aux reconnaissances\u00a0;<\/li>\n<\/ul>\n<p>&nbsp;<\/p>\n<ul>\n<li><strong>28 juin 2014<\/strong>: Sortie de la premi\u00e8re promotion des m\u00e9decins enti\u00e8rement form\u00e9s \u00e0 l\u2019USTA\u00a0;<\/li>\n<li><strong>24 janvier 2015<\/strong>: Comm\u00e9moration des 10 ans de l\u2019USTA de janvier 2014 \u2013 janvier 2015\u00a0;<\/li>\n<li><strong>Juillet 2015\u00a0<\/strong>: inscription pour la 1<sup>\u00e8re<\/sup> fois de deux enseignants permanents de l\u2019USTA sur la liste d\u2019aptitudes aux fonctions de Maitre-assistant (LAFMA) du CAMES. La liste des promus est disponible \u00e0 la page r\u00e9serv\u00e9e \u00e0 la promotion au CAMES ;<\/li>\n<li><strong>D\u00e9cembre 2015<\/strong>: Reconnaissance par le CAMES du dipl\u00f4me de m\u00e9decine pr\u00e9sent\u00e9 par l\u2019USTA au 30<sup>\u00e8me<\/sup> colloque sur la reconnaissance et l\u2019\u00e9quivalence des dipl\u00f4mes \u00e0 Dakar (S\u00e9n\u00e9gal)\u00a0;<\/li>\n<li><strong>D\u00e9cembre 2016<\/strong>: Reconnaissance par le CAMES de tous les trois (03) dipl\u00f4mes pr\u00e9sent\u00e9s par l\u2019USTA au 31<sup>\u00e8me<\/sup> colloque sur la reconnaissance et l\u2019\u00e9quivalence des dipl\u00f4mes \u00e0 Ouagadougou (Burkina Faso). La liste des dipl\u00f4mes reconnus est disponible \u00e0 la page r\u00e9serv\u00e9e aux reconnaissances\u00a0;<\/li>\n<li><strong>18 Mars 2017<\/strong>: Premi\u00e8re nuit de l\u2019excellence et hommage au Pr Rambr\u00e9 Moumouni OUIMINGA\u00a0;<\/li>\n<li><strong>Juillet 2017<\/strong>: Inscription de deux enseignants permanents de l\u2019USTA sur la liste d\u2019aptitude aux fonctions de Maitre-assistant (LAFMA) du CAMES. La liste des promus est disponible \u00e0 la page r\u00e9serv\u00e9e \u00e0 la promotion au CAMES\u00a0;<\/li>\n<li><strong>Octobre 2017\u00a0<\/strong>: Transformation de la Facult\u00e9 de m\u00e9decine en Facult\u00e9 des sciences de la sant\u00e9 (FSDS)\u00a0;<\/li>\n<li><strong>Novembre 2017<\/strong>: Reconnaissance par le CAMES du dipl\u00f4me de Master en productions animales de l\u2019USTA au 32<sup>\u00e8me<\/sup> colloque sur la reconnaissance et l\u2019\u00e9quivalence des dipl\u00f4mes \u00e0 Lom\u00e9 (Togo)\u00a0;<\/li>\n<\/ul>\n<p>&nbsp;<\/p>\n<ul>\n<li><strong>27 Janvier 2018\u00a0<\/strong>: C\u00e9r\u00e9monie de dation du nom de l\u2019USTA par la Mairie de S\u00e2aba \u00e0 la rue conduisant au site principal\u00a0;<\/li>\n<li><strong>Mars 2018<\/strong>: Ouverture de l\u2019\u00c9cole doctorale en sciences, sant\u00e9 et technologies (ED-2ST)\u00a0;<\/li>\n<li><strong>Juillet 2018\u00a0:<\/strong> L\u2019USTA occupe la premi\u00e8re place dans le classement 2018 des universit\u00e9s priv\u00e9es du Burkina Faso effectu\u00e9 le Minist\u00e8re de l\u2019enseignement sup\u00e9rieur, de la recherche scientifique et de l\u2019innovation (MESRSI)\u00a0;<\/li>\n<\/ul>\n<p><strong>\u00a0<\/strong><\/p>\n<ul>\n<li><strong>Novembre 2018<\/strong>: Reconnaissance par le CAMES de tous les sept (07) dipl\u00f4mes pr\u00e9sent\u00e9s par l\u2019USTA au 33<sup>\u00e8me<\/sup> colloque sur la reconnaissance et l\u2019\u00e9quivalence des dipl\u00f4mes \u00e0 Brazzaville (Congo). La liste des dipl\u00f4mes reconnus est disponible \u00e0 la page r\u00e9serv\u00e9e aux reconnaissances\u00a0;<\/li>\n<li><strong>D\u00e9cembre 2018<\/strong>: Nomination de l\u2019Universit\u00e9 Saint Thomas d\u2019Aquin au grade de Chevalier de l\u2019Ordre de l\u2019\u00c9talon\u00a0;<\/li>\n<li><strong>10 janvier 2019\u00a0:<\/strong> Remise d\u2019un mini-bus \u00e0 chacune des 15 institutions priv\u00e9es d\u2019enseignement sup\u00e9rieur (IPES) dont l\u2019USTA par le Minist\u00e8re de l\u2019enseignement sup\u00e9rieur, de la recherche scientifique et de l\u2019innovation (MESRSI). Elles ont \u00e9t\u00e9 s\u00e9lectionn\u00e9es sur la base du classement r\u00e9alis\u00e9 apr\u00e8s les sorties de suivi-contr\u00f4le du MESRSI en 2018\u00a0;<\/li>\n<li><strong>Juillet 2019<\/strong>: Nouvelle inscription de deux d\u2019enseignants permanents de l\u2019USTA sur la liste d\u2019aptitude aux fonctions de Maitre-assistant (LAFMA) du CAMES. La liste des promus est disponible \u00e0 la page r\u00e9serv\u00e9e \u00e0 la promotion au CAMES ;<\/li>\n<li><strong>Ao\u00fbt 2019\u00a0:<\/strong> L\u2019USTA occupe la premi\u00e8re place dans le classement 2019 des universit\u00e9s priv\u00e9es du Burkina Faso effectu\u00e9 le Minist\u00e8re de l\u2019enseignement sup\u00e9rieur, de la recherche scientifique et de l\u2019innovation (MESRSI)\u00a0;<\/li>\n<li><strong>Juillet 2020\u00a0:<\/strong> Nouvelle inscription de trois d\u2019enseignants permanents de l\u2019USTA sur la liste d\u2019aptitude aux fonctions de Maitre-assistant (LAFMA) du CAMES. La liste des promus est disponible \u00e0 la page r\u00e9serv\u00e9e \u00e0 la promotion au CAMES\u00a0;<\/li>\n<li><strong>29 octobre 2019\u00a0:<\/strong> c\u00e9r\u00e9monie de c\u00e9l\u00e9bration de l\u2019obtention d\u2019un prix par Mademoiselle Mathilde ZERBO, laur\u00e9ate du concours international d\u2019\u00e9loquence tenu \u00e0 l\u2019Universit\u00e9 Paris 1 Panth\u00e9on-Sorbonne en partenariat avec l\u2019Agence universitaire de la francophonie (AUF). Au cours de cette c\u00e9r\u00e9monie, des attestations de r\u00e9ussite ont \u00e9t\u00e9 \u00e9galement remises \u00e0 trente-cinq (35) nouveaux docteurs en m\u00e9decine\u00a0;<\/li>\n<li><strong>16 mars au 16 mai 2020\u00a0<\/strong>: Suspension des activit\u00e9s p\u00e9dagogiques au niveau national dans le but de limiter la propagation de la maladie \u00e0 coronavirus\u00a0;<\/li>\n<li><strong>10 juillet 2020<\/strong>: C\u00e9r\u00e9monie de pose de la premi\u00e8re pierre du Centre hospitalier universitaire de l\u2019Universit\u00e9 Saint Thomas d\u2019Aquin. Au cours de cette c\u00e9r\u00e9monie, des attestations de r\u00e9ussite ont \u00e9t\u00e9 \u00e9galement remises \u00e0 vingt-quatre (24) nouveaux docteurs en m\u00e9decine\u00a0;<\/li>\n<li><strong>Novembre 2020<\/strong>: Reconnaissance par le CAMES de tous les six (06) dipl\u00f4mes pr\u00e9sent\u00e9s par l\u2019USTA au 35<sup>\u00e8me<\/sup> colloque sur la reconnaissance et l\u2019\u00e9quivalence des dipl\u00f4mes. La liste des dipl\u00f4mes reconnus est disponible \u00e0 la page r\u00e9serv\u00e9e aux reconnaissances\u00a0;<\/li>\n<li><strong>Novembre 2020<\/strong>: Admission d\u2019un enseignant permanent de l\u2019USTA au concours d\u2019agr\u00e9gation dans la section m\u00e9decine humaine (sp\u00e9cialit\u00e9\u00a0: Biologie mol\u00e9culaire et g\u00e9n\u00e9tique mol\u00e9culaire)\u00a0;<\/li>\n<li><strong>D\u00e9cembre 2020\u00a0:<\/strong> La Direction g\u00e9n\u00e9rale des imp\u00f4ts (DGI) a d\u00e9cern\u00e9 \u00e0 l\u2019Universit\u00e9 Saint Thomas d\u2019Aquin le premier prix dans le segment du r\u00e9gime du r\u00e9el normal d\u2019imposition des moyennes entreprises\u00a0;<\/li>\n<li><strong>16 avril 2021\u00a0:<\/strong> B\u00e9n\u00e9diction de la premi\u00e8re pierre et d\u00e9but de la construction de la chapelle de l\u2019USTA\u00a0;<\/li>\n<li><strong>21 mai 2021<\/strong>: Victoire de l\u2019\u00e9quipe masculine de basket-ball de l\u2019USTA \u00e0 l\u2019issue de la finale de la phase nationale des comp\u00e9titions de l\u2019USSU-BF \u00e0 Tenkodogo\u00a0;<\/li>\n<li><strong>Ao\u00fbt 2021\u00a0: <\/strong>Transformation de la Facult\u00e9 des sciences de l\u2019homme et de la soci\u00e9t\u00e9 (FSHS) en Facult\u00e9 des langues, lettres, arts, sciences de l\u2019humaines et sociales (FLASHS)<\/li>\n<li><strong>Ao\u00fbt 2021\u00a0:<\/strong> L\u2019USTA occupe la premi\u00e8re place dans le classement 2021 des universit\u00e9s priv\u00e9es du Burkina Faso effectu\u00e9 le Minist\u00e8re de l\u2019enseignement sup\u00e9rieur, de la recherche scientifique et de l\u2019innovation (MESRSI)\u00a0;<\/li>\n<li><strong>Septembre 2021\u00a0:<\/strong> nomination du Pr Innocent Pierre GUISSOU, en qualit\u00e9 de Recteur de l\u2019USTA en remplacement du Pr Jacques SIMPORE.<\/li>\n<li><strong>Novembre 2021\u00a0:<\/strong> Reconnaissance par le CAMES de tous les deux (02) dipl\u00f4mes pr\u00e9sent\u00e9s par l\u2019USTA au 36<sup>\u00e8me<\/sup> colloque sur la reconnaissance et l\u2019\u00e9quivalence des dipl\u00f4mes. La liste des dipl\u00f4mes reconnus est disponible \u00e0 la page r\u00e9serv\u00e9e aux reconnaissances\u00a0;<\/li>\n<li><strong>Janvier 2022 :<\/strong> B\u00e9n\u00e9diction de la chapelle de l\u2019Universit\u00e9 et \u00e9l\u00e9vation du Pr Jacques SIMPORE \u00e0 la dignit\u00e9 de Recteur honoraire de l\u2019USTA.<\/li>\n<\/ul>\n","protected":false},"excerpt":{"rendered":"<p>2001 -2003\u00a0: Mise en place par le Secr\u00e9tariat national de l\u2019enseignement catholique (SNEC) sous l\u2019inspiration des P\u00e8res \u00c9v\u00eaques de la Conf\u00e9rence \u00e9piscopale Burkina-Niger (CEBN), d\u2019une commission pour la cr\u00e9ation d\u2019une universit\u00e9 catholique\u00a0; Juillet 2004: Autorisation d\u2019ouverture de l\u2019USTA accord\u00e9e par l\u2019Arr\u00eat\u00e9 n\u00b02004-141\/MESSRS\/SG\/DGESRS\/DES du 20 juillet 2004\u00a0; Septembre 2004: Nomination du Pr Albert OUEDRAOGO en qualit\u00e9 [&hellip;]<\/p>\n","protected":false},"author":1,"featured_media":0,"parent":0,"menu_order":0,"comment_status":"closed","ping_status":"closed","template":"","meta":{"footnotes":""},"class_list":["post-882","page","type-page","status-publish","hentry"],"yoast_head":"<!-- This site is optimized with the Yoast SEO plugin v26.0 - https:\/\/yoast.com\/wordpress\/plugins\/seo\/ -->\n<title>Faits marquants - Universit\u00e9 Saint Thomas D&#039;Aquin<\/title>\n<meta name=\"robots\" content=\"index, follow, max-snippet:-1, max-image-preview:large, max-video-preview:-1\" \/>\n<link rel=\"canonical\" href=\"https:\/\/usta.bf\/?page_id=882\" \/>\n<meta property=\"og:locale\" content=\"fr_FR\" \/>\n<meta property=\"og:type\" content=\"article\" \/>\n<meta property=\"og:title\" content=\"Faits marquants - Universit\u00e9 Saint Thomas D&#039;Aquin\" \/>\n<meta property=\"og:description\" content=\"2001 -2003\u00a0: Mise en place par le Secr\u00e9tariat national de l\u2019enseignement catholique (SNEC) sous l\u2019inspiration des P\u00e8res \u00c9v\u00eaques de la Conf\u00e9rence \u00e9piscopale Burkina-Niger (CEBN), d\u2019une commission pour la cr\u00e9ation d\u2019une universit\u00e9 catholique\u00a0; Juillet 2004: Autorisation d\u2019ouverture de l\u2019USTA accord\u00e9e par l\u2019Arr\u00eat\u00e9 n\u00b02004-141\/MESSRS\/SG\/DGESRS\/DES du 20 juillet 2004\u00a0; Septembre 2004: Nomination du Pr Albert OUEDRAOGO en qualit\u00e9 [&hellip;]\" \/>\n<meta property=\"og:url\" content=\"https:\/\/usta.bf\/?page_id=882\" \/>\n<meta property=\"og:site_name\" content=\"Universit\u00e9 Saint Thomas D&#039;Aquin\" \/>\n<meta property=\"article:publisher\" content=\"https:\/\/www.facebook.com\/USTA\/\" \/>\n<meta name=\"twitter:card\" content=\"summary_large_image\" \/>\n<meta name=\"twitter:site\" content=\"@ustabf\" \/>\n<meta name=\"twitter:label1\" content=\"Dur\u00e9e de lecture estim\u00e9e\" \/>\n\t<meta name=\"twitter:data1\" content=\"7 minutes\" \/>\n<script type=\"application\/ld+json\" class=\"yoast-schema-graph\">{\"@context\":\"https:\/\/schema.org\",\"@graph\":[{\"@type\":\"WebPage\",\"@id\":\"https:\/\/usta.bf\/?page_id=882\",\"url\":\"https:\/\/usta.bf\/?page_id=882\",\"name\":\"Faits marquants - Universit\u00e9 Saint Thomas D&#039;Aquin\",\"isPartOf\":{\"@id\":\"https:\/\/usta.bf\/#website\"},\"datePublished\":\"2022-07-11T04:48:04+00:00\",\"breadcrumb\":{\"@id\":\"https:\/\/usta.bf\/?page_id=882#breadcrumb\"},\"inLanguage\":\"fr-FR\",\"potentialAction\":[{\"@type\":\"ReadAction\",\"target\":[\"https:\/\/usta.bf\/?page_id=882\"]}]},{\"@type\":\"BreadcrumbList\",\"@id\":\"https:\/\/usta.bf\/?page_id=882#breadcrumb\",\"itemListElement\":[{\"@type\":\"ListItem\",\"position\":1,\"name\":\"Accueil\",\"item\":\"https:\/\/usta.bf\/\"},{\"@type\":\"ListItem\",\"position\":2,\"name\":\"Faits marquants\"}]},{\"@type\":\"WebSite\",\"@id\":\"https:\/\/usta.bf\/#website\",\"url\":\"https:\/\/usta.bf\/\",\"name\":\"Universit\u00e9 Saint Thomas D&#039;Aquin\",\"description\":\"Veritas - Fides- Scientia\",\"publisher\":{\"@id\":\"https:\/\/usta.bf\/#organization\"},\"potentialAction\":[{\"@type\":\"SearchAction\",\"target\":{\"@type\":\"EntryPoint\",\"urlTemplate\":\"https:\/\/usta.bf\/?s={search_term_string}\"},\"query-input\":{\"@type\":\"PropertyValueSpecification\",\"valueRequired\":true,\"valueName\":\"search_term_string\"}}],\"inLanguage\":\"fr-FR\"},{\"@type\":\"Organization\",\"@id\":\"https:\/\/usta.bf\/#organization\",\"name\":\"Universit\u00e9 Saint Thomas D&#039;Aquin\",\"url\":\"https:\/\/usta.bf\/\",\"logo\":{\"@type\":\"ImageObject\",\"inLanguage\":\"fr-FR\",\"@id\":\"https:\/\/usta.bf\/#\/schema\/logo\/image\/\",\"url\":\"https:\/\/usta.bf\/wp-content\/uploads\/2022\/07\/cropped-logo_site_web_beta2.fw_.png\",\"contentUrl\":\"https:\/\/usta.bf\/wp-content\/uploads\/2022\/07\/cropped-logo_site_web_beta2.fw_.png\",\"width\":460,\"height\":126,\"caption\":\"Universit\u00e9 Saint Thomas D&#039;Aquin  \"},\"image\":{\"@id\":\"https:\/\/usta.bf\/#\/schema\/logo\/image\/\"},\"sameAs\":[\"https:\/\/www.facebook.com\/USTA\/\",\"https:\/\/x.com\/ustabf\"]}]}<\/script>\n<!-- \/ Yoast SEO plugin. -->","yoast_head_json":{"title":"Faits marquants - Universit\u00e9 Saint Thomas D&#039;Aquin","robots":{"index":"index","follow":"follow","max-snippet":"max-snippet:-1","max-image-preview":"max-image-preview:large","max-video-preview":"max-video-preview:-1"},"canonical":"https:\/\/usta.bf\/?page_id=882","og_locale":"fr_FR","og_type":"article","og_title":"Faits marquants - Universit\u00e9 Saint Thomas D&#039;Aquin","og_description":"2001 -2003\u00a0: Mise en place par le Secr\u00e9tariat national de l\u2019enseignement catholique (SNEC) sous l\u2019inspiration des P\u00e8res \u00c9v\u00eaques de la Conf\u00e9rence \u00e9piscopale Burkina-Niger (CEBN), d\u2019une commission pour la cr\u00e9ation d\u2019une universit\u00e9 catholique\u00a0; Juillet 2004: Autorisation d\u2019ouverture de l\u2019USTA accord\u00e9e par l\u2019Arr\u00eat\u00e9 n\u00b02004-141\/MESSRS\/SG\/DGESRS\/DES du 20 juillet 2004\u00a0; Septembre 2004: Nomination du Pr Albert OUEDRAOGO en qualit\u00e9 [&hellip;]","og_url":"https:\/\/usta.bf\/?page_id=882","og_site_name":"Universit\u00e9 Saint Thomas D&#039;Aquin","article_publisher":"https:\/\/www.facebook.com\/USTA\/","twitter_card":"summary_large_image","twitter_site":"@ustabf","twitter_misc":{"Dur\u00e9e de lecture estim\u00e9e":"7 minutes"},"schema":{"@context":"https:\/\/schema.org","@graph":[{"@type":"WebPage","@id":"https:\/\/usta.bf\/?page_id=882","url":"https:\/\/usta.bf\/?page_id=882","name":"Faits marquants - Universit\u00e9 Saint Thomas D&#039;Aquin","isPartOf":{"@id":"https:\/\/usta.bf\/#website"},"datePublished":"2022-07-11T04:48:04+00:00","breadcrumb":{"@id":"https:\/\/usta.bf\/?page_id=882#breadcrumb"},"inLanguage":"fr-FR","potentialAction":[{"@type":"ReadAction","target":["https:\/\/usta.bf\/?page_id=882"]}]},{"@type":"BreadcrumbList","@id":"https:\/\/usta.bf\/?page_id=882#breadcrumb","itemListElement":[{"@type":"ListItem","position":1,"name":"Accueil","item":"https:\/\/usta.bf\/"},{"@type":"ListItem","position":2,"name":"Faits marquants"}]},{"@type":"WebSite","@id":"https:\/\/usta.bf\/#website","url":"https:\/\/usta.bf\/","name":"Universit\u00e9 Saint Thomas D&#039;Aquin","description":"Veritas - Fides- Scientia","publisher":{"@id":"https:\/\/usta.bf\/#organization"},"potentialAction":[{"@type":"SearchAction","target":{"@type":"EntryPoint","urlTemplate":"https:\/\/usta.bf\/?s={search_term_string}"},"query-input":{"@type":"PropertyValueSpecification","valueRequired":true,"valueName":"search_term_string"}}],"inLanguage":"fr-FR"},{"@type":"Organization","@id":"https:\/\/usta.bf\/#organization","name":"Universit\u00e9 Saint Thomas D&#039;Aquin","url":"https:\/\/usta.bf\/","logo":{"@type":"ImageObject","inLanguage":"fr-FR","@id":"https:\/\/usta.bf\/#\/schema\/logo\/image\/","url":"https:\/\/usta.bf\/wp-content\/uploads\/2022\/07\/cropped-logo_site_web_beta2.fw_.png","contentUrl":"https:\/\/usta.bf\/wp-content\/uploads\/2022\/07\/cropped-logo_site_web_beta2.fw_.png","width":460,"height":126,"caption":"Universit\u00e9 Saint Thomas D&#039;Aquin  "},"image":{"@id":"https:\/\/usta.bf\/#\/schema\/logo\/image\/"},"sameAs":["https:\/\/www.facebook.com\/USTA\/","https:\/\/x.com\/ustabf"]}]}},"_links":{"self":[{"href":"https:\/\/usta.bf\/index.php?rest_route=\/wp\/v2\/pages\/882","targetHints":{"allow":["GET"]}}],"collection":[{"href":"https:\/\/usta.bf\/index.php?rest_route=\/wp\/v2\/pages"}],"about":[{"href":"https:\/\/usta.bf\/index.php?rest_route=\/wp\/v2\/types\/page"}],"author":[{"embeddable":true,"href":"https:\/\/usta.bf\/index.php?rest_route=\/wp\/v2\/users\/1"}],"replies":[{"embeddable":true,"href":"https:\/\/usta.bf\/index.php?rest_route=%2Fwp%2Fv2%2Fcomments&post=882"}],"version-history":[{"count":0,"href":"https:\/\/usta.bf\/index.php?rest_route=\/wp\/v2\/pages\/882\/revisions"}],"wp:attachment":[{"href":"https:\/\/usta.bf\/index.php?rest_route=%2Fwp%2Fv2%2Fmedia&parent=882"}],"curies":[{"name":"wp","href":"https:\/\/api.w.org\/{rel}","templated":true}]}}