{"id":884,"date":"2022-07-11T04:49:23","date_gmt":"2022-07-11T04:49:23","guid":{"rendered":"https:\/\/usta.bf\/?page_id=884"},"modified":"2022-07-11T04:49:23","modified_gmt":"2022-07-11T04:49:23","slug":"organes-de-gouvernance","status":"publish","type":"page","link":"https:\/\/usta.bf\/?page_id=884","title":{"rendered":"Organes de gouvernance"},"content":{"rendered":"<p>Les organes de gouvernance de l\u2019Universit\u00e9 Saint Thomas d\u2019Aquin (USTA) sont compos\u00e9s du Conseil sup\u00e9rieur, du Conseil d\u2019administration, du Conseil d\u2019universit\u00e9, et du Conseil scientifique.<\/p>\n<p>&nbsp;<\/p>\n<ul>\n<li><strong>Le Conseil sup\u00e9rieur<\/strong><\/li>\n<\/ul>\n<p>Le Conseil sup\u00e9rieur, compos\u00e9 de trois \u00e9v\u00eaques, exerce au nom de la Conf\u00e9rence \u00e9piscopale Burkina Niger, sa vigilance sur l\u2019orientation g\u00e9n\u00e9rale de l\u2019USTA dans le but de sauvegarder sa conformit\u00e9 avec la finalit\u00e9 eccl\u00e9siale. Il nomme le Recteur et veille aux crit\u00e8res de recrutement du personnel enseignant.<\/p>\n<p>&nbsp;<\/p>\n<ul>\n<li><strong>Le Conseil d\u2019administration<\/strong><\/li>\n<\/ul>\n<p>Le Conseil d\u2019administration assure la haute responsabilit\u00e9 de l\u2019administration de l\u2019universit\u00e9. Elle est l\u2019instance qui s\u2019occupe de toutes les questions pouvant influencer la marche g\u00e9n\u00e9rale de l\u2019universit\u00e9 au plan administratif.<\/p>\n<p>Il d\u00e9lib\u00e8re sur les principales questions relatives au fonctionnement et \u00e0 la gestion de l\u2019institution, notamment\u00a0:<\/p>\n<ul>\n<li>Il examine et approuve le budget, les comptes administratifs et de gestion\u00a0;<\/li>\n<li>Il autorise le Recteur \u00e0 contracter des emprunts\u00a0;<\/li>\n<li>Il autorise le recrutement des personnels propres \u00e0 l\u2019\u00e9tablissement, conform\u00e9ment \u00e0 la r\u00e9glementation en vigueur.<\/li>\n<\/ul>\n<p>&nbsp;<\/p>\n<ul>\n<li><strong>Le Conseil d\u2019universit\u00e9<\/strong><\/li>\n<\/ul>\n<p>Le Conseil d\u2019Universit\u00e9 d\u00e9lib\u00e8re sur l\u2019orientation g\u00e9n\u00e9rale de l\u2019universit\u00e9. Il est saisi de toutes les questions importantes concernant la vie de l\u2019Universit\u00e9.<\/p>\n<p>Il propose aux autorit\u00e9s et organismes comp\u00e9tents la cr\u00e9ation de dipl\u00f4mes ou d\u2019\u00e9tablissements d\u2019enseignement et de recherche.<\/p>\n<p>Elle pr\u00e9pare les avant-projets de budget de l\u2019Universit\u00e9 \u00e0 l\u2019attention du Conseil d\u2019administration.<\/p>\n<p>Il approuve les statuts et r\u00e8glements int\u00e9rieurs des \u00e9tablissements.<\/p>\n<p>Il donne son avis sur toutes les questions qui lui sont soumises par le Conseil d\u2019administration, le Ministre charg\u00e9 de l\u2019enseignement sup\u00e9rieur, le Conseil national de l\u2019enseignement catholique, le Recteur de l\u2019Universit\u00e9.<\/p>\n<ul>\n<li><strong>Le Conseil scientifique<\/strong><\/li>\n<\/ul>\n<p>Le Conseil scientifique de l\u2019Universit\u00e9 est une structure \u00e0 caract\u00e8re purement acad\u00e9mique qui propose au Recteur les politiques de recherche, de documentation scientifique et technique ainsi que la r\u00e9partition des moyens de recherche.<\/p>\n<p>Le Conseil scientifique est consult\u00e9 sur\u00a0:<\/p>\n<ul>\n<li>les programmes de formation initiale et continue\u00a0;<\/li>\n<li>la qualification \u00e0 donner aux emplois d\u2019enseignants chercheurs ou de chercheurs contractuels\u00a0;<\/li>\n<li>les programmes et contrats de recherche propos\u00e9s par les \u00e9tablissements de l\u2019universit\u00e9\u00a0;<\/li>\n<li>les demandes d\u2019habilitation \u00e0 d\u00e9livrer des dipl\u00f4mes nationaux\u00a0;<\/li>\n<\/ul>\n<p>les projets de cr\u00e9ation ou de modification des dipl\u00f4mes d\u2019\u00e9tablissements.<\/p>\n","protected":false},"excerpt":{"rendered":"<p>Les organes de gouvernance de l\u2019Universit\u00e9 Saint Thomas d\u2019Aquin (USTA) sont compos\u00e9s du Conseil sup\u00e9rieur, du Conseil d\u2019administration, du Conseil d\u2019universit\u00e9, et du Conseil scientifique. &nbsp; Le Conseil sup\u00e9rieur Le Conseil sup\u00e9rieur, compos\u00e9 de trois \u00e9v\u00eaques, exerce au nom de la Conf\u00e9rence \u00e9piscopale Burkina Niger, sa vigilance sur l\u2019orientation g\u00e9n\u00e9rale de l\u2019USTA dans le but [&hellip;]<\/p>\n","protected":false},"author":1,"featured_media":0,"parent":0,"menu_order":0,"comment_status":"closed","ping_status":"closed","template":"","meta":{"footnotes":""},"class_list":["post-884","page","type-page","status-publish","hentry"],"yoast_head":"<!-- This site is optimized with the Yoast SEO plugin v26.0 - https:\/\/yoast.com\/wordpress\/plugins\/seo\/ -->\n<title>Organes de gouvernance - Universit\u00e9 Saint Thomas D&#039;Aquin<\/title>\n<meta name=\"robots\" content=\"index, follow, max-snippet:-1, max-image-preview:large, max-video-preview:-1\" \/>\n<link rel=\"canonical\" href=\"https:\/\/usta.bf\/?page_id=884\" \/>\n<meta property=\"og:locale\" content=\"fr_FR\" \/>\n<meta property=\"og:type\" content=\"article\" \/>\n<meta property=\"og:title\" content=\"Organes de gouvernance - Universit\u00e9 Saint Thomas D&#039;Aquin\" \/>\n<meta property=\"og:description\" content=\"Les organes de gouvernance de l\u2019Universit\u00e9 Saint Thomas d\u2019Aquin (USTA) sont compos\u00e9s du Conseil sup\u00e9rieur, du Conseil d\u2019administration, du Conseil d\u2019universit\u00e9, et du Conseil scientifique. &nbsp; Le Conseil sup\u00e9rieur Le Conseil sup\u00e9rieur, compos\u00e9 de trois \u00e9v\u00eaques, exerce au nom de la Conf\u00e9rence \u00e9piscopale Burkina Niger, sa vigilance sur l\u2019orientation g\u00e9n\u00e9rale de l\u2019USTA dans le but [&hellip;]\" \/>\n<meta property=\"og:url\" content=\"https:\/\/usta.bf\/?page_id=884\" \/>\n<meta property=\"og:site_name\" content=\"Universit\u00e9 Saint Thomas D&#039;Aquin\" \/>\n<meta property=\"article:publisher\" content=\"https:\/\/www.facebook.com\/USTA\/\" \/>\n<meta name=\"twitter:card\" content=\"summary_large_image\" \/>\n<meta name=\"twitter:site\" content=\"@ustabf\" \/>\n<meta name=\"twitter:label1\" content=\"Dur\u00e9e de lecture estim\u00e9e\" \/>\n\t<meta name=\"twitter:data1\" content=\"2 minutes\" \/>\n<script type=\"application\/ld+json\" class=\"yoast-schema-graph\">{\"@context\":\"https:\/\/schema.org\",\"@graph\":[{\"@type\":\"WebPage\",\"@id\":\"https:\/\/usta.bf\/?page_id=884\",\"url\":\"https:\/\/usta.bf\/?page_id=884\",\"name\":\"Organes de gouvernance - Universit\u00e9 Saint Thomas D&#039;Aquin\",\"isPartOf\":{\"@id\":\"https:\/\/usta.bf\/#website\"},\"datePublished\":\"2022-07-11T04:49:23+00:00\",\"breadcrumb\":{\"@id\":\"https:\/\/usta.bf\/?page_id=884#breadcrumb\"},\"inLanguage\":\"fr-FR\",\"potentialAction\":[{\"@type\":\"ReadAction\",\"target\":[\"https:\/\/usta.bf\/?page_id=884\"]}]},{\"@type\":\"BreadcrumbList\",\"@id\":\"https:\/\/usta.bf\/?page_id=884#breadcrumb\",\"itemListElement\":[{\"@type\":\"ListItem\",\"position\":1,\"name\":\"Accueil\",\"item\":\"https:\/\/usta.bf\/\"},{\"@type\":\"ListItem\",\"position\":2,\"name\":\"Organes de gouvernance\"}]},{\"@type\":\"WebSite\",\"@id\":\"https:\/\/usta.bf\/#website\",\"url\":\"https:\/\/usta.bf\/\",\"name\":\"Universit\u00e9 Saint Thomas D&#039;Aquin\",\"description\":\"Veritas - Fides- Scientia\",\"publisher\":{\"@id\":\"https:\/\/usta.bf\/#organization\"},\"potentialAction\":[{\"@type\":\"SearchAction\",\"target\":{\"@type\":\"EntryPoint\",\"urlTemplate\":\"https:\/\/usta.bf\/?s={search_term_string}\"},\"query-input\":{\"@type\":\"PropertyValueSpecification\",\"valueRequired\":true,\"valueName\":\"search_term_string\"}}],\"inLanguage\":\"fr-FR\"},{\"@type\":\"Organization\",\"@id\":\"https:\/\/usta.bf\/#organization\",\"name\":\"Universit\u00e9 Saint Thomas D&#039;Aquin\",\"url\":\"https:\/\/usta.bf\/\",\"logo\":{\"@type\":\"ImageObject\",\"inLanguage\":\"fr-FR\",\"@id\":\"https:\/\/usta.bf\/#\/schema\/logo\/image\/\",\"url\":\"https:\/\/usta.bf\/wp-content\/uploads\/2022\/07\/cropped-logo_site_web_beta2.fw_.png\",\"contentUrl\":\"https:\/\/usta.bf\/wp-content\/uploads\/2022\/07\/cropped-logo_site_web_beta2.fw_.png\",\"width\":460,\"height\":126,\"caption\":\"Universit\u00e9 Saint Thomas D&#039;Aquin  \"},\"image\":{\"@id\":\"https:\/\/usta.bf\/#\/schema\/logo\/image\/\"},\"sameAs\":[\"https:\/\/www.facebook.com\/USTA\/\",\"https:\/\/x.com\/ustabf\"]}]}<\/script>\n<!-- \/ Yoast SEO plugin. -->","yoast_head_json":{"title":"Organes de gouvernance - Universit\u00e9 Saint Thomas D&#039;Aquin","robots":{"index":"index","follow":"follow","max-snippet":"max-snippet:-1","max-image-preview":"max-image-preview:large","max-video-preview":"max-video-preview:-1"},"canonical":"https:\/\/usta.bf\/?page_id=884","og_locale":"fr_FR","og_type":"article","og_title":"Organes de gouvernance - Universit\u00e9 Saint Thomas D&#039;Aquin","og_description":"Les organes de gouvernance de l\u2019Universit\u00e9 Saint Thomas d\u2019Aquin (USTA) sont compos\u00e9s du Conseil sup\u00e9rieur, du Conseil d\u2019administration, du Conseil d\u2019universit\u00e9, et du Conseil scientifique. &nbsp; Le Conseil sup\u00e9rieur Le Conseil sup\u00e9rieur, compos\u00e9 de trois \u00e9v\u00eaques, exerce au nom de la Conf\u00e9rence \u00e9piscopale Burkina Niger, sa vigilance sur l\u2019orientation g\u00e9n\u00e9rale de l\u2019USTA dans le but [&hellip;]","og_url":"https:\/\/usta.bf\/?page_id=884","og_site_name":"Universit\u00e9 Saint Thomas D&#039;Aquin","article_publisher":"https:\/\/www.facebook.com\/USTA\/","twitter_card":"summary_large_image","twitter_site":"@ustabf","twitter_misc":{"Dur\u00e9e de lecture estim\u00e9e":"2 minutes"},"schema":{"@context":"https:\/\/schema.org","@graph":[{"@type":"WebPage","@id":"https:\/\/usta.bf\/?page_id=884","url":"https:\/\/usta.bf\/?page_id=884","name":"Organes de gouvernance - Universit\u00e9 Saint Thomas D&#039;Aquin","isPartOf":{"@id":"https:\/\/usta.bf\/#website"},"datePublished":"2022-07-11T04:49:23+00:00","breadcrumb":{"@id":"https:\/\/usta.bf\/?page_id=884#breadcrumb"},"inLanguage":"fr-FR","potentialAction":[{"@type":"ReadAction","target":["https:\/\/usta.bf\/?page_id=884"]}]},{"@type":"BreadcrumbList","@id":"https:\/\/usta.bf\/?page_id=884#breadcrumb","itemListElement":[{"@type":"ListItem","position":1,"name":"Accueil","item":"https:\/\/usta.bf\/"},{"@type":"ListItem","position":2,"name":"Organes de gouvernance"}]},{"@type":"WebSite","@id":"https:\/\/usta.bf\/#website","url":"https:\/\/usta.bf\/","name":"Universit\u00e9 Saint Thomas D&#039;Aquin","description":"Veritas - Fides- Scientia","publisher":{"@id":"https:\/\/usta.bf\/#organization"},"potentialAction":[{"@type":"SearchAction","target":{"@type":"EntryPoint","urlTemplate":"https:\/\/usta.bf\/?s={search_term_string}"},"query-input":{"@type":"PropertyValueSpecification","valueRequired":true,"valueName":"search_term_string"}}],"inLanguage":"fr-FR"},{"@type":"Organization","@id":"https:\/\/usta.bf\/#organization","name":"Universit\u00e9 Saint Thomas D&#039;Aquin","url":"https:\/\/usta.bf\/","logo":{"@type":"ImageObject","inLanguage":"fr-FR","@id":"https:\/\/usta.bf\/#\/schema\/logo\/image\/","url":"https:\/\/usta.bf\/wp-content\/uploads\/2022\/07\/cropped-logo_site_web_beta2.fw_.png","contentUrl":"https:\/\/usta.bf\/wp-content\/uploads\/2022\/07\/cropped-logo_site_web_beta2.fw_.png","width":460,"height":126,"caption":"Universit\u00e9 Saint Thomas D&#039;Aquin  "},"image":{"@id":"https:\/\/usta.bf\/#\/schema\/logo\/image\/"},"sameAs":["https:\/\/www.facebook.com\/USTA\/","https:\/\/x.com\/ustabf"]}]}},"_links":{"self":[{"href":"https:\/\/usta.bf\/index.php?rest_route=\/wp\/v2\/pages\/884","targetHints":{"allow":["GET"]}}],"collection":[{"href":"https:\/\/usta.bf\/index.php?rest_route=\/wp\/v2\/pages"}],"about":[{"href":"https:\/\/usta.bf\/index.php?rest_route=\/wp\/v2\/types\/page"}],"author":[{"embeddable":true,"href":"https:\/\/usta.bf\/index.php?rest_route=\/wp\/v2\/users\/1"}],"replies":[{"embeddable":true,"href":"https:\/\/usta.bf\/index.php?rest_route=%2Fwp%2Fv2%2Fcomments&post=884"}],"version-history":[{"count":0,"href":"https:\/\/usta.bf\/index.php?rest_route=\/wp\/v2\/pages\/884\/revisions"}],"wp:attachment":[{"href":"https:\/\/usta.bf\/index.php?rest_route=%2Fwp%2Fv2%2Fmedia&parent=884"}],"curies":[{"name":"wp","href":"https:\/\/api.w.org\/{rel}","templated":true}]}}