{"id":892,"date":"2022-07-11T04:54:52","date_gmt":"2022-07-11T04:54:52","guid":{"rendered":"https:\/\/usta.bf\/?page_id=892"},"modified":"2022-07-11T04:54:52","modified_gmt":"2022-07-11T04:54:52","slug":"partenariats-2","status":"publish","type":"page","link":"https:\/\/usta.bf\/?page_id=892","title":{"rendered":"Partenariats"},"content":{"rendered":"<p>L\u2019USTA a sign\u00e9 de nombreuses conventions de partenariat avec des institutions d\u2019enseignement et de recherche, des formations sanitaires\u00a0:<\/p>\n<ul>\n<li><strong>Conventions nationales<\/strong><\/li>\n<\/ul>\n<ol>\n<li>Universit\u00e9 de Ouagadougou, actuelle Universit\u00e9 Joseph Ki-Zerbo (UJKZ)\u00a0;<\/li>\n<li>Universit\u00e9 Ouaga II, actuelle Universit\u00e9 Thomas SANKARA (UTS) ;<\/li>\n<li>Universit\u00e9 catholique de l\u2019Afrique de l\u2019ouest &#8211; Unit\u00e9 universitaire de Bobo-Dioulasso (UCAO-UUB)\u00a0;<\/li>\n<li>Centre de recherche biomol\u00e9culaire (CERBA) ;<\/li>\n<li>Institut sup\u00e9rieur d\u2019informatique de gestion, actuelle Universit\u00e9 Aube Nouvelle (U-AUBEN) ;<\/li>\n<li>Institut sup\u00e9rieur polytechnique priv\u00e9 (ISPP) ;<\/li>\n<li>Centre Hospitalier Universitaire <em>Yalgado<\/em> Ou\u00e9draogo (CHU-YO)\u00a0;<\/li>\n<li>Centre Hospitalier Universitaire P\u00e9diatrique Charles de Gaulle (CHUP-CDG)\u00a0;<\/li>\n<li>Chaire UNESCO de bio\u00e9thique\u00a0;<\/li>\n<li>Institut de formation et de recherche interdisciplinaires en sciences de la sant\u00e9 et de l\u2019\u00e9ducation (<em>IFRISSE<\/em>)\u00a0;<\/li>\n<li>Universit\u00e9 Norbert ZONGO (UNZ)\u00a0;<\/li>\n<li>Institut africain de sant\u00e9 publique (IASP)\u00a0;<\/li>\n<li>Universit\u00e9 de Ouahigouya (UOHG)\u00a0;<\/li>\n<li>H\u00f4pital Paul IV\u00a0;<\/li>\n<li>H\u00f4pital Saint Camille de Ouagadougou (HOSCO).<\/li>\n<\/ol>\n<ul>\n<li><strong>Conventions internationales<\/strong><\/li>\n<\/ul>\n<ol>\n<li>Universit\u00e9 catholique de Lille (France)\u00a0;<\/li>\n<li>Universit\u00e9 catholique de Fu-Jen (Ta\u00efwan)\u00a0;<\/li>\n<li>Universit\u00e9 de Camerino (Italie)\u00a0;<\/li>\n<li>Universit\u00e9 Duquesne (\u00c9tats-Unis d\u2019Am\u00e9rique)\u00a0;<\/li>\n<li>Universit\u00e9 Alassane Ouattara (UAO) (C\u00f4te d\u2019Ivoire)\u00a0;<\/li>\n<li>Universit\u00e9 de Rome Tor Vergata (Italie)\u00a0;<\/li>\n<li>Centre africain d\u2019\u00e9tudes sup\u00e9rieures en gestion (CESAG)(S\u00e9n\u00e9gal).<\/li>\n<\/ol>\n","protected":false},"excerpt":{"rendered":"<p>L\u2019USTA a sign\u00e9 de nombreuses conventions de partenariat avec des institutions d\u2019enseignement et de recherche, des formations sanitaires\u00a0: Conventions nationales Universit\u00e9 de Ouagadougou, actuelle Universit\u00e9 Joseph Ki-Zerbo (UJKZ)\u00a0; Universit\u00e9 Ouaga II, actuelle Universit\u00e9 Thomas SANKARA (UTS) ; Universit\u00e9 catholique de l\u2019Afrique de l\u2019ouest &#8211; Unit\u00e9 universitaire de Bobo-Dioulasso (UCAO-UUB)\u00a0; Centre de recherche biomol\u00e9culaire (CERBA) ; [&hellip;]<\/p>\n","protected":false},"author":1,"featured_media":0,"parent":0,"menu_order":0,"comment_status":"closed","ping_status":"closed","template":"","meta":{"footnotes":""},"class_list":["post-892","page","type-page","status-publish","hentry"],"yoast_head":"<!-- This site is optimized with the Yoast SEO plugin v26.0 - https:\/\/yoast.com\/wordpress\/plugins\/seo\/ -->\n<title>Partenariats - Universit\u00e9 Saint Thomas D&#039;Aquin<\/title>\n<meta name=\"robots\" content=\"index, follow, max-snippet:-1, max-image-preview:large, max-video-preview:-1\" \/>\n<link rel=\"canonical\" href=\"https:\/\/usta.bf\/?page_id=892\" \/>\n<meta property=\"og:locale\" content=\"fr_FR\" \/>\n<meta property=\"og:type\" content=\"article\" \/>\n<meta property=\"og:title\" content=\"Partenariats - Universit\u00e9 Saint Thomas D&#039;Aquin\" \/>\n<meta property=\"og:description\" content=\"L\u2019USTA a sign\u00e9 de nombreuses conventions de partenariat avec des institutions d\u2019enseignement et de recherche, des formations sanitaires\u00a0: Conventions nationales Universit\u00e9 de Ouagadougou, actuelle Universit\u00e9 Joseph Ki-Zerbo (UJKZ)\u00a0; Universit\u00e9 Ouaga II, actuelle Universit\u00e9 Thomas SANKARA (UTS) ; Universit\u00e9 catholique de l\u2019Afrique de l\u2019ouest &#8211; Unit\u00e9 universitaire de Bobo-Dioulasso (UCAO-UUB)\u00a0; Centre de recherche biomol\u00e9culaire (CERBA) ; [&hellip;]\" \/>\n<meta property=\"og:url\" content=\"https:\/\/usta.bf\/?page_id=892\" \/>\n<meta property=\"og:site_name\" content=\"Universit\u00e9 Saint Thomas D&#039;Aquin\" \/>\n<meta property=\"article:publisher\" content=\"https:\/\/www.facebook.com\/USTA\/\" \/>\n<meta name=\"twitter:card\" content=\"summary_large_image\" \/>\n<meta name=\"twitter:site\" content=\"@ustabf\" \/>\n<meta name=\"twitter:label1\" content=\"Dur\u00e9e de lecture estim\u00e9e\" \/>\n\t<meta name=\"twitter:data1\" content=\"1 minute\" \/>\n<script type=\"application\/ld+json\" class=\"yoast-schema-graph\">{\"@context\":\"https:\/\/schema.org\",\"@graph\":[{\"@type\":\"WebPage\",\"@id\":\"https:\/\/usta.bf\/?page_id=892\",\"url\":\"https:\/\/usta.bf\/?page_id=892\",\"name\":\"Partenariats - Universit\u00e9 Saint Thomas D&#039;Aquin\",\"isPartOf\":{\"@id\":\"https:\/\/usta.bf\/#website\"},\"datePublished\":\"2022-07-11T04:54:52+00:00\",\"breadcrumb\":{\"@id\":\"https:\/\/usta.bf\/?page_id=892#breadcrumb\"},\"inLanguage\":\"fr-FR\",\"potentialAction\":[{\"@type\":\"ReadAction\",\"target\":[\"https:\/\/usta.bf\/?page_id=892\"]}]},{\"@type\":\"BreadcrumbList\",\"@id\":\"https:\/\/usta.bf\/?page_id=892#breadcrumb\",\"itemListElement\":[{\"@type\":\"ListItem\",\"position\":1,\"name\":\"Accueil\",\"item\":\"https:\/\/usta.bf\/\"},{\"@type\":\"ListItem\",\"position\":2,\"name\":\"Partenariats\"}]},{\"@type\":\"WebSite\",\"@id\":\"https:\/\/usta.bf\/#website\",\"url\":\"https:\/\/usta.bf\/\",\"name\":\"Universit\u00e9 Saint Thomas D&#039;Aquin\",\"description\":\"Veritas - Fides- Scientia\",\"publisher\":{\"@id\":\"https:\/\/usta.bf\/#organization\"},\"potentialAction\":[{\"@type\":\"SearchAction\",\"target\":{\"@type\":\"EntryPoint\",\"urlTemplate\":\"https:\/\/usta.bf\/?s={search_term_string}\"},\"query-input\":{\"@type\":\"PropertyValueSpecification\",\"valueRequired\":true,\"valueName\":\"search_term_string\"}}],\"inLanguage\":\"fr-FR\"},{\"@type\":\"Organization\",\"@id\":\"https:\/\/usta.bf\/#organization\",\"name\":\"Universit\u00e9 Saint Thomas D&#039;Aquin\",\"url\":\"https:\/\/usta.bf\/\",\"logo\":{\"@type\":\"ImageObject\",\"inLanguage\":\"fr-FR\",\"@id\":\"https:\/\/usta.bf\/#\/schema\/logo\/image\/\",\"url\":\"https:\/\/usta.bf\/wp-content\/uploads\/2022\/07\/cropped-logo_site_web_beta2.fw_.png\",\"contentUrl\":\"https:\/\/usta.bf\/wp-content\/uploads\/2022\/07\/cropped-logo_site_web_beta2.fw_.png\",\"width\":460,\"height\":126,\"caption\":\"Universit\u00e9 Saint Thomas D&#039;Aquin  \"},\"image\":{\"@id\":\"https:\/\/usta.bf\/#\/schema\/logo\/image\/\"},\"sameAs\":[\"https:\/\/www.facebook.com\/USTA\/\",\"https:\/\/x.com\/ustabf\"]}]}<\/script>\n<!-- \/ Yoast SEO plugin. -->","yoast_head_json":{"title":"Partenariats - Universit\u00e9 Saint Thomas D&#039;Aquin","robots":{"index":"index","follow":"follow","max-snippet":"max-snippet:-1","max-image-preview":"max-image-preview:large","max-video-preview":"max-video-preview:-1"},"canonical":"https:\/\/usta.bf\/?page_id=892","og_locale":"fr_FR","og_type":"article","og_title":"Partenariats - Universit\u00e9 Saint Thomas D&#039;Aquin","og_description":"L\u2019USTA a sign\u00e9 de nombreuses conventions de partenariat avec des institutions d\u2019enseignement et de recherche, des formations sanitaires\u00a0: Conventions nationales Universit\u00e9 de Ouagadougou, actuelle Universit\u00e9 Joseph Ki-Zerbo (UJKZ)\u00a0; Universit\u00e9 Ouaga II, actuelle Universit\u00e9 Thomas SANKARA (UTS) ; Universit\u00e9 catholique de l\u2019Afrique de l\u2019ouest &#8211; Unit\u00e9 universitaire de Bobo-Dioulasso (UCAO-UUB)\u00a0; Centre de recherche biomol\u00e9culaire (CERBA) ; [&hellip;]","og_url":"https:\/\/usta.bf\/?page_id=892","og_site_name":"Universit\u00e9 Saint Thomas D&#039;Aquin","article_publisher":"https:\/\/www.facebook.com\/USTA\/","twitter_card":"summary_large_image","twitter_site":"@ustabf","twitter_misc":{"Dur\u00e9e de lecture estim\u00e9e":"1 minute"},"schema":{"@context":"https:\/\/schema.org","@graph":[{"@type":"WebPage","@id":"https:\/\/usta.bf\/?page_id=892","url":"https:\/\/usta.bf\/?page_id=892","name":"Partenariats - Universit\u00e9 Saint Thomas D&#039;Aquin","isPartOf":{"@id":"https:\/\/usta.bf\/#website"},"datePublished":"2022-07-11T04:54:52+00:00","breadcrumb":{"@id":"https:\/\/usta.bf\/?page_id=892#breadcrumb"},"inLanguage":"fr-FR","potentialAction":[{"@type":"ReadAction","target":["https:\/\/usta.bf\/?page_id=892"]}]},{"@type":"BreadcrumbList","@id":"https:\/\/usta.bf\/?page_id=892#breadcrumb","itemListElement":[{"@type":"ListItem","position":1,"name":"Accueil","item":"https:\/\/usta.bf\/"},{"@type":"ListItem","position":2,"name":"Partenariats"}]},{"@type":"WebSite","@id":"https:\/\/usta.bf\/#website","url":"https:\/\/usta.bf\/","name":"Universit\u00e9 Saint Thomas D&#039;Aquin","description":"Veritas - Fides- Scientia","publisher":{"@id":"https:\/\/usta.bf\/#organization"},"potentialAction":[{"@type":"SearchAction","target":{"@type":"EntryPoint","urlTemplate":"https:\/\/usta.bf\/?s={search_term_string}"},"query-input":{"@type":"PropertyValueSpecification","valueRequired":true,"valueName":"search_term_string"}}],"inLanguage":"fr-FR"},{"@type":"Organization","@id":"https:\/\/usta.bf\/#organization","name":"Universit\u00e9 Saint Thomas D&#039;Aquin","url":"https:\/\/usta.bf\/","logo":{"@type":"ImageObject","inLanguage":"fr-FR","@id":"https:\/\/usta.bf\/#\/schema\/logo\/image\/","url":"https:\/\/usta.bf\/wp-content\/uploads\/2022\/07\/cropped-logo_site_web_beta2.fw_.png","contentUrl":"https:\/\/usta.bf\/wp-content\/uploads\/2022\/07\/cropped-logo_site_web_beta2.fw_.png","width":460,"height":126,"caption":"Universit\u00e9 Saint Thomas D&#039;Aquin  "},"image":{"@id":"https:\/\/usta.bf\/#\/schema\/logo\/image\/"},"sameAs":["https:\/\/www.facebook.com\/USTA\/","https:\/\/x.com\/ustabf"]}]}},"_links":{"self":[{"href":"https:\/\/usta.bf\/index.php?rest_route=\/wp\/v2\/pages\/892","targetHints":{"allow":["GET"]}}],"collection":[{"href":"https:\/\/usta.bf\/index.php?rest_route=\/wp\/v2\/pages"}],"about":[{"href":"https:\/\/usta.bf\/index.php?rest_route=\/wp\/v2\/types\/page"}],"author":[{"embeddable":true,"href":"https:\/\/usta.bf\/index.php?rest_route=\/wp\/v2\/users\/1"}],"replies":[{"embeddable":true,"href":"https:\/\/usta.bf\/index.php?rest_route=%2Fwp%2Fv2%2Fcomments&post=892"}],"version-history":[{"count":0,"href":"https:\/\/usta.bf\/index.php?rest_route=\/wp\/v2\/pages\/892\/revisions"}],"wp:attachment":[{"href":"https:\/\/usta.bf\/index.php?rest_route=%2Fwp%2Fv2%2Fmedia&parent=892"}],"curies":[{"name":"wp","href":"https:\/\/api.w.org\/{rel}","templated":true}]}}