{"id":983,"date":"2022-07-11T06:26:08","date_gmt":"2022-07-11T06:26:08","guid":{"rendered":"https:\/\/usta.bf\/?page_id=983"},"modified":"2022-07-11T06:26:08","modified_gmt":"2022-07-11T06:26:08","slug":"bibliotheque-de-lusta","status":"publish","type":"page","link":"https:\/\/usta.bf\/?page_id=983","title":{"rendered":"Biblioth\u00e8que de l\u2019USTA"},"content":{"rendered":"<p>La Biblioth\u00e8que universitaire centrale de l\u2019Universit\u00e9 Saint Thomas d\u2019Aquin (BUC\/USTA) a pour missions principales, l\u2019acquisition, le traitement et la communication de l\u2019information documentaire scientifique et technique au profit des \u00e9tudiants, des enseignants, des chercheurs et du personnel de l\u2019USTA.<\/p>\n<p>Elle dispose d\u2019un fonds documentaire d\u2019environ 9000 ouvrages (monographies, th\u00e8ses, m\u00e9moires, rapports, romans et quelques titres de p\u00e9riodiques).<\/p>\n<ul>\n<li><strong>Les acquisitions<\/strong><\/li>\n<\/ul>\n<p>Pour le d\u00e9veloppement des collections, trois types d\u2019acquisitions sont mises en place\u00a0:<\/p>\n<ul>\n<li><strong>L\u2019acquisition \u00e0 titre on\u00e9reux\u00a0: <\/strong>l\u2019acquisition annuelle par achat est le plus important moyen de d\u00e9veloppement des collections de la biblioth\u00e8que. Elle se fait sur commande et selon des crit\u00e8res de s\u00e9lection bien pr\u00e9cis.<\/li>\n<li><strong>les d\u00e9p\u00f4ts\u00a0: <\/strong>les d\u00e9p\u00f4ts de th\u00e8ses, m\u00e9moires et rapports des \u00e9tudiants en fin de cycle, contribuent \u00e9norm\u00e9ment \u00e0 l\u2019accroissement du fonds.<\/li>\n<li><strong>Les dons\u00a0:<\/strong> chaque ann\u00e9e, la BUC re\u00e7oit des documents \u00e0 titre gratuit de la part de personnes de bonne volont\u00e9 (ces documents sont accept\u00e9s dans la mesure o\u00f9 ils correspondent aux principes de d\u00e9veloppement des collections de la biblioth\u00e8que. Aussi la biblioth\u00e8que se r\u00e9serve le droit d\u2019op\u00e9rer des tris parmi les ouvrages donn\u00e9s et de ne garder que les documents qui compl\u00e8tent utilement les collections).<\/li>\n<li><strong>Le classement et la conservation<\/strong><\/li>\n<\/ul>\n<p>La BUC\/USTA est informatis\u00e9e \u00e0 l\u2019aide du logiciel documentaire PMB et a opt\u00e9 pour la classification d\u00e9cimale universelle (CDU) qui divise l\u2019ensemble des connaissances humaines en 10 classes de 0 \u00e0 10. L\u2019acc\u00e8s aux rayons est direct car, connaissant le titre ou le th\u00e8me d\u2019un document, il est possible de le retrouver facilement.<\/p>\n<ul>\n<li><strong>Conditions d\u2019acc\u00e8s et de pr\u00eat<\/strong><\/li>\n<\/ul>\n<p>La Biblioth\u00e8que universitaire de l\u2019Universit\u00e9 Saint Thomas d\u2019Aquin est ouverte aux \u00e9tudiants r\u00e9guli\u00e8rement inscrits, aux enseignants et au personnel de l\u2019USTA d\u00e9sireux d\u2019y effectuer des recherches ainsi qu\u2019aux \u00e9tudiants des institutions ayant une convention avec l\u2019USTA. Des personnes \u00e9trang\u00e8res \u00e0 l\u2019USTA peuvent \u00eatre autoris\u00e9es exceptionnellement \u00e0 acc\u00e9der \u00e0 la biblioth\u00e8que sur autorisation du Recteur ou du Responsable de la Biblioth\u00e8que.<\/p>\n<ul>\n<li>Pour les \u00e9tudiants, sur pr\u00e9sentation de leur carte de lecteur\u00a0;<\/li>\n<li>Pour les enseignants et le personnel administratif, sur pr\u00e9sentation de tout justificatif \u00e9tabli par l\u2019Universit\u00e9 ou toute autre pi\u00e8ce d\u2019identit\u00e9\u00a0;<\/li>\n<li>Pour le public ext\u00e9rieur, sur pr\u00e9sentation d\u2019une pi\u00e8ce d\u2019identit\u00e9, d\u2019une carte d\u2019\u00e9tudiant, d\u2019une carte professionnelle, ou d\u2019une autorisation exceptionnelle d\u00e9livr\u00e9e par le rectorat. Ils ne peuvent b\u00e9n\u00e9ficier que des consultations sur place.<\/li>\n<\/ul>\n<p>Pour les pr\u00eats, seul les \u00e9tudiants d\u00e9tenteurs d\u2019une carte de lecteur valide, les enseignants et le personnel de l\u2019USTA sont autoris\u00e9s. La dur\u00e9e du pr\u00eat est de 4 jours pour les \u00e9tudiants et 2 semaines pour les enseignants et le personnel, renouvelable une fois. Le quota est de deux documents par lecteur.<\/p>\n<p>Toute perte de la carte de lecteur, de la carte professionnelle, ou de toute autre pi\u00e8ce d\u2019identit\u00e9 qui fait office de carte de lecteur doit \u00eatre signal\u00e9e \u00e0 la biblioth\u00e8que dans les plus brefs d\u00e9lais. Chacun est personnellement responsable des documents emprunt\u00e9s avec sa carte.<\/p>\n<p>La carte est strictement personnelle, elle ne peut en aucun cas \u00eatre utilis\u00e9e par un tiers.<\/p>\n<ul>\n<li><strong>Conditions d\u2019inscription<\/strong><\/li>\n<\/ul>\n<p>Les pi\u00e8ces \u00e0 fournir pour l\u2019\u00e9tablissement de la carte de lecteur sont\u00a0:<\/p>\n<ul>\n<li>Une photo d\u2019identit\u00e9 r\u00e9cente\u00a0;<\/li>\n<li>Une copie de la carte d\u2019identit\u00e9 nationale ou de la carte d\u2019\u00e9tudiant\u00a0;<\/li>\n<li>Une copie du re\u00e7u de paiement des frais scolaire.<\/li>\n<\/ul>\n<p>NB\u00a0: la carte est renouvelable chaque ann\u00e9e.<\/p>\n<ul>\n<li><strong>Horaire d\u2019ouverture<\/strong><br \/>\nLa biblioth\u00e8que est ouverte du lundi au vendredi de 8h00 \u00e0 18h00 sans interruption. Une permanence est assur\u00e9e le samedi de 8h00 \u00e0 12h00. La biblioth\u00e8que est ferm\u00e9e le dimanche et les jours f\u00e9ri\u00e9s.<\/li>\n<li><strong>OPAC<\/strong><\/li>\n<\/ul>\n<p>Online Public Access Catalog. (Catalogue public en ligne). L&rsquo;OPAC est l&rsquo;interface du logiciel documentaire utilis\u00e9 par la BUC\/USTA \u00e0 destination des lecteurs. Il pr\u00e9sente le catalogue des documents de la biblioth\u00e8que\u00a0 et permet de faire des recherches sur ceux-ci.<\/p>\n<ul>\n<li><strong>Relations inter-biblioth\u00e8ques<\/strong><\/li>\n<\/ul>\n<p>L\u2019Universit\u00e9 Saint Thomas d\u2019Aquin a sign\u00e9 des conventions avec de nombreuses institutions d\u2019enseignement sup\u00e9rieur et de recherche. Ces partenariats pr\u00e9voient pour les \u00e9tudiants de l\u2019USTA, l\u2019acc\u00e8s aux biblioth\u00e8ques de ces institutions et vice-versa.<\/p>\n","protected":false},"excerpt":{"rendered":"<p>La Biblioth\u00e8que universitaire centrale de l\u2019Universit\u00e9 Saint Thomas d\u2019Aquin (BUC\/USTA) a pour missions principales, l\u2019acquisition, le traitement et la communication de l\u2019information documentaire scientifique et technique au profit des \u00e9tudiants, des enseignants, des chercheurs et du personnel de l\u2019USTA. Elle dispose d\u2019un fonds documentaire d\u2019environ 9000 ouvrages (monographies, th\u00e8ses, m\u00e9moires, rapports, romans et quelques titres [&hellip;]<\/p>\n","protected":false},"author":1,"featured_media":0,"parent":0,"menu_order":0,"comment_status":"closed","ping_status":"closed","template":"","meta":{"footnotes":""},"class_list":["post-983","page","type-page","status-publish","hentry"],"yoast_head":"<!-- This site is optimized with the Yoast SEO plugin v26.0 - https:\/\/yoast.com\/wordpress\/plugins\/seo\/ -->\n<title>Biblioth\u00e8que de l\u2019USTA - Universit\u00e9 Saint Thomas D&#039;Aquin<\/title>\n<meta name=\"robots\" content=\"index, follow, max-snippet:-1, max-image-preview:large, max-video-preview:-1\" \/>\n<link rel=\"canonical\" href=\"https:\/\/usta.bf\/?page_id=983\" \/>\n<meta property=\"og:locale\" content=\"fr_FR\" \/>\n<meta property=\"og:type\" content=\"article\" \/>\n<meta property=\"og:title\" content=\"Biblioth\u00e8que de l\u2019USTA - Universit\u00e9 Saint Thomas D&#039;Aquin\" \/>\n<meta property=\"og:description\" content=\"La Biblioth\u00e8que universitaire centrale de l\u2019Universit\u00e9 Saint Thomas d\u2019Aquin (BUC\/USTA) a pour missions principales, l\u2019acquisition, le traitement et la communication de l\u2019information documentaire scientifique et technique au profit des \u00e9tudiants, des enseignants, des chercheurs et du personnel de l\u2019USTA. Elle dispose d\u2019un fonds documentaire d\u2019environ 9000 ouvrages (monographies, th\u00e8ses, m\u00e9moires, rapports, romans et quelques titres [&hellip;]\" \/>\n<meta property=\"og:url\" content=\"https:\/\/usta.bf\/?page_id=983\" \/>\n<meta property=\"og:site_name\" content=\"Universit\u00e9 Saint Thomas D&#039;Aquin\" \/>\n<meta property=\"article:publisher\" content=\"https:\/\/www.facebook.com\/USTA\/\" \/>\n<meta name=\"twitter:card\" content=\"summary_large_image\" \/>\n<meta name=\"twitter:site\" content=\"@ustabf\" \/>\n<meta name=\"twitter:label1\" content=\"Dur\u00e9e de lecture estim\u00e9e\" \/>\n\t<meta name=\"twitter:data1\" content=\"4 minutes\" \/>\n<script type=\"application\/ld+json\" class=\"yoast-schema-graph\">{\"@context\":\"https:\/\/schema.org\",\"@graph\":[{\"@type\":\"WebPage\",\"@id\":\"https:\/\/usta.bf\/?page_id=983\",\"url\":\"https:\/\/usta.bf\/?page_id=983\",\"name\":\"Biblioth\u00e8que de l\u2019USTA - Universit\u00e9 Saint Thomas D&#039;Aquin\",\"isPartOf\":{\"@id\":\"https:\/\/usta.bf\/#website\"},\"datePublished\":\"2022-07-11T06:26:08+00:00\",\"breadcrumb\":{\"@id\":\"https:\/\/usta.bf\/?page_id=983#breadcrumb\"},\"inLanguage\":\"fr-FR\",\"potentialAction\":[{\"@type\":\"ReadAction\",\"target\":[\"https:\/\/usta.bf\/?page_id=983\"]}]},{\"@type\":\"BreadcrumbList\",\"@id\":\"https:\/\/usta.bf\/?page_id=983#breadcrumb\",\"itemListElement\":[{\"@type\":\"ListItem\",\"position\":1,\"name\":\"Accueil\",\"item\":\"https:\/\/usta.bf\/\"},{\"@type\":\"ListItem\",\"position\":2,\"name\":\"Biblioth\u00e8que de l\u2019USTA\"}]},{\"@type\":\"WebSite\",\"@id\":\"https:\/\/usta.bf\/#website\",\"url\":\"https:\/\/usta.bf\/\",\"name\":\"Universit\u00e9 Saint Thomas D&#039;Aquin\",\"description\":\"Veritas - Fides- Scientia\",\"publisher\":{\"@id\":\"https:\/\/usta.bf\/#organization\"},\"potentialAction\":[{\"@type\":\"SearchAction\",\"target\":{\"@type\":\"EntryPoint\",\"urlTemplate\":\"https:\/\/usta.bf\/?s={search_term_string}\"},\"query-input\":{\"@type\":\"PropertyValueSpecification\",\"valueRequired\":true,\"valueName\":\"search_term_string\"}}],\"inLanguage\":\"fr-FR\"},{\"@type\":\"Organization\",\"@id\":\"https:\/\/usta.bf\/#organization\",\"name\":\"Universit\u00e9 Saint Thomas D&#039;Aquin\",\"url\":\"https:\/\/usta.bf\/\",\"logo\":{\"@type\":\"ImageObject\",\"inLanguage\":\"fr-FR\",\"@id\":\"https:\/\/usta.bf\/#\/schema\/logo\/image\/\",\"url\":\"https:\/\/usta.bf\/wp-content\/uploads\/2022\/07\/cropped-logo_site_web_beta2.fw_.png\",\"contentUrl\":\"https:\/\/usta.bf\/wp-content\/uploads\/2022\/07\/cropped-logo_site_web_beta2.fw_.png\",\"width\":460,\"height\":126,\"caption\":\"Universit\u00e9 Saint Thomas D&#039;Aquin  \"},\"image\":{\"@id\":\"https:\/\/usta.bf\/#\/schema\/logo\/image\/\"},\"sameAs\":[\"https:\/\/www.facebook.com\/USTA\/\",\"https:\/\/x.com\/ustabf\"]}]}<\/script>\n<!-- \/ Yoast SEO plugin. -->","yoast_head_json":{"title":"Biblioth\u00e8que de l\u2019USTA - Universit\u00e9 Saint Thomas D&#039;Aquin","robots":{"index":"index","follow":"follow","max-snippet":"max-snippet:-1","max-image-preview":"max-image-preview:large","max-video-preview":"max-video-preview:-1"},"canonical":"https:\/\/usta.bf\/?page_id=983","og_locale":"fr_FR","og_type":"article","og_title":"Biblioth\u00e8que de l\u2019USTA - Universit\u00e9 Saint Thomas D&#039;Aquin","og_description":"La Biblioth\u00e8que universitaire centrale de l\u2019Universit\u00e9 Saint Thomas d\u2019Aquin (BUC\/USTA) a pour missions principales, l\u2019acquisition, le traitement et la communication de l\u2019information documentaire scientifique et technique au profit des \u00e9tudiants, des enseignants, des chercheurs et du personnel de l\u2019USTA. Elle dispose d\u2019un fonds documentaire d\u2019environ 9000 ouvrages (monographies, th\u00e8ses, m\u00e9moires, rapports, romans et quelques titres [&hellip;]","og_url":"https:\/\/usta.bf\/?page_id=983","og_site_name":"Universit\u00e9 Saint Thomas D&#039;Aquin","article_publisher":"https:\/\/www.facebook.com\/USTA\/","twitter_card":"summary_large_image","twitter_site":"@ustabf","twitter_misc":{"Dur\u00e9e de lecture estim\u00e9e":"4 minutes"},"schema":{"@context":"https:\/\/schema.org","@graph":[{"@type":"WebPage","@id":"https:\/\/usta.bf\/?page_id=983","url":"https:\/\/usta.bf\/?page_id=983","name":"Biblioth\u00e8que de l\u2019USTA - Universit\u00e9 Saint Thomas D&#039;Aquin","isPartOf":{"@id":"https:\/\/usta.bf\/#website"},"datePublished":"2022-07-11T06:26:08+00:00","breadcrumb":{"@id":"https:\/\/usta.bf\/?page_id=983#breadcrumb"},"inLanguage":"fr-FR","potentialAction":[{"@type":"ReadAction","target":["https:\/\/usta.bf\/?page_id=983"]}]},{"@type":"BreadcrumbList","@id":"https:\/\/usta.bf\/?page_id=983#breadcrumb","itemListElement":[{"@type":"ListItem","position":1,"name":"Accueil","item":"https:\/\/usta.bf\/"},{"@type":"ListItem","position":2,"name":"Biblioth\u00e8que de l\u2019USTA"}]},{"@type":"WebSite","@id":"https:\/\/usta.bf\/#website","url":"https:\/\/usta.bf\/","name":"Universit\u00e9 Saint Thomas D&#039;Aquin","description":"Veritas - Fides- Scientia","publisher":{"@id":"https:\/\/usta.bf\/#organization"},"potentialAction":[{"@type":"SearchAction","target":{"@type":"EntryPoint","urlTemplate":"https:\/\/usta.bf\/?s={search_term_string}"},"query-input":{"@type":"PropertyValueSpecification","valueRequired":true,"valueName":"search_term_string"}}],"inLanguage":"fr-FR"},{"@type":"Organization","@id":"https:\/\/usta.bf\/#organization","name":"Universit\u00e9 Saint Thomas D&#039;Aquin","url":"https:\/\/usta.bf\/","logo":{"@type":"ImageObject","inLanguage":"fr-FR","@id":"https:\/\/usta.bf\/#\/schema\/logo\/image\/","url":"https:\/\/usta.bf\/wp-content\/uploads\/2022\/07\/cropped-logo_site_web_beta2.fw_.png","contentUrl":"https:\/\/usta.bf\/wp-content\/uploads\/2022\/07\/cropped-logo_site_web_beta2.fw_.png","width":460,"height":126,"caption":"Universit\u00e9 Saint Thomas D&#039;Aquin  "},"image":{"@id":"https:\/\/usta.bf\/#\/schema\/logo\/image\/"},"sameAs":["https:\/\/www.facebook.com\/USTA\/","https:\/\/x.com\/ustabf"]}]}},"_links":{"self":[{"href":"https:\/\/usta.bf\/index.php?rest_route=\/wp\/v2\/pages\/983","targetHints":{"allow":["GET"]}}],"collection":[{"href":"https:\/\/usta.bf\/index.php?rest_route=\/wp\/v2\/pages"}],"about":[{"href":"https:\/\/usta.bf\/index.php?rest_route=\/wp\/v2\/types\/page"}],"author":[{"embeddable":true,"href":"https:\/\/usta.bf\/index.php?rest_route=\/wp\/v2\/users\/1"}],"replies":[{"embeddable":true,"href":"https:\/\/usta.bf\/index.php?rest_route=%2Fwp%2Fv2%2Fcomments&post=983"}],"version-history":[{"count":0,"href":"https:\/\/usta.bf\/index.php?rest_route=\/wp\/v2\/pages\/983\/revisions"}],"wp:attachment":[{"href":"https:\/\/usta.bf\/index.php?rest_route=%2Fwp%2Fv2%2Fmedia&parent=983"}],"curies":[{"name":"wp","href":"https:\/\/api.w.org\/{rel}","templated":true}]}}