{"id":989,"date":"2022-07-11T06:31:23","date_gmt":"2022-07-11T06:31:23","guid":{"rendered":"https:\/\/usta.bf\/?page_id=989"},"modified":"2022-07-11T06:31:23","modified_gmt":"2022-07-11T06:31:23","slug":"hebergement","status":"publish","type":"page","link":"https:\/\/usta.bf\/?page_id=989","title":{"rendered":"H\u00e9bergement"},"content":{"rendered":"<ul>\n<li><strong>La r\u00e9sidence universitaire<\/strong><\/li>\n<\/ul>\n<p>L\u2019USTA dispose d\u2019une r\u00e9sidence universitaire situ\u00e9 \u00e0 800 m de son campus principal \u00e0 Saaba.<\/p>\n<ul>\n<li><strong>Pr\u00e9sentation de la r\u00e9sidence universitaire<\/strong><\/li>\n<\/ul>\n<p>La r\u00e9sidence universitaire comporte un b\u00e2timent R+2 tenant lieu de dortoir d\u2019une capacit\u00e9 de 72 chambres contenant 144 lits. Elle accueille des \u00e9tudiants depuis 2009. Elle comporte \u00e9galement\u00a0un local am\u00e9nag\u00e9 pour l\u2019infirmerie, un secr\u00e9tariat, un b\u00e2timent annexe servant de restaurant, une buanderie, un jardin am\u00e9nag\u00e9 et une paillotte.<\/p>\n<ul>\n<li><strong>Conditions d\u2019acc\u00e8s pour les nouveaux inscrits \u00e0 l\u2019USTA (1<sup>\u00e8re<\/sup> ann\u00e9e de s\u00e9jour)<\/strong><\/li>\n<\/ul>\n<ol>\n<li>D\u00e9poser un dossier de demande d\u2019admission \u00e0 la r\u00e9sidence. Pour ce faire, retirer et remplir une <strong>pochette <\/strong>de demande\u00a0 d\u2019admission \u00e0 la r\u00e9sidence universitaire au prix de mille cinq cent (1\u00a0500) francs CFA\u00a0 aupr\u00e8s du secr\u00e9tariat de la r\u00e9sidence universitaire de l\u2019USTA\u00a0;<\/li>\n<li>Fournir deux (02) photos d\u2019identit\u00e9\u00a0;<\/li>\n<li>Etre inscrit \u00e0 l\u2019USTA par le paiement de la totalit\u00e9 ou d\u2019au moins la premi\u00e8re tranche des frais d\u2019inscription et de scolarit\u00e9.<\/li>\n<\/ol>\n<p>La pochette comprend un formulaire de demande d\u2019admission, des bulletins d\u2019examens m\u00e9dicaux\u00a0(les examens demand\u00e9s peuvent se faire dans un centre m\u00e9dical), une fiche d\u2019engagement de la r\u00e9sidence universitaire, une fiche de d\u00e9claration sur l\u2019honneur, une fiche d\u2019engagement d\u2019une caution personnelle et solidaire.<\/p>\n<p>En cas d\u2019admission \u00e0 la r\u00e9sidence, l\u2019int\u00e9ress\u00e9 doit \u00e9tablir une carte de r\u00e9sident obligatoire au prix de cinq cent (500) francs CFA.<\/p>\n<p>Les dossiers sont recevables durant la p\u00e9riode des inscriptions \u00e0 l\u2019USTA.<\/p>\n<ul>\n<li><strong>Conditions d\u2019acc\u00e8s pour les anciens r\u00e9sidents <\/strong><\/li>\n<li>Avoir d\u00e9pos\u00e9 une demande de r\u00e9admission \u00e0 la r\u00e9sidence\u00a0avant le d\u00e9but des vacances ;<\/li>\n<li>Etre inscrit \u00e0 l\u2019USTA par le paiement de la totalit\u00e9 ou d\u2019au moins la premi\u00e8re tranche des frais d\u2019inscription et de scolarit\u00e9.<\/li>\n<\/ul>\n<p>&nbsp;<\/p>\n<ul>\n<li><strong>Modalit\u00e9s de paiement du loyer et d\u2019occupation du logement<\/strong><\/li>\n<\/ul>\n<p>Le loyer mensuel s\u2019\u00e9l\u00e8ve \u00e0 seize mille <strong>(16\u00a0000<\/strong>) FCFA et se verse avant le 5 du mois suivant \u00e0 la Direction de l\u2019administration financi\u00e8re et comptable (DAFC) de l\u2019USTA.<\/p>\n<p>L\u2019\u00e9tudiant a la possibilit\u00e9 de verser la totalit\u00e9 des loyers ou de faire des versements partiels (1 ou plusieurs mois).<\/p>\n<p>Tout mois entam\u00e9 jusqu\u2019au 3<sup>\u00e8me<\/sup> jour est d\u00fb et ne saurait faire l\u2019objet d\u2019exception ou de d\u00e9rogation quelconques durant toute l\u2019ann\u00e9e acad\u00e9mique.<\/p>\n<p>Avant de pouvoir occuper la chambre qui lui a \u00e9t\u00e9 attribu\u00e9e, l\u2019\u00e9tudiant admis \u00e0 la r\u00e9sidence doit verser la somme de cinquante-deux mille (52\u00a0000) FCFA compos\u00e9e comme suit\u00a0: vingt mille (20\u00a0000) FCFA de caution + trente-deux mille (32\u00a0000) FCFA comme avance de deux mois de loyer.<\/p>\n<p>Sauf pour motif valable accept\u00e9 par l\u2019administration, toute lib\u00e9ration de la r\u00e9sidence avant le mois de mai entraine la retenue int\u00e9grale de la caution en sus des p\u00e9nalit\u00e9s dont un montant minimum de vingt-cinq mille (25\u00a0000) FCFA \u00e0 verser \u00e0 la comptabilit\u00e9.<\/p>\n<p><strong>NB\u00a0: La dur\u00e9e de s\u00e9jour \u00e0 la r\u00e9sidence est de deux (02) ans maximum.<\/strong><\/p>\n<ul>\n<li><strong>Restauration \u00e0 la r\u00e9sidence universitaire<\/strong><\/li>\n<\/ul>\n<p>Le restaurant est g\u00e9r\u00e9 par un <strong>prestataire priv\u00e9<\/strong>. Situ\u00e9 \u00e0 la r\u00e9sidence universitaire, il propose des menus pour le d\u00e9jeuner et le diner sous la formule de plats du jour, des boissons froides, des frites etc. Des possibilit\u00e9s d\u2019abonnement ou de consommation au jour le jour sont offertes.<\/p>\n<ul>\n<li><strong>S\u00e9curit\u00e9 \u00e0 la r\u00e9sidence universitaire<\/strong><\/li>\n<\/ul>\n<p>Une \u00e9quipe de vigiles se relaie pour assurer la s\u00e9curit\u00e9 des personnes et des biens \u00e0 la r\u00e9sidence. Un parking gard\u00e9 existe sur les lieux pour la s\u00e9curit\u00e9 des engins.<\/p>\n<ul>\n<li><strong>Logements \u00e0 proximit\u00e9<\/strong><\/li>\n<\/ul>\n<p>Il existe des logements \u00e0 proximit\u00e9 de l\u2019USTA qui sont construits par des promoteurs priv\u00e9s et propos\u00e9s aux \u00e9tudiants. Il appartient \u00e0 ceux qui le souhaitent de s\u2019y prendre t\u00f4t.<\/p>\n","protected":false},"excerpt":{"rendered":"<p>La r\u00e9sidence universitaire L\u2019USTA dispose d\u2019une r\u00e9sidence universitaire situ\u00e9 \u00e0 800 m de son campus principal \u00e0 Saaba. Pr\u00e9sentation de la r\u00e9sidence universitaire La r\u00e9sidence universitaire comporte un b\u00e2timent R+2 tenant lieu de dortoir d\u2019une capacit\u00e9 de 72 chambres contenant 144 lits. Elle accueille des \u00e9tudiants depuis 2009. Elle comporte \u00e9galement\u00a0un local am\u00e9nag\u00e9 pour l\u2019infirmerie, [&hellip;]<\/p>\n","protected":false},"author":1,"featured_media":0,"parent":0,"menu_order":0,"comment_status":"closed","ping_status":"closed","template":"","meta":{"footnotes":""},"class_list":["post-989","page","type-page","status-publish","hentry"],"yoast_head":"<!-- This site is optimized with the Yoast SEO plugin v26.0 - https:\/\/yoast.com\/wordpress\/plugins\/seo\/ -->\n<title>H\u00e9bergement - Universit\u00e9 Saint Thomas D&#039;Aquin<\/title>\n<meta name=\"robots\" content=\"index, follow, max-snippet:-1, max-image-preview:large, max-video-preview:-1\" \/>\n<link rel=\"canonical\" href=\"https:\/\/usta.bf\/?page_id=989\" \/>\n<meta property=\"og:locale\" content=\"fr_FR\" \/>\n<meta property=\"og:type\" content=\"article\" \/>\n<meta property=\"og:title\" content=\"H\u00e9bergement - Universit\u00e9 Saint Thomas D&#039;Aquin\" \/>\n<meta property=\"og:description\" content=\"La r\u00e9sidence universitaire L\u2019USTA dispose d\u2019une r\u00e9sidence universitaire situ\u00e9 \u00e0 800 m de son campus principal \u00e0 Saaba. Pr\u00e9sentation de la r\u00e9sidence universitaire La r\u00e9sidence universitaire comporte un b\u00e2timent R+2 tenant lieu de dortoir d\u2019une capacit\u00e9 de 72 chambres contenant 144 lits. Elle accueille des \u00e9tudiants depuis 2009. Elle comporte \u00e9galement\u00a0un local am\u00e9nag\u00e9 pour l\u2019infirmerie, [&hellip;]\" \/>\n<meta property=\"og:url\" content=\"https:\/\/usta.bf\/?page_id=989\" \/>\n<meta property=\"og:site_name\" content=\"Universit\u00e9 Saint Thomas D&#039;Aquin\" \/>\n<meta property=\"article:publisher\" content=\"https:\/\/www.facebook.com\/USTA\/\" \/>\n<meta name=\"twitter:card\" content=\"summary_large_image\" \/>\n<meta name=\"twitter:site\" content=\"@ustabf\" \/>\n<meta name=\"twitter:label1\" content=\"Dur\u00e9e de lecture estim\u00e9e\" \/>\n\t<meta name=\"twitter:data1\" content=\"3 minutes\" \/>\n<script type=\"application\/ld+json\" class=\"yoast-schema-graph\">{\"@context\":\"https:\/\/schema.org\",\"@graph\":[{\"@type\":\"WebPage\",\"@id\":\"https:\/\/usta.bf\/?page_id=989\",\"url\":\"https:\/\/usta.bf\/?page_id=989\",\"name\":\"H\u00e9bergement - Universit\u00e9 Saint Thomas D&#039;Aquin\",\"isPartOf\":{\"@id\":\"https:\/\/usta.bf\/#website\"},\"datePublished\":\"2022-07-11T06:31:23+00:00\",\"breadcrumb\":{\"@id\":\"https:\/\/usta.bf\/?page_id=989#breadcrumb\"},\"inLanguage\":\"fr-FR\",\"potentialAction\":[{\"@type\":\"ReadAction\",\"target\":[\"https:\/\/usta.bf\/?page_id=989\"]}]},{\"@type\":\"BreadcrumbList\",\"@id\":\"https:\/\/usta.bf\/?page_id=989#breadcrumb\",\"itemListElement\":[{\"@type\":\"ListItem\",\"position\":1,\"name\":\"Accueil\",\"item\":\"https:\/\/usta.bf\/\"},{\"@type\":\"ListItem\",\"position\":2,\"name\":\"H\u00e9bergement\"}]},{\"@type\":\"WebSite\",\"@id\":\"https:\/\/usta.bf\/#website\",\"url\":\"https:\/\/usta.bf\/\",\"name\":\"Universit\u00e9 Saint Thomas D&#039;Aquin\",\"description\":\"Veritas - Fides- Scientia\",\"publisher\":{\"@id\":\"https:\/\/usta.bf\/#organization\"},\"potentialAction\":[{\"@type\":\"SearchAction\",\"target\":{\"@type\":\"EntryPoint\",\"urlTemplate\":\"https:\/\/usta.bf\/?s={search_term_string}\"},\"query-input\":{\"@type\":\"PropertyValueSpecification\",\"valueRequired\":true,\"valueName\":\"search_term_string\"}}],\"inLanguage\":\"fr-FR\"},{\"@type\":\"Organization\",\"@id\":\"https:\/\/usta.bf\/#organization\",\"name\":\"Universit\u00e9 Saint Thomas D&#039;Aquin\",\"url\":\"https:\/\/usta.bf\/\",\"logo\":{\"@type\":\"ImageObject\",\"inLanguage\":\"fr-FR\",\"@id\":\"https:\/\/usta.bf\/#\/schema\/logo\/image\/\",\"url\":\"https:\/\/usta.bf\/wp-content\/uploads\/2022\/07\/cropped-logo_site_web_beta2.fw_.png\",\"contentUrl\":\"https:\/\/usta.bf\/wp-content\/uploads\/2022\/07\/cropped-logo_site_web_beta2.fw_.png\",\"width\":460,\"height\":126,\"caption\":\"Universit\u00e9 Saint Thomas D&#039;Aquin  \"},\"image\":{\"@id\":\"https:\/\/usta.bf\/#\/schema\/logo\/image\/\"},\"sameAs\":[\"https:\/\/www.facebook.com\/USTA\/\",\"https:\/\/x.com\/ustabf\"]}]}<\/script>\n<!-- \/ Yoast SEO plugin. -->","yoast_head_json":{"title":"H\u00e9bergement - Universit\u00e9 Saint Thomas D&#039;Aquin","robots":{"index":"index","follow":"follow","max-snippet":"max-snippet:-1","max-image-preview":"max-image-preview:large","max-video-preview":"max-video-preview:-1"},"canonical":"https:\/\/usta.bf\/?page_id=989","og_locale":"fr_FR","og_type":"article","og_title":"H\u00e9bergement - Universit\u00e9 Saint Thomas D&#039;Aquin","og_description":"La r\u00e9sidence universitaire L\u2019USTA dispose d\u2019une r\u00e9sidence universitaire situ\u00e9 \u00e0 800 m de son campus principal \u00e0 Saaba. Pr\u00e9sentation de la r\u00e9sidence universitaire La r\u00e9sidence universitaire comporte un b\u00e2timent R+2 tenant lieu de dortoir d\u2019une capacit\u00e9 de 72 chambres contenant 144 lits. Elle accueille des \u00e9tudiants depuis 2009. Elle comporte \u00e9galement\u00a0un local am\u00e9nag\u00e9 pour l\u2019infirmerie, [&hellip;]","og_url":"https:\/\/usta.bf\/?page_id=989","og_site_name":"Universit\u00e9 Saint Thomas D&#039;Aquin","article_publisher":"https:\/\/www.facebook.com\/USTA\/","twitter_card":"summary_large_image","twitter_site":"@ustabf","twitter_misc":{"Dur\u00e9e de lecture estim\u00e9e":"3 minutes"},"schema":{"@context":"https:\/\/schema.org","@graph":[{"@type":"WebPage","@id":"https:\/\/usta.bf\/?page_id=989","url":"https:\/\/usta.bf\/?page_id=989","name":"H\u00e9bergement - Universit\u00e9 Saint Thomas D&#039;Aquin","isPartOf":{"@id":"https:\/\/usta.bf\/#website"},"datePublished":"2022-07-11T06:31:23+00:00","breadcrumb":{"@id":"https:\/\/usta.bf\/?page_id=989#breadcrumb"},"inLanguage":"fr-FR","potentialAction":[{"@type":"ReadAction","target":["https:\/\/usta.bf\/?page_id=989"]}]},{"@type":"BreadcrumbList","@id":"https:\/\/usta.bf\/?page_id=989#breadcrumb","itemListElement":[{"@type":"ListItem","position":1,"name":"Accueil","item":"https:\/\/usta.bf\/"},{"@type":"ListItem","position":2,"name":"H\u00e9bergement"}]},{"@type":"WebSite","@id":"https:\/\/usta.bf\/#website","url":"https:\/\/usta.bf\/","name":"Universit\u00e9 Saint Thomas D&#039;Aquin","description":"Veritas - Fides- Scientia","publisher":{"@id":"https:\/\/usta.bf\/#organization"},"potentialAction":[{"@type":"SearchAction","target":{"@type":"EntryPoint","urlTemplate":"https:\/\/usta.bf\/?s={search_term_string}"},"query-input":{"@type":"PropertyValueSpecification","valueRequired":true,"valueName":"search_term_string"}}],"inLanguage":"fr-FR"},{"@type":"Organization","@id":"https:\/\/usta.bf\/#organization","name":"Universit\u00e9 Saint Thomas D&#039;Aquin","url":"https:\/\/usta.bf\/","logo":{"@type":"ImageObject","inLanguage":"fr-FR","@id":"https:\/\/usta.bf\/#\/schema\/logo\/image\/","url":"https:\/\/usta.bf\/wp-content\/uploads\/2022\/07\/cropped-logo_site_web_beta2.fw_.png","contentUrl":"https:\/\/usta.bf\/wp-content\/uploads\/2022\/07\/cropped-logo_site_web_beta2.fw_.png","width":460,"height":126,"caption":"Universit\u00e9 Saint Thomas D&#039;Aquin  "},"image":{"@id":"https:\/\/usta.bf\/#\/schema\/logo\/image\/"},"sameAs":["https:\/\/www.facebook.com\/USTA\/","https:\/\/x.com\/ustabf"]}]}},"_links":{"self":[{"href":"https:\/\/usta.bf\/index.php?rest_route=\/wp\/v2\/pages\/989","targetHints":{"allow":["GET"]}}],"collection":[{"href":"https:\/\/usta.bf\/index.php?rest_route=\/wp\/v2\/pages"}],"about":[{"href":"https:\/\/usta.bf\/index.php?rest_route=\/wp\/v2\/types\/page"}],"author":[{"embeddable":true,"href":"https:\/\/usta.bf\/index.php?rest_route=\/wp\/v2\/users\/1"}],"replies":[{"embeddable":true,"href":"https:\/\/usta.bf\/index.php?rest_route=%2Fwp%2Fv2%2Fcomments&post=989"}],"version-history":[{"count":0,"href":"https:\/\/usta.bf\/index.php?rest_route=\/wp\/v2\/pages\/989\/revisions"}],"wp:attachment":[{"href":"https:\/\/usta.bf\/index.php?rest_route=%2Fwp%2Fv2%2Fmedia&parent=989"}],"curies":[{"name":"wp","href":"https:\/\/api.w.org\/{rel}","templated":true}]}}