{"id":991,"date":"2022-07-11T06:32:09","date_gmt":"2022-07-11T06:32:09","guid":{"rendered":"https:\/\/usta.bf\/?page_id=991"},"modified":"2022-07-11T06:32:09","modified_gmt":"2022-07-11T06:32:09","slug":"restauration","status":"publish","type":"page","link":"https:\/\/usta.bf\/?page_id=991","title":{"rendered":"Restauration"},"content":{"rendered":"<p>La restauration \u00e0 l\u2019USTA est assur\u00e9e par un restaurant universitaire et des kiosques de restauration.<\/p>\n<ul>\n<li><strong>Restaurant universitaire\u00a0<\/strong><\/li>\n<\/ul>\n<p>Situ\u00e9 \u00e0 la r\u00e9sidence universitaire et g\u00e9r\u00e9 par un prestataire priv\u00e9, il propose des menus pour le d\u00e9jeuner et le diner sous la formule de plats du jour, des boissons froides, des frites etc. Des possibilit\u00e9s d\u2019abonnement ou de consommation au jour le jour sont offertes.<\/p>\n<p>&nbsp;<\/p>\n<ul>\n<li><strong>Kiosques de restauration\u00a0<\/strong><\/li>\n<\/ul>\n<p>Ils sont situ\u00e9s sur le campus et proposent des menus sous la formule de plats du jour, des sandwiches, des boissons chaudes ou froides, des grillades, des frites etc. Des possibilit\u00e9s d\u2019abonnement ou de consommation au jour le jour sont \u00e9galement offertes.<\/p>\n","protected":false},"excerpt":{"rendered":"<p>La restauration \u00e0 l\u2019USTA est assur\u00e9e par un restaurant universitaire et des kiosques de restauration. Restaurant universitaire\u00a0 Situ\u00e9 \u00e0 la r\u00e9sidence universitaire et g\u00e9r\u00e9 par un prestataire priv\u00e9, il propose des menus pour le d\u00e9jeuner et le diner sous la formule de plats du jour, des boissons froides, des frites etc. Des possibilit\u00e9s d\u2019abonnement ou [&hellip;]<\/p>\n","protected":false},"author":1,"featured_media":0,"parent":0,"menu_order":0,"comment_status":"closed","ping_status":"closed","template":"","meta":{"footnotes":""},"class_list":["post-991","page","type-page","status-publish","hentry"],"yoast_head":"<!-- This site is optimized with the Yoast SEO plugin v26.0 - https:\/\/yoast.com\/wordpress\/plugins\/seo\/ -->\n<title>Restauration - Universit\u00e9 Saint Thomas D&#039;Aquin<\/title>\n<meta name=\"robots\" content=\"index, follow, max-snippet:-1, max-image-preview:large, max-video-preview:-1\" \/>\n<link rel=\"canonical\" href=\"https:\/\/usta.bf\/?page_id=991\" \/>\n<meta property=\"og:locale\" content=\"fr_FR\" \/>\n<meta property=\"og:type\" content=\"article\" \/>\n<meta property=\"og:title\" content=\"Restauration - Universit\u00e9 Saint Thomas D&#039;Aquin\" \/>\n<meta property=\"og:description\" content=\"La restauration \u00e0 l\u2019USTA est assur\u00e9e par un restaurant universitaire et des kiosques de restauration. Restaurant universitaire\u00a0 Situ\u00e9 \u00e0 la r\u00e9sidence universitaire et g\u00e9r\u00e9 par un prestataire priv\u00e9, il propose des menus pour le d\u00e9jeuner et le diner sous la formule de plats du jour, des boissons froides, des frites etc. Des possibilit\u00e9s d\u2019abonnement ou [&hellip;]\" \/>\n<meta property=\"og:url\" content=\"https:\/\/usta.bf\/?page_id=991\" \/>\n<meta property=\"og:site_name\" content=\"Universit\u00e9 Saint Thomas D&#039;Aquin\" \/>\n<meta property=\"article:publisher\" content=\"https:\/\/www.facebook.com\/USTA\/\" \/>\n<meta name=\"twitter:card\" content=\"summary_large_image\" \/>\n<meta name=\"twitter:site\" content=\"@ustabf\" \/>\n<meta name=\"twitter:label1\" content=\"Dur\u00e9e de lecture estim\u00e9e\" \/>\n\t<meta name=\"twitter:data1\" content=\"1 minute\" \/>\n<script type=\"application\/ld+json\" class=\"yoast-schema-graph\">{\"@context\":\"https:\/\/schema.org\",\"@graph\":[{\"@type\":\"WebPage\",\"@id\":\"https:\/\/usta.bf\/?page_id=991\",\"url\":\"https:\/\/usta.bf\/?page_id=991\",\"name\":\"Restauration - Universit\u00e9 Saint Thomas D&#039;Aquin\",\"isPartOf\":{\"@id\":\"https:\/\/usta.bf\/#website\"},\"datePublished\":\"2022-07-11T06:32:09+00:00\",\"breadcrumb\":{\"@id\":\"https:\/\/usta.bf\/?page_id=991#breadcrumb\"},\"inLanguage\":\"fr-FR\",\"potentialAction\":[{\"@type\":\"ReadAction\",\"target\":[\"https:\/\/usta.bf\/?page_id=991\"]}]},{\"@type\":\"BreadcrumbList\",\"@id\":\"https:\/\/usta.bf\/?page_id=991#breadcrumb\",\"itemListElement\":[{\"@type\":\"ListItem\",\"position\":1,\"name\":\"Accueil\",\"item\":\"https:\/\/usta.bf\/\"},{\"@type\":\"ListItem\",\"position\":2,\"name\":\"Restauration\"}]},{\"@type\":\"WebSite\",\"@id\":\"https:\/\/usta.bf\/#website\",\"url\":\"https:\/\/usta.bf\/\",\"name\":\"Universit\u00e9 Saint Thomas D&#039;Aquin\",\"description\":\"Veritas - Fides- Scientia\",\"publisher\":{\"@id\":\"https:\/\/usta.bf\/#organization\"},\"potentialAction\":[{\"@type\":\"SearchAction\",\"target\":{\"@type\":\"EntryPoint\",\"urlTemplate\":\"https:\/\/usta.bf\/?s={search_term_string}\"},\"query-input\":{\"@type\":\"PropertyValueSpecification\",\"valueRequired\":true,\"valueName\":\"search_term_string\"}}],\"inLanguage\":\"fr-FR\"},{\"@type\":\"Organization\",\"@id\":\"https:\/\/usta.bf\/#organization\",\"name\":\"Universit\u00e9 Saint Thomas D&#039;Aquin\",\"url\":\"https:\/\/usta.bf\/\",\"logo\":{\"@type\":\"ImageObject\",\"inLanguage\":\"fr-FR\",\"@id\":\"https:\/\/usta.bf\/#\/schema\/logo\/image\/\",\"url\":\"https:\/\/usta.bf\/wp-content\/uploads\/2022\/07\/cropped-logo_site_web_beta2.fw_.png\",\"contentUrl\":\"https:\/\/usta.bf\/wp-content\/uploads\/2022\/07\/cropped-logo_site_web_beta2.fw_.png\",\"width\":460,\"height\":126,\"caption\":\"Universit\u00e9 Saint Thomas D&#039;Aquin  \"},\"image\":{\"@id\":\"https:\/\/usta.bf\/#\/schema\/logo\/image\/\"},\"sameAs\":[\"https:\/\/www.facebook.com\/USTA\/\",\"https:\/\/x.com\/ustabf\"]}]}<\/script>\n<!-- \/ Yoast SEO plugin. -->","yoast_head_json":{"title":"Restauration - Universit\u00e9 Saint Thomas D&#039;Aquin","robots":{"index":"index","follow":"follow","max-snippet":"max-snippet:-1","max-image-preview":"max-image-preview:large","max-video-preview":"max-video-preview:-1"},"canonical":"https:\/\/usta.bf\/?page_id=991","og_locale":"fr_FR","og_type":"article","og_title":"Restauration - Universit\u00e9 Saint Thomas D&#039;Aquin","og_description":"La restauration \u00e0 l\u2019USTA est assur\u00e9e par un restaurant universitaire et des kiosques de restauration. Restaurant universitaire\u00a0 Situ\u00e9 \u00e0 la r\u00e9sidence universitaire et g\u00e9r\u00e9 par un prestataire priv\u00e9, il propose des menus pour le d\u00e9jeuner et le diner sous la formule de plats du jour, des boissons froides, des frites etc. Des possibilit\u00e9s d\u2019abonnement ou [&hellip;]","og_url":"https:\/\/usta.bf\/?page_id=991","og_site_name":"Universit\u00e9 Saint Thomas D&#039;Aquin","article_publisher":"https:\/\/www.facebook.com\/USTA\/","twitter_card":"summary_large_image","twitter_site":"@ustabf","twitter_misc":{"Dur\u00e9e de lecture estim\u00e9e":"1 minute"},"schema":{"@context":"https:\/\/schema.org","@graph":[{"@type":"WebPage","@id":"https:\/\/usta.bf\/?page_id=991","url":"https:\/\/usta.bf\/?page_id=991","name":"Restauration - Universit\u00e9 Saint Thomas D&#039;Aquin","isPartOf":{"@id":"https:\/\/usta.bf\/#website"},"datePublished":"2022-07-11T06:32:09+00:00","breadcrumb":{"@id":"https:\/\/usta.bf\/?page_id=991#breadcrumb"},"inLanguage":"fr-FR","potentialAction":[{"@type":"ReadAction","target":["https:\/\/usta.bf\/?page_id=991"]}]},{"@type":"BreadcrumbList","@id":"https:\/\/usta.bf\/?page_id=991#breadcrumb","itemListElement":[{"@type":"ListItem","position":1,"name":"Accueil","item":"https:\/\/usta.bf\/"},{"@type":"ListItem","position":2,"name":"Restauration"}]},{"@type":"WebSite","@id":"https:\/\/usta.bf\/#website","url":"https:\/\/usta.bf\/","name":"Universit\u00e9 Saint Thomas D&#039;Aquin","description":"Veritas - Fides- Scientia","publisher":{"@id":"https:\/\/usta.bf\/#organization"},"potentialAction":[{"@type":"SearchAction","target":{"@type":"EntryPoint","urlTemplate":"https:\/\/usta.bf\/?s={search_term_string}"},"query-input":{"@type":"PropertyValueSpecification","valueRequired":true,"valueName":"search_term_string"}}],"inLanguage":"fr-FR"},{"@type":"Organization","@id":"https:\/\/usta.bf\/#organization","name":"Universit\u00e9 Saint Thomas D&#039;Aquin","url":"https:\/\/usta.bf\/","logo":{"@type":"ImageObject","inLanguage":"fr-FR","@id":"https:\/\/usta.bf\/#\/schema\/logo\/image\/","url":"https:\/\/usta.bf\/wp-content\/uploads\/2022\/07\/cropped-logo_site_web_beta2.fw_.png","contentUrl":"https:\/\/usta.bf\/wp-content\/uploads\/2022\/07\/cropped-logo_site_web_beta2.fw_.png","width":460,"height":126,"caption":"Universit\u00e9 Saint Thomas D&#039;Aquin  "},"image":{"@id":"https:\/\/usta.bf\/#\/schema\/logo\/image\/"},"sameAs":["https:\/\/www.facebook.com\/USTA\/","https:\/\/x.com\/ustabf"]}]}},"_links":{"self":[{"href":"https:\/\/usta.bf\/index.php?rest_route=\/wp\/v2\/pages\/991","targetHints":{"allow":["GET"]}}],"collection":[{"href":"https:\/\/usta.bf\/index.php?rest_route=\/wp\/v2\/pages"}],"about":[{"href":"https:\/\/usta.bf\/index.php?rest_route=\/wp\/v2\/types\/page"}],"author":[{"embeddable":true,"href":"https:\/\/usta.bf\/index.php?rest_route=\/wp\/v2\/users\/1"}],"replies":[{"embeddable":true,"href":"https:\/\/usta.bf\/index.php?rest_route=%2Fwp%2Fv2%2Fcomments&post=991"}],"version-history":[{"count":0,"href":"https:\/\/usta.bf\/index.php?rest_route=\/wp\/v2\/pages\/991\/revisions"}],"wp:attachment":[{"href":"https:\/\/usta.bf\/index.php?rest_route=%2Fwp%2Fv2%2Fmedia&parent=991"}],"curies":[{"name":"wp","href":"https:\/\/api.w.org\/{rel}","templated":true}]}}