{"id":993,"date":"2022-07-11T06:32:52","date_gmt":"2022-07-11T06:32:52","guid":{"rendered":"https:\/\/usta.bf\/?page_id=993"},"modified":"2022-07-11T06:32:52","modified_gmt":"2022-07-11T06:32:52","slug":"aumonerie","status":"publish","type":"page","link":"https:\/\/usta.bf\/?page_id=993","title":{"rendered":"Aum\u00f4nerie"},"content":{"rendered":"<p>L\u2019aum\u00f4nerie assure\u00a0:<\/p>\n<ul>\n<li>l\u2019organisation et la conduite de la pastorale des sacrements et des autres c\u00e9l\u00e9brations liturgiques\u00a0;<\/li>\n<li>l\u2019\u00e9coute-\u00e9change et l\u2019accompagnement des membres de la communaut\u00e9 universitaire qui le d\u00e9sirent\u00a0;<\/li>\n<li>la cr\u00e9ation, la redynamisation, la coordination et l\u2019accompagnement des communaut\u00e9s chr\u00e9tiennes de base (CCB), des mouvements d\u2019action catholique, de la chorale et des groupes de pri\u00e8re de l\u2019USTA\u00a0;<\/li>\n<li>l\u2019organisation de la formation pour les membres de la communaut\u00e9 universitaire.<\/li>\n<\/ul>\n<p>&nbsp;<\/p>\n<p><strong>Les communaut\u00e9s chr\u00e9tiennes de base, les mouvements d\u2019action catholique, les chorales et les groupes de pri\u00e8re pr\u00e9sents \u00e0 l\u2019USTA\u00a0:<\/strong><\/p>\n<ul>\n<li>La chorale de l\u2019USTA\u00a0;<\/li>\n<li>La communaut\u00e9 chr\u00e9tienne de base des travailleurs\u00a0;<\/li>\n<li>Le groupe de pri\u00e8re \u00ab\u00a0Misericordia\u00a0\u00bb<\/li>\n<li>La Jeunesse \u00e9tudiante catholique\u00a0(JEC) ;<\/li>\n<li>Le Mouvement eucharistique des jeunes (MEJ)\u00a0;<\/li>\n<li>Le scoutisme.<\/li>\n<\/ul>\n","protected":false},"excerpt":{"rendered":"<p>L\u2019aum\u00f4nerie assure\u00a0: l\u2019organisation et la conduite de la pastorale des sacrements et des autres c\u00e9l\u00e9brations liturgiques\u00a0; l\u2019\u00e9coute-\u00e9change et l\u2019accompagnement des membres de la communaut\u00e9 universitaire qui le d\u00e9sirent\u00a0; la cr\u00e9ation, la redynamisation, la coordination et l\u2019accompagnement des communaut\u00e9s chr\u00e9tiennes de base (CCB), des mouvements d\u2019action catholique, de la chorale et des groupes de pri\u00e8re de [&hellip;]<\/p>\n","protected":false},"author":1,"featured_media":0,"parent":0,"menu_order":0,"comment_status":"closed","ping_status":"closed","template":"","meta":{"footnotes":""},"class_list":["post-993","page","type-page","status-publish","hentry"],"yoast_head":"<!-- This site is optimized with the Yoast SEO plugin v26.0 - https:\/\/yoast.com\/wordpress\/plugins\/seo\/ -->\n<title>Aum\u00f4nerie - Universit\u00e9 Saint Thomas D&#039;Aquin<\/title>\n<meta name=\"robots\" content=\"index, follow, max-snippet:-1, max-image-preview:large, max-video-preview:-1\" \/>\n<link rel=\"canonical\" href=\"https:\/\/usta.bf\/?page_id=993\" \/>\n<meta property=\"og:locale\" content=\"fr_FR\" \/>\n<meta property=\"og:type\" content=\"article\" \/>\n<meta property=\"og:title\" content=\"Aum\u00f4nerie - Universit\u00e9 Saint Thomas D&#039;Aquin\" \/>\n<meta property=\"og:description\" content=\"L\u2019aum\u00f4nerie assure\u00a0: l\u2019organisation et la conduite de la pastorale des sacrements et des autres c\u00e9l\u00e9brations liturgiques\u00a0; l\u2019\u00e9coute-\u00e9change et l\u2019accompagnement des membres de la communaut\u00e9 universitaire qui le d\u00e9sirent\u00a0; la cr\u00e9ation, la redynamisation, la coordination et l\u2019accompagnement des communaut\u00e9s chr\u00e9tiennes de base (CCB), des mouvements d\u2019action catholique, de la chorale et des groupes de pri\u00e8re de [&hellip;]\" \/>\n<meta property=\"og:url\" content=\"https:\/\/usta.bf\/?page_id=993\" \/>\n<meta property=\"og:site_name\" content=\"Universit\u00e9 Saint Thomas D&#039;Aquin\" \/>\n<meta property=\"article:publisher\" content=\"https:\/\/www.facebook.com\/USTA\/\" \/>\n<meta name=\"twitter:card\" content=\"summary_large_image\" \/>\n<meta name=\"twitter:site\" content=\"@ustabf\" \/>\n<meta name=\"twitter:label1\" content=\"Dur\u00e9e de lecture estim\u00e9e\" \/>\n\t<meta name=\"twitter:data1\" content=\"1 minute\" \/>\n<script type=\"application\/ld+json\" class=\"yoast-schema-graph\">{\"@context\":\"https:\/\/schema.org\",\"@graph\":[{\"@type\":\"WebPage\",\"@id\":\"https:\/\/usta.bf\/?page_id=993\",\"url\":\"https:\/\/usta.bf\/?page_id=993\",\"name\":\"Aum\u00f4nerie - Universit\u00e9 Saint Thomas D&#039;Aquin\",\"isPartOf\":{\"@id\":\"https:\/\/usta.bf\/#website\"},\"datePublished\":\"2022-07-11T06:32:52+00:00\",\"breadcrumb\":{\"@id\":\"https:\/\/usta.bf\/?page_id=993#breadcrumb\"},\"inLanguage\":\"fr-FR\",\"potentialAction\":[{\"@type\":\"ReadAction\",\"target\":[\"https:\/\/usta.bf\/?page_id=993\"]}]},{\"@type\":\"BreadcrumbList\",\"@id\":\"https:\/\/usta.bf\/?page_id=993#breadcrumb\",\"itemListElement\":[{\"@type\":\"ListItem\",\"position\":1,\"name\":\"Accueil\",\"item\":\"https:\/\/usta.bf\/\"},{\"@type\":\"ListItem\",\"position\":2,\"name\":\"Aum\u00f4nerie\"}]},{\"@type\":\"WebSite\",\"@id\":\"https:\/\/usta.bf\/#website\",\"url\":\"https:\/\/usta.bf\/\",\"name\":\"Universit\u00e9 Saint Thomas D&#039;Aquin\",\"description\":\"Veritas - Fides- Scientia\",\"publisher\":{\"@id\":\"https:\/\/usta.bf\/#organization\"},\"potentialAction\":[{\"@type\":\"SearchAction\",\"target\":{\"@type\":\"EntryPoint\",\"urlTemplate\":\"https:\/\/usta.bf\/?s={search_term_string}\"},\"query-input\":{\"@type\":\"PropertyValueSpecification\",\"valueRequired\":true,\"valueName\":\"search_term_string\"}}],\"inLanguage\":\"fr-FR\"},{\"@type\":\"Organization\",\"@id\":\"https:\/\/usta.bf\/#organization\",\"name\":\"Universit\u00e9 Saint Thomas D&#039;Aquin\",\"url\":\"https:\/\/usta.bf\/\",\"logo\":{\"@type\":\"ImageObject\",\"inLanguage\":\"fr-FR\",\"@id\":\"https:\/\/usta.bf\/#\/schema\/logo\/image\/\",\"url\":\"https:\/\/usta.bf\/wp-content\/uploads\/2022\/07\/cropped-logo_site_web_beta2.fw_.png\",\"contentUrl\":\"https:\/\/usta.bf\/wp-content\/uploads\/2022\/07\/cropped-logo_site_web_beta2.fw_.png\",\"width\":460,\"height\":126,\"caption\":\"Universit\u00e9 Saint Thomas D&#039;Aquin  \"},\"image\":{\"@id\":\"https:\/\/usta.bf\/#\/schema\/logo\/image\/\"},\"sameAs\":[\"https:\/\/www.facebook.com\/USTA\/\",\"https:\/\/x.com\/ustabf\"]}]}<\/script>\n<!-- \/ Yoast SEO plugin. -->","yoast_head_json":{"title":"Aum\u00f4nerie - Universit\u00e9 Saint Thomas D&#039;Aquin","robots":{"index":"index","follow":"follow","max-snippet":"max-snippet:-1","max-image-preview":"max-image-preview:large","max-video-preview":"max-video-preview:-1"},"canonical":"https:\/\/usta.bf\/?page_id=993","og_locale":"fr_FR","og_type":"article","og_title":"Aum\u00f4nerie - Universit\u00e9 Saint Thomas D&#039;Aquin","og_description":"L\u2019aum\u00f4nerie assure\u00a0: l\u2019organisation et la conduite de la pastorale des sacrements et des autres c\u00e9l\u00e9brations liturgiques\u00a0; l\u2019\u00e9coute-\u00e9change et l\u2019accompagnement des membres de la communaut\u00e9 universitaire qui le d\u00e9sirent\u00a0; la cr\u00e9ation, la redynamisation, la coordination et l\u2019accompagnement des communaut\u00e9s chr\u00e9tiennes de base (CCB), des mouvements d\u2019action catholique, de la chorale et des groupes de pri\u00e8re de [&hellip;]","og_url":"https:\/\/usta.bf\/?page_id=993","og_site_name":"Universit\u00e9 Saint Thomas D&#039;Aquin","article_publisher":"https:\/\/www.facebook.com\/USTA\/","twitter_card":"summary_large_image","twitter_site":"@ustabf","twitter_misc":{"Dur\u00e9e de lecture estim\u00e9e":"1 minute"},"schema":{"@context":"https:\/\/schema.org","@graph":[{"@type":"WebPage","@id":"https:\/\/usta.bf\/?page_id=993","url":"https:\/\/usta.bf\/?page_id=993","name":"Aum\u00f4nerie - Universit\u00e9 Saint Thomas D&#039;Aquin","isPartOf":{"@id":"https:\/\/usta.bf\/#website"},"datePublished":"2022-07-11T06:32:52+00:00","breadcrumb":{"@id":"https:\/\/usta.bf\/?page_id=993#breadcrumb"},"inLanguage":"fr-FR","potentialAction":[{"@type":"ReadAction","target":["https:\/\/usta.bf\/?page_id=993"]}]},{"@type":"BreadcrumbList","@id":"https:\/\/usta.bf\/?page_id=993#breadcrumb","itemListElement":[{"@type":"ListItem","position":1,"name":"Accueil","item":"https:\/\/usta.bf\/"},{"@type":"ListItem","position":2,"name":"Aum\u00f4nerie"}]},{"@type":"WebSite","@id":"https:\/\/usta.bf\/#website","url":"https:\/\/usta.bf\/","name":"Universit\u00e9 Saint Thomas D&#039;Aquin","description":"Veritas - Fides- Scientia","publisher":{"@id":"https:\/\/usta.bf\/#organization"},"potentialAction":[{"@type":"SearchAction","target":{"@type":"EntryPoint","urlTemplate":"https:\/\/usta.bf\/?s={search_term_string}"},"query-input":{"@type":"PropertyValueSpecification","valueRequired":true,"valueName":"search_term_string"}}],"inLanguage":"fr-FR"},{"@type":"Organization","@id":"https:\/\/usta.bf\/#organization","name":"Universit\u00e9 Saint Thomas D&#039;Aquin","url":"https:\/\/usta.bf\/","logo":{"@type":"ImageObject","inLanguage":"fr-FR","@id":"https:\/\/usta.bf\/#\/schema\/logo\/image\/","url":"https:\/\/usta.bf\/wp-content\/uploads\/2022\/07\/cropped-logo_site_web_beta2.fw_.png","contentUrl":"https:\/\/usta.bf\/wp-content\/uploads\/2022\/07\/cropped-logo_site_web_beta2.fw_.png","width":460,"height":126,"caption":"Universit\u00e9 Saint Thomas D&#039;Aquin  "},"image":{"@id":"https:\/\/usta.bf\/#\/schema\/logo\/image\/"},"sameAs":["https:\/\/www.facebook.com\/USTA\/","https:\/\/x.com\/ustabf"]}]}},"_links":{"self":[{"href":"https:\/\/usta.bf\/index.php?rest_route=\/wp\/v2\/pages\/993","targetHints":{"allow":["GET"]}}],"collection":[{"href":"https:\/\/usta.bf\/index.php?rest_route=\/wp\/v2\/pages"}],"about":[{"href":"https:\/\/usta.bf\/index.php?rest_route=\/wp\/v2\/types\/page"}],"author":[{"embeddable":true,"href":"https:\/\/usta.bf\/index.php?rest_route=\/wp\/v2\/users\/1"}],"replies":[{"embeddable":true,"href":"https:\/\/usta.bf\/index.php?rest_route=%2Fwp%2Fv2%2Fcomments&post=993"}],"version-history":[{"count":0,"href":"https:\/\/usta.bf\/index.php?rest_route=\/wp\/v2\/pages\/993\/revisions"}],"wp:attachment":[{"href":"https:\/\/usta.bf\/index.php?rest_route=%2Fwp%2Fv2%2Fmedia&parent=993"}],"curies":[{"name":"wp","href":"https:\/\/api.w.org\/{rel}","templated":true}]}}