{"id":995,"date":"2022-07-11T06:33:39","date_gmt":"2022-07-11T06:33:39","guid":{"rendered":"https:\/\/usta.bf\/?page_id=995"},"modified":"2022-07-11T06:33:39","modified_gmt":"2022-07-11T06:33:39","slug":"sports-et-culture","status":"publish","type":"page","link":"https:\/\/usta.bf\/?page_id=995","title":{"rendered":"Sports et culture"},"content":{"rendered":"<p>La vie universitaire ne se limite aux cours, aux travaux de recherche, aux \u00e9valuations ou aux postes de travail. Il faut \u00e9galement se d\u00e9tendre, se d\u00e9penser. \u00c0 c\u00f4t\u00e9 des activit\u00e9s purement acad\u00e9miques, vous pouvez participer ou vous engager dans des activit\u00e9s sportives et culturelles.<\/p>\n<ul>\n<li><strong>Sports<\/strong><\/li>\n<\/ul>\n<p><em>\u00abLe sport va chercher la peur pour la dominer, la fatigue pour en triompher, la difficult\u00e9 pour la vaincre\u00a0\u00bb.<\/em> Pierre de Coubertin<\/p>\n<p>L\u2019Universit\u00e9 Saint Thomas d\u2019Aquin encourage et stimule la pratique du sport. Elle investit progressivement dans les \u00e9quipements et bient\u00f4t dans les infrastructures en vue d\u2019am\u00e9liorer les conditions de pratique des activit\u00e9s sportives. Les entrainements se d\u00e9roulent pour l\u2019instant sur des terrains d\u2019emprunt.<\/p>\n<ul>\n<li><strong>Les disciplines sportives <\/strong><\/li>\n<\/ul>\n<p>De nombreuses disciplines sportives sont pratiqu\u00e9es par les \u00e9tudiants de l\u2019USTA. Ce sont\u00a0: le football, le basketball, le handball, le volleyball, l\u2019athl\u00e9tisme etc. (hommes et dames).<\/p>\n<ul>\n<li><strong>Les activit\u00e9s sportives <\/strong><\/li>\n<\/ul>\n<p>La communaut\u00e9 universitaire propose une s\u00e9rie d\u2019activit\u00e9s sportives en interne comme\u00a0: les matchs interclasses, les matchs amicaux, la coupe du Recteur, le sport de masse etc.<\/p>\n<p>Elle prend part aussi \u00e0 des comp\u00e9titions interuniversitaires comme la coupe du CENOU, les jeux universitaires, l\u2019USSU BF etc.<\/p>\n<p>Inscrivez-vous dans les diff\u00e9rentes \u00e9quipes pour promouvoir votre sport favori \u00e0 l\u2019USTA\u00a0!<\/p>\n<p>Personne de contact\u00a0:<\/p>\n<ul>\n<li>Le Gestionnaire de la r\u00e9sidence universitaire et des activit\u00e9s sportives\u00a0;<\/li>\n<li>Le D\u00e9l\u00e9gu\u00e9 au sport.<\/li>\n<\/ul>\n<p>&nbsp;<\/p>\n<ul>\n<li><strong>Culture <\/strong><\/li>\n<li><strong>Objectifs<\/strong><\/li>\n<\/ul>\n<p>Les objectifs de l\u2019USTA en mati\u00e8re de culture et de loisirs sont\u00a0:<\/p>\n<ul>\n<li>d\u2019organiser, accompagner et encadrer les activit\u00e9s culturelles et artistiques des \u00e9tudiants ;<\/li>\n<li>de susciter ou permettre \u00e0 la communaut\u00e9 universitaire de se distraire et de d\u00e9couvrir les richesses culturelles locales et nationales ;<\/li>\n<li>d\u2019offrir aux \u00e9tudiants un cadre ad\u00e9quat et des aides pour une bonne expression de leurs talents artistiques et culturels\u00a0;<\/li>\n<li>de valoriser l\u2019image de l\u2019institution.<\/li>\n<\/ul>\n<p>&nbsp;<\/p>\n<ul>\n<li><strong>Organisations culturelles<\/strong><\/li>\n<\/ul>\n<p>Les organisations culturelles qui s\u2019expriment sur le campus sont\u00a0:<\/p>\n<ul>\n<li>La troupe th\u00e9\u00e2trale\u00a0;<\/li>\n<li>L\u2019orchestre musicale\u00a0;<\/li>\n<li>Le club de d\u00e9bats et d\u2019art oratoire.<\/li>\n<\/ul>\n<p>&nbsp;<\/p>\n<ul>\n<li><strong>Activit\u00e9s culturelles et de loisirs<\/strong><\/li>\n<\/ul>\n<p>Elles sont conduites par le bureau des \u00e9tudiants en g\u00e9n\u00e9ral et par des associations d\u2019\u00e9tudiants en particulier. Les activit\u00e9s culturelles et de loisirs sont organis\u00e9es autour des 72 heures de l\u2019int\u00e9gration, des journ\u00e9es culturelles, des soir\u00e9es culturelles, des comp\u00e9titions d\u2019art oratoire, des projections cin\u00e9matographiques, des bals, des kermesses, des voyages collectifs etc.<\/p>\n","protected":false},"excerpt":{"rendered":"<p>La vie universitaire ne se limite aux cours, aux travaux de recherche, aux \u00e9valuations ou aux postes de travail. Il faut \u00e9galement se d\u00e9tendre, se d\u00e9penser. \u00c0 c\u00f4t\u00e9 des activit\u00e9s purement acad\u00e9miques, vous pouvez participer ou vous engager dans des activit\u00e9s sportives et culturelles. Sports \u00abLe sport va chercher la peur pour la dominer, la [&hellip;]<\/p>\n","protected":false},"author":1,"featured_media":0,"parent":0,"menu_order":0,"comment_status":"closed","ping_status":"closed","template":"","meta":{"footnotes":""},"class_list":["post-995","page","type-page","status-publish","hentry"],"yoast_head":"<!-- This site is optimized with the Yoast SEO plugin v26.0 - https:\/\/yoast.com\/wordpress\/plugins\/seo\/ -->\n<title>Sports et culture - Universit\u00e9 Saint Thomas D&#039;Aquin<\/title>\n<meta name=\"robots\" content=\"index, follow, max-snippet:-1, max-image-preview:large, max-video-preview:-1\" \/>\n<link rel=\"canonical\" href=\"https:\/\/usta.bf\/?page_id=995\" \/>\n<meta property=\"og:locale\" content=\"fr_FR\" \/>\n<meta property=\"og:type\" content=\"article\" \/>\n<meta property=\"og:title\" content=\"Sports et culture - Universit\u00e9 Saint Thomas D&#039;Aquin\" \/>\n<meta property=\"og:description\" content=\"La vie universitaire ne se limite aux cours, aux travaux de recherche, aux \u00e9valuations ou aux postes de travail. Il faut \u00e9galement se d\u00e9tendre, se d\u00e9penser. \u00c0 c\u00f4t\u00e9 des activit\u00e9s purement acad\u00e9miques, vous pouvez participer ou vous engager dans des activit\u00e9s sportives et culturelles. Sports \u00abLe sport va chercher la peur pour la dominer, la [&hellip;]\" \/>\n<meta property=\"og:url\" content=\"https:\/\/usta.bf\/?page_id=995\" \/>\n<meta property=\"og:site_name\" content=\"Universit\u00e9 Saint Thomas D&#039;Aquin\" \/>\n<meta property=\"article:publisher\" content=\"https:\/\/www.facebook.com\/USTA\/\" \/>\n<meta name=\"twitter:card\" content=\"summary_large_image\" \/>\n<meta name=\"twitter:site\" content=\"@ustabf\" \/>\n<meta name=\"twitter:label1\" content=\"Dur\u00e9e de lecture estim\u00e9e\" \/>\n\t<meta name=\"twitter:data1\" content=\"2 minutes\" \/>\n<script type=\"application\/ld+json\" class=\"yoast-schema-graph\">{\"@context\":\"https:\/\/schema.org\",\"@graph\":[{\"@type\":\"WebPage\",\"@id\":\"https:\/\/usta.bf\/?page_id=995\",\"url\":\"https:\/\/usta.bf\/?page_id=995\",\"name\":\"Sports et culture - Universit\u00e9 Saint Thomas D&#039;Aquin\",\"isPartOf\":{\"@id\":\"https:\/\/usta.bf\/#website\"},\"datePublished\":\"2022-07-11T06:33:39+00:00\",\"breadcrumb\":{\"@id\":\"https:\/\/usta.bf\/?page_id=995#breadcrumb\"},\"inLanguage\":\"fr-FR\",\"potentialAction\":[{\"@type\":\"ReadAction\",\"target\":[\"https:\/\/usta.bf\/?page_id=995\"]}]},{\"@type\":\"BreadcrumbList\",\"@id\":\"https:\/\/usta.bf\/?page_id=995#breadcrumb\",\"itemListElement\":[{\"@type\":\"ListItem\",\"position\":1,\"name\":\"Accueil\",\"item\":\"https:\/\/usta.bf\/\"},{\"@type\":\"ListItem\",\"position\":2,\"name\":\"Sports et culture\"}]},{\"@type\":\"WebSite\",\"@id\":\"https:\/\/usta.bf\/#website\",\"url\":\"https:\/\/usta.bf\/\",\"name\":\"Universit\u00e9 Saint Thomas D&#039;Aquin\",\"description\":\"Veritas - Fides- Scientia\",\"publisher\":{\"@id\":\"https:\/\/usta.bf\/#organization\"},\"potentialAction\":[{\"@type\":\"SearchAction\",\"target\":{\"@type\":\"EntryPoint\",\"urlTemplate\":\"https:\/\/usta.bf\/?s={search_term_string}\"},\"query-input\":{\"@type\":\"PropertyValueSpecification\",\"valueRequired\":true,\"valueName\":\"search_term_string\"}}],\"inLanguage\":\"fr-FR\"},{\"@type\":\"Organization\",\"@id\":\"https:\/\/usta.bf\/#organization\",\"name\":\"Universit\u00e9 Saint Thomas D&#039;Aquin\",\"url\":\"https:\/\/usta.bf\/\",\"logo\":{\"@type\":\"ImageObject\",\"inLanguage\":\"fr-FR\",\"@id\":\"https:\/\/usta.bf\/#\/schema\/logo\/image\/\",\"url\":\"https:\/\/usta.bf\/wp-content\/uploads\/2022\/07\/cropped-logo_site_web_beta2.fw_.png\",\"contentUrl\":\"https:\/\/usta.bf\/wp-content\/uploads\/2022\/07\/cropped-logo_site_web_beta2.fw_.png\",\"width\":460,\"height\":126,\"caption\":\"Universit\u00e9 Saint Thomas D&#039;Aquin  \"},\"image\":{\"@id\":\"https:\/\/usta.bf\/#\/schema\/logo\/image\/\"},\"sameAs\":[\"https:\/\/www.facebook.com\/USTA\/\",\"https:\/\/x.com\/ustabf\"]}]}<\/script>\n<!-- \/ Yoast SEO plugin. -->","yoast_head_json":{"title":"Sports et culture - Universit\u00e9 Saint Thomas D&#039;Aquin","robots":{"index":"index","follow":"follow","max-snippet":"max-snippet:-1","max-image-preview":"max-image-preview:large","max-video-preview":"max-video-preview:-1"},"canonical":"https:\/\/usta.bf\/?page_id=995","og_locale":"fr_FR","og_type":"article","og_title":"Sports et culture - Universit\u00e9 Saint Thomas D&#039;Aquin","og_description":"La vie universitaire ne se limite aux cours, aux travaux de recherche, aux \u00e9valuations ou aux postes de travail. Il faut \u00e9galement se d\u00e9tendre, se d\u00e9penser. \u00c0 c\u00f4t\u00e9 des activit\u00e9s purement acad\u00e9miques, vous pouvez participer ou vous engager dans des activit\u00e9s sportives et culturelles. Sports \u00abLe sport va chercher la peur pour la dominer, la [&hellip;]","og_url":"https:\/\/usta.bf\/?page_id=995","og_site_name":"Universit\u00e9 Saint Thomas D&#039;Aquin","article_publisher":"https:\/\/www.facebook.com\/USTA\/","twitter_card":"summary_large_image","twitter_site":"@ustabf","twitter_misc":{"Dur\u00e9e de lecture estim\u00e9e":"2 minutes"},"schema":{"@context":"https:\/\/schema.org","@graph":[{"@type":"WebPage","@id":"https:\/\/usta.bf\/?page_id=995","url":"https:\/\/usta.bf\/?page_id=995","name":"Sports et culture - Universit\u00e9 Saint Thomas D&#039;Aquin","isPartOf":{"@id":"https:\/\/usta.bf\/#website"},"datePublished":"2022-07-11T06:33:39+00:00","breadcrumb":{"@id":"https:\/\/usta.bf\/?page_id=995#breadcrumb"},"inLanguage":"fr-FR","potentialAction":[{"@type":"ReadAction","target":["https:\/\/usta.bf\/?page_id=995"]}]},{"@type":"BreadcrumbList","@id":"https:\/\/usta.bf\/?page_id=995#breadcrumb","itemListElement":[{"@type":"ListItem","position":1,"name":"Accueil","item":"https:\/\/usta.bf\/"},{"@type":"ListItem","position":2,"name":"Sports et culture"}]},{"@type":"WebSite","@id":"https:\/\/usta.bf\/#website","url":"https:\/\/usta.bf\/","name":"Universit\u00e9 Saint Thomas D&#039;Aquin","description":"Veritas - Fides- Scientia","publisher":{"@id":"https:\/\/usta.bf\/#organization"},"potentialAction":[{"@type":"SearchAction","target":{"@type":"EntryPoint","urlTemplate":"https:\/\/usta.bf\/?s={search_term_string}"},"query-input":{"@type":"PropertyValueSpecification","valueRequired":true,"valueName":"search_term_string"}}],"inLanguage":"fr-FR"},{"@type":"Organization","@id":"https:\/\/usta.bf\/#organization","name":"Universit\u00e9 Saint Thomas D&#039;Aquin","url":"https:\/\/usta.bf\/","logo":{"@type":"ImageObject","inLanguage":"fr-FR","@id":"https:\/\/usta.bf\/#\/schema\/logo\/image\/","url":"https:\/\/usta.bf\/wp-content\/uploads\/2022\/07\/cropped-logo_site_web_beta2.fw_.png","contentUrl":"https:\/\/usta.bf\/wp-content\/uploads\/2022\/07\/cropped-logo_site_web_beta2.fw_.png","width":460,"height":126,"caption":"Universit\u00e9 Saint Thomas D&#039;Aquin  "},"image":{"@id":"https:\/\/usta.bf\/#\/schema\/logo\/image\/"},"sameAs":["https:\/\/www.facebook.com\/USTA\/","https:\/\/x.com\/ustabf"]}]}},"_links":{"self":[{"href":"https:\/\/usta.bf\/index.php?rest_route=\/wp\/v2\/pages\/995","targetHints":{"allow":["GET"]}}],"collection":[{"href":"https:\/\/usta.bf\/index.php?rest_route=\/wp\/v2\/pages"}],"about":[{"href":"https:\/\/usta.bf\/index.php?rest_route=\/wp\/v2\/types\/page"}],"author":[{"embeddable":true,"href":"https:\/\/usta.bf\/index.php?rest_route=\/wp\/v2\/users\/1"}],"replies":[{"embeddable":true,"href":"https:\/\/usta.bf\/index.php?rest_route=%2Fwp%2Fv2%2Fcomments&post=995"}],"version-history":[{"count":0,"href":"https:\/\/usta.bf\/index.php?rest_route=\/wp\/v2\/pages\/995\/revisions"}],"wp:attachment":[{"href":"https:\/\/usta.bf\/index.php?rest_route=%2Fwp%2Fv2%2Fmedia&parent=995"}],"curies":[{"name":"wp","href":"https:\/\/api.w.org\/{rel}","templated":true}]}}